{"id":1350,"date":"2025-04-15T13:46:18","date_gmt":"2025-04-15T19:46:18","guid":{"rendered":"https:\/\/advisory.nashgroup.com\/testimonios\/"},"modified":"2025-04-15T14:07:38","modified_gmt":"2025-04-15T20:07:38","slug":"testimonios","status":"publish","type":"page","link":"https:\/\/advisory.nashgroup.com\/es\/testimonios\/","title":{"rendered":"Testimonios"},"content":{"rendered":"\n<section id=\"section-g-776exma\" class=\"wp-block-gutentor-image-slider gutentor-section gutentor-image-slider imageSlider-template1\"><div class=\"gutentor-grid-item-wrap\"><div class=\"gutentor-slider-wrapper\" data-dots=\"true\" data-arrows=\"true\" data-infinite=\"false\" data-nextarrow=\"fas fa-angle-right\" data-prevarrow=\"fas fa-angle-left\" data-autoplay=\"true\" data-autoplayspeed=\"500\" data-fade=\"false\" data-speed=\"300\"><div class=\"gutentor-slider-item\"><div class=\"gutentor-single-item gutentor-single-item-0\"><div class=\"gutentor-single-item-wrap\"><div class=\"gutentor-single-item-image-box\"><div class=\"gutentor-image-thumb\"><img loading=\"lazy\" decoding=\"async\" class=\"normal-image\" src=\"https:\/\/advisory.nashgroup.com\/wp-content\/uploads\/2024\/11\/element-nash-analytics-1600x600-1-1.jpg\" alt=\"\" height=\"600\" width=\"1600\" \/><\/div><\/div><div class=\"gutentor-single-item-content\"><div class=\"grid-container\"><div class=\"slider-caption text-left\"><h3 class=\"gutentor-single-item-title\"><strong>Testimo<\/strong>nios<\/h3><p class=\"gutentor-single-item-desc\"><\/p><\/div><\/div><\/div><\/div><\/div><\/div><\/div><\/div><\/section>\n\n\n\n<section id=\"section-01f25d47-ede7-43c8-9385-01a721b60abf\" class=\"wp-block-gutentor-testimonial gutentor-section gutentor-testimonial testimonial-template3 has-color-bg has-custom-bg has-gutentor-block-shape-top\"><div class=\"gutentor-block-shape-top\"><span><svg xmlns=\"http:\/\/www.w3.org\/2000\/svg\" viewBox=\"0 0 1000 99\" preserveAspectRatio=\"none\"><path d=\"M526.35,17.11C607.41,28.38,687,48.17,768.06,59.5A1149.19,1149.19,0,0,0,1000,68.07V0H0V99C155.18,13.84,347.42-7.77,526.35,17.11Z\" transform=\"translate(0 0.04)\"><\/path><\/svg><\/span><\/div><div class=\"grid-container\"><div class=\"gutentor-block-header\"><div class=\"gutentor-section-title text-center\"><h2 class=\"gutentor-title\">Nuestros clientes nos creen<\/h2><\/div><\/div><div class=\"grid-row gutentor-grid-item-wrap\"><div class=\"gutentor-grid-column grid-lg-4 grid-md-4 grid-12\"><div class=\"gutentor-single-item gutentor-single-item-0\"><div class=\"gutentor-single-item-content\"><div class=\"gutentor-single-item-image-box\"><div class=\"gutentor-image-thumb\"><img loading=\"lazy\" decoding=\"async\" class=\"normal-image\" src=\"https:\/\/advisory.nashgroup.com\/wp-content\/uploads\/2025\/04\/viviana.jpg\" alt=\"\" height=\"166\" width=\"120\" \/><\/div><\/div><div class=\"gutentor-testimonial-content\"><div class=\"gutentor-testimonial-author\"><a class=\"gutentor-single-item-title-link\" href=\"#\" target=\"_blank\" rel=\"noopener noreferrer\"><h3 class=\"gutentor-single-item-title\"><strong><em>Viviana Daza<\/em><\/strong><\/h3><\/a><p class=\"gutentor-single-item-designation\">RN<\/p><\/div><p class=\"gutentor-single-item-desc\">Nursing Advisory es la m\u00e1s \u00fatil<br>Nursing Advisory Services es una empresa donde encontr\u00e9 un grupo de personas dispuestas en todo momento a facilitarte tu proceso de homologaci\u00f3n y preparaci\u00f3n para el NCLEX, brindando siempre informaci\u00f3n clara, s\u00faper atentos a cada inquietud y llev\u00e1ndome de la mano en cada uno de los pasos en el proceso, lo cual te asegura un proceso \u00e1gil, con el m\u00ednimo de p\u00e9rdida de tiempo y la tranquilidad de estar en las mejores manos para poder hacer tu sue\u00f1o realidad y poder convertirme en una enfermera registrada en Estados Unidos.<\/p><\/div><\/div><\/div><\/div><div class=\"gutentor-grid-column grid-lg-4 grid-md-4 grid-12\"><div class=\"gutentor-single-item gutentor-single-item-1\"><div class=\"gutentor-single-item-content\"><div class=\"gutentor-single-item-image-box\"><div class=\"gutentor-image-thumb\"><img loading=\"lazy\" decoding=\"async\" class=\"normal-image\" src=\"https:\/\/advisory.nashgroup.com\/wp-content\/uploads\/2025\/04\/Jorge-Suarez.jpg\" alt=\"\" height=\"142\" width=\"120\" \/><\/div><\/div><div class=\"gutentor-testimonial-content\"><div class=\"gutentor-testimonial-author\"><a class=\"gutentor-single-item-title-link\" href=\"#\" target=\"_blank\" rel=\"noopener noreferrer\"><h3 class=\"gutentor-single-item-title\"><strong><em>Jorge Ivan Suarez<\/em><\/strong><\/h3><\/a><p class=\"gutentor-single-item-designation\">RN<\/p><\/div><p class=\"gutentor-single-item-desc\">The Nash Group es una empresa en la que puedes confiar<br>The Nash Group es una empresa en la que puede confiar. Todo lo que nos dijeron que iba a suceder se hizo realidad. Estoy muy agradecido de haber trabajado con la empresa adecuada. Nos colocaron en un gran hospital.<\/p><\/div><\/div><\/div><\/div><div class=\"gutentor-grid-column grid-lg-4 grid-md-4 grid-12\"><div class=\"gutentor-single-item gutentor-single-item-2\"><div class=\"gutentor-single-item-content\"><div class=\"gutentor-single-item-image-box\"><div class=\"gutentor-image-thumb\"><img loading=\"lazy\" decoding=\"async\" class=\"normal-image\" src=\"https:\/\/advisory.nashgroup.com\/wp-content\/uploads\/2025\/04\/WhatsApp-Image-2021-12-23-at-3.09.36-PM.jpg\" alt=\"\" height=\"180\" width=\"120\" \/><\/div><\/div><div class=\"gutentor-testimonial-content\"><div class=\"gutentor-testimonial-author\"><a class=\"gutentor-single-item-title-link\" href=\"#\" target=\"_blank\" rel=\"noopener noreferrer\"><h3 class=\"gutentor-single-item-title\"><strong><em>Sandra Paola Vargas<\/em><\/strong><\/h3><\/a><p class=\"gutentor-single-item-designation\">RN<\/p><\/div><p class=\"gutentor-single-item-desc\">Nursing Advisory me ayudo a cumplir con mis sue\u00f1o<br>Con la ayuda de Nursing Advisory mi proceso de homologaci\u00f3n tuvo un resultado positivo. Encontr\u00e9 asesor\u00eda para realizar mi documentaci\u00f3n y gu\u00eda tanto personal como profesional ante las dudas que me surg\u00edan. Desde el principio conoc\u00ed los diferentes pasos para cumplir mi sue\u00f1o y de manera clara y objetiva se fue llevando a cabo cada uno de ellos con el adecuado acompa\u00f1amiento. Al final puedo decir que gracias a su apoyo y a mi constancia y displina hoy soy una enfermera registrada en los Estados Unidos.<\/p><\/div><\/div><\/div><\/div><\/div><\/div><\/section>\n\n\n\n<div class=\"wp-block-columns is-layout-flex wp-container-core-columns-is-layout-9d6595d7 wp-block-columns-is-layout-flex\">\n<div class=\"wp-block-column is-layout-flow wp-block-column-is-layout-flow\">\n<div style=\"height:41px\" aria-hidden=\"true\" class=\"wp-block-spacer\"><\/div>\n\n\n\n<h2 class=\"wp-block-heading has-text-align-center\">MIRA NUESTRAS CONVERSACIONES EN CURSO CON ENFERMERAS INTERNACIONALES<\/h2>\n\n\n\n<p class=\"has-text-align-center\">QUE COMPLETARON EL PROCESO Y AHORA TRABAJAN EN EE.UU.<\/p>\n<\/div>\n<\/div>\n\n\n\n<section id=\"section-g-l1nlm5y\" class=\"wp-block-gutentor-social gutentor-section gutentor-social social-template1\"><div class=\"grid-container\"><div class=\"grid-row gutentor-grid-item-wrap\"><div class=\"gutentor-grid-column gutentor-social-item grid-lg-12 grid-md-4 grid-12\"><div class=\"gutentor-single-item gutentor-single-item-0\"><div class=\"gutentor-single-item-content\"><div class=\"gutentor-single-item-icon-box\"><a class=\"gutentor-social-icon\" href=\"https:\/\/www.youtube.com\/channel\/UCgjPoHkePOUR-7O9YuMo-MA\" target=\"_blank\"><i class=\"fab fa-youtube\"><\/i><\/a><\/div><\/div><\/div><\/div><\/div><\/div><\/section>\n\n\n\n<div id=\"section-g-cec1b00\" class=\"wp-block-gutentor-e5 section-g-cec1b00 gutentor-element gutentor-element-icon gutentor-icon-default\"><div class=\"gutentor-element-icon-box\"><i class=\"fas fa-arrow-right\"><\/i><\/div><\/div>\n","protected":false},"excerpt":{"rendered":"<p>MIRA NUESTRAS CONVERSACIONES EN CURSO CON ENFERMERAS INTERNACIONALES QUE COMPLETARON EL PROCESO Y AHORA TRABAJAN EN EE.UU.<\/p>\n","protected":false},"author":1,"featured_media":0,"parent":0,"menu_order":0,"comment_status":"closed","ping_status":"closed","template":"template-gutentor-full-width.php","meta":{"_eb_attr":"","footnotes":""},"class_list":["post-1350","page","type-page","status-publish","hentry"],"_links":{"self":[{"href":"https:\/\/advisory.nashgroup.com\/es\/wp-json\/wp\/v2\/pages\/1350","targetHints":{"allow":["GET"]}}],"collection":[{"href":"https:\/\/advisory.nashgroup.com\/es\/wp-json\/wp\/v2\/pages"}],"about":[{"href":"https:\/\/advisory.nashgroup.com\/es\/wp-json\/wp\/v2\/types\/page"}],"author":[{"embeddable":true,"href":"https:\/\/advisory.nashgroup.com\/es\/wp-json\/wp\/v2\/users\/1"}],"replies":[{"embeddable":true,"href":"https:\/\/advisory.nashgroup.com\/es\/wp-json\/wp\/v2\/comments?post=1350"}],"version-history":[{"count":2,"href":"https:\/\/advisory.nashgroup.com\/es\/wp-json\/wp\/v2\/pages\/1350\/revisions"}],"predecessor-version":[{"id":1356,"href":"https:\/\/advisory.nashgroup.com\/es\/wp-json\/wp\/v2\/pages\/1350\/revisions\/1356"}],"wp:attachment":[{"href":"https:\/\/advisory.nashgroup.com\/es\/wp-json\/wp\/v2\/media?parent=1350"}],"curies":[{"name":"wp","href":"https:\/\/api.w.org\/{rel}","templated":true}]}}