{"id":923,"date":"2024-10-15T12:21:00","date_gmt":"2024-10-15T18:21:00","guid":{"rendered":"https:\/\/advisory.nashgroup.com\/inicia-tu-proceso\/"},"modified":"2025-04-14T12:25:54","modified_gmt":"2025-04-14T18:25:54","slug":"inicia-tu-proceso","status":"publish","type":"page","link":"https:\/\/advisory.nashgroup.com\/es\/inicia-tu-proceso\/","title":{"rendered":"Inicia tu proceso"},"content":{"rendered":"\n<section id=\"g-ll54fg2\" class=\"wp-block-gutentor-m4 section-g-ll54fg2 gutentor-module gutentor-advanced-columns has-gutentor-overlay\"><div class=\"grid-container\"><div class=\"grid-row\">\n<div id=\"col-g-ihh3ti3\" class=\"wp-block-gutentor-m4-col col-g-ihh3ti3 gutentor-single-column  grid-lg-8 grid-md-12 grid-12\"><div id=\"section-g-ihh3ti3\" class=\"section-g-ihh3ti3 gutentor-col-wrap\">\n<div style=\"height:40px\" aria-hidden=\"true\" class=\"wp-block-spacer\"><\/div>\n\n\n\n<h2 class=\"wp-block-heading\">Inicia tu proceso<\/h2>\n\n\n\n<p style=\"font-size:16px\">Si est\u00e1s lista para embarcarte en tu viaje para convertirte en enfermera estadounidense, programa una reuni\u00f3n con uno de nuestros asesores de Nash. Esta reuni\u00f3n pondr\u00e1 en marcha tu proceso, incluida la firma del Contrato de Servicios y el Derecho de Representaci\u00f3n.<\/p>\n\n\n\n<p style=\"font-size:16px\">Te rogamos que sigas las siguientes directrices para tu reuni\u00f3n con el asesor de Nash (el incumplimiento de las mismas puede dar lugar a la reprogramaci\u00f3n de la reuni\u00f3n):<\/p>\n\n\n\n<ul class=\"wp-block-list\">\n<li style=\"font-size:16px\">Llega a tiempo.<\/li>\n\n\n\n<li style=\"font-size:16px\">Elige un momento en el que puedas concentrarte plenamente sin interrupciones.<\/li>\n\n\n\n<li style=\"font-size:16px\">Trae los datos de tu pasaporte. Si tu pasaporte est\u00e1 en tr\u00e1mite, aseg\u00farate de que tienes tu documento nacional de identidad.<\/li>\n<\/ul>\n\n\n\n<p style=\"font-size:16px\">Las consultas con nuestro equipo se realizan a trav\u00e9s de la aplicaci\u00f3n Microsoft Teams. Si a\u00fan no lo has instalado, desc\u00e1rgate previamente Microsoft Teams en tu ordenador utilizando los botones que aparecen a continuaci\u00f3n.<\/p>\n\n\n\n<div id=\"section-g-r7ni6ix\" class=\"wp-block-gutentor-e2 section-g-r7ni6ix gutentor-element gutentor-element-button button-align-center-desktop\"><span class=\"gutentor-button-wrap\"><a class=\"gutentor-button gutentor-block-button gutentor-icon-hide\" href=\"https:\/\/outlook.office.com\/owa\/calendar\/ServiciodeAsesoria@nashgroup.com\/bookings\/s\/CaAa-WS__k-nHnuond4hhg2\"><i class=\"gutentor-button-icon fas fa-book\"><\/i><span>Reserva tu reuni\u00f3n<\/span><\/a><\/span><\/div>\n\n\n\n<div style=\"height:40px\" aria-hidden=\"true\" class=\"wp-block-spacer\"><\/div>\n<\/div><\/div>\n\n\n\n<div id=\"col-g-wvd1i14\" class=\"wp-block-gutentor-m4-col col-g-wvd1i14 gutentor-single-column  grid-lg-4 grid-md-12 grid-12\"><div id=\"section-g-wvd1i14\" class=\"section-g-wvd1i14 gutentor-col-wrap\">\n<div style=\"height:33px\" aria-hidden=\"true\" class=\"wp-block-spacer\"><\/div>\n\n\n\n<div id=\"section-g-bqqbyby\" class=\"wp-block-gutentor-e6 section-g-bqqbyby gutentor-element gutentor-element-image\"><div class=\"gutentor-element-image-box\"><div class=\"gutentor-image-thumb\"><img decoding=\"async\" class=\"normal-image\" src=\"https:\/\/advisory.nashgroup.com\/wp-content\/uploads\/2024\/09\/nurse01.png\" \/><\/div><\/div><\/div>\n<\/div><\/div>\n<\/div><\/div><\/section>\n\n\n\n<section id=\"gm34f30a4\" class=\"wp-block-gutentor-m4 section-gm34f30a4 gutentor-module gutentor-advanced-columns has-color-bg has-custom-bg\"><div class=\"grid-container\"><div class=\"grid-row\">\n<div id=\"col-gm40716f\" class=\"wp-block-gutentor-m4-col col-gm40716f gutentor-single-column  grid-lg-5 grid-md-12 grid-12\"><div id=\"section-gm40716f\" class=\"section-gm40716f gutentor-col-wrap\">\n<h2 class=\"wp-block-heading has-text-align-center\">Descargas<\/h2>\n\n\n\n<div id=\"gm85056be\" class=\"wp-block-gutentor-m1 section-gm85056be gutentor-module gutentor-element-button-group wow slideInUp g-btn-horizontal-d g-btn-horizontal-t g-btn-horizontal-m\" data-wow-animation=\"slideInUp\" data-wow-duration=\"1s\" data-wow-iteration=\"1\"><div class=\"gutentor-element-button-group-wrap\">\n<div id=\"section-gc86d15\" class=\"wp-block-gutentor-e2 section-gc86d15 gutentor-element gutentor-element-button gutentor-btn-full-mobile\"><span class=\"gutentor-button-wrap\"><a class=\"gutentor-button gutentor-block-button gutentor-icon-before\" href=\"https:\/\/apps.apple.com\/us\/app\/microsoft-teams\/id1113153706\"><i class=\"gutentor-button-icon fab fa-apple\"><\/i><span>Cons\u00edguelo en<br><strong>App Store<\/strong><\/span><\/a><\/span><\/div>\n\n\n\n<div id=\"section-gd1db56\" class=\"wp-block-gutentor-e2 section-gd1db56 gutentor-element gutentor-element-button gutentor-btn-full-mobile\"><span class=\"gutentor-button-wrap\"><a class=\"gutentor-button gutentor-block-button gutentor-icon-before\" href=\"https:\/\/play.google.com\/store\/apps\/details?id=com.microsoft.teams\"><i class=\"gutentor-button-icon fab fa-google-play\"><\/i><span>Cons\u00edguelo en<br><strong>Google Play<\/strong><\/span><\/a><\/span><\/div>\n\n\n\n<div id=\"section-g-1xps2te\" class=\"wp-block-gutentor-e2 section-g-1xps2te gutentor-element gutentor-element-button gutentor-btn-full-mobile\"><span class=\"gutentor-button-wrap\"><a class=\"gutentor-button gutentor-block-button gutentor-icon-before\" href=\"https:\/\/www.microsoft.com\/en-us\/microsoft-teams\/download-app\"><i class=\"gutentor-button-icon fas fa-laptop\"><\/i><span>Consigue la<strong>aplicaci\u00f3n de<\/strong> escritorio<br><\/span><\/a><\/span><\/div>\n<\/div><\/div>\n<\/div><\/div>\n\n\n\n<div id=\"col-gm8457f6\" class=\"wp-block-gutentor-m4-col col-gm8457f6 gutentor-single-column  grid-lg-7 grid-md-12 grid-12\"><div id=\"section-gm8457f6\" class=\"section-gm8457f6 gutentor-col-wrap\">\n<div id=\"section-g-3grt4ke\" class=\"wp-block-gutentor-e6 section-g-3grt4ke gutentor-element gutentor-element-image\"><div class=\"gutentor-element-image-box\"><div class=\"gutentor-image-thumb\"><img decoding=\"async\" class=\"normal-image\" src=\"https:\/\/advisory.nashgroup.com\/wp-content\/uploads\/2024\/10\/Smartphone-2.png\" \/><\/div><\/div><\/div>\n<\/div><\/div>\n<\/div><\/div><\/section>\n\n\n\n<p><\/p>\n","protected":false},"excerpt":{"rendered":"","protected":false},"author":1,"featured_media":0,"parent":0,"menu_order":0,"comment_status":"closed","ping_status":"closed","template":"template-gutentor-full-width.php","meta":{"_eb_attr":"","footnotes":""},"class_list":["post-923","page","type-page","status-publish","hentry"],"_links":{"self":[{"href":"https:\/\/advisory.nashgroup.com\/es\/wp-json\/wp\/v2\/pages\/923","targetHints":{"allow":["GET"]}}],"collection":[{"href":"https:\/\/advisory.nashgroup.com\/es\/wp-json\/wp\/v2\/pages"}],"about":[{"href":"https:\/\/advisory.nashgroup.com\/es\/wp-json\/wp\/v2\/types\/page"}],"author":[{"embeddable":true,"href":"https:\/\/advisory.nashgroup.com\/es\/wp-json\/wp\/v2\/users\/1"}],"replies":[{"embeddable":true,"href":"https:\/\/advisory.nashgroup.com\/es\/wp-json\/wp\/v2\/comments?post=923"}],"version-history":[{"count":2,"href":"https:\/\/advisory.nashgroup.com\/es\/wp-json\/wp\/v2\/pages\/923\/revisions"}],"predecessor-version":[{"id":1084,"href":"https:\/\/advisory.nashgroup.com\/es\/wp-json\/wp\/v2\/pages\/923\/revisions\/1084"}],"wp:attachment":[{"href":"https:\/\/advisory.nashgroup.com\/es\/wp-json\/wp\/v2\/media?parent=923"}],"curies":[{"name":"wp","href":"https:\/\/api.w.org\/{rel}","templated":true}]}}