{"id":950,"date":"2024-08-27T14:54:59","date_gmt":"2024-08-27T19:54:59","guid":{"rendered":"https:\/\/advisory.nashgroup.com\/politica-de-devoluciones-y-reembolsos\/"},"modified":"2026-01-13T08:47:20","modified_gmt":"2026-01-13T14:47:20","slug":"politica-de-devoluciones-y-reembolsos","status":"publish","type":"page","link":"https:\/\/advisory.nashgroup.com\/es\/politica-de-devoluciones-y-reembolsos\/","title":{"rendered":"Pol\u00edtica de devoluciones y reembolsos"},"content":{"rendered":"\n<h1 class=\"wp-block-heading has-text-align-center\">Pol\u00edtica de devoluciones y reembolsos<\/h1>\n\n\n\n<h3 class=\"wp-block-heading alignwide has-text-color has-link-color wp-elements-3dd9941d5d182e2b53db5f1487ad9692\" style=\"color:#3c4774\"><em><strong>LEE ATENTAMENTE ESTAS POL\u00cdTICAS DE USO ANTES DE ADQUIRIR CUALQUIERA DE NUESTROS SERVICIOS<\/strong><\/em><br><\/h3>\n\n\n\n<section id=\"g-nr3l3eg\" class=\"section-g-nr3l3eg gutentor-module gutentor-module-accordion\"><div class=\"grid-container\">\n<div id=\"g-yhy2k4b\" class=\"wp-block-gutentor-m6-item section-g-yhy2k4b gutentor-module gutentor-module-accordion-item\"><div class=\"gutentor-module-accordion-panel g-a-panel-g-nr3l3eg\"><div class=\"gm-ah-g-nr3l3eg gutentor-module-accordion-item-heading gutentor-module-icon-position-right\"><span class=\"gutentor-module-accordion-panel-handler\" role=\"button\"><span class=\"gutentor-module-accordion-panel-handler-label\">POL\u00cdTICAS DE VENTA:<\/span><span class=\"gutentor-module-accordion-icon\"><i class=\"gm-aio-g-nr3l3eg gutentor-module-accordion-icon-open fas fa-arrow-circle-down\"><\/i><i class=\"gm-aic-g-nr3l3eg gutentor-module-accordion-icon-close fas fa-arrow-alt-circle-up\"><\/i><\/span><\/span><\/div><div class=\"gm-ab-g-nr3l3eg gutentor-module-accordion-body\">\n<div id=\"section-g-3qsmair\" class=\"wp-block-gutentor-e0 section-g-3qsmair gutentor-element gutentor-element-advanced-text\"><div class=\"gutentor-text-wrap\"><p class=\"gutentor-text\">Todas las ventas se realizan en d\u00f3lares estadounidenses (USD). Puedes pagar a trav\u00e9s de nuestro TPV virtual utilizando<\/p><\/div><\/div>\n\n\n\n<div id=\"section-g-fw74g1w\" class=\"wp-block-gutentor-e7 section-g-fw74g1w gutentor-element gutentor-element-list\"><ul class=\"grid-row gutentor-grid-item-wrap list-style-none\"><li class=\"gutentor-list-item grid-lg-12 grid-md-12 grid-12\"><span class=\"gutentor-single-item gutentor-single-item-0\"><span class=\"gutentor-list-item-wrap g-s-list-wrap\"><span class=\"gutentor-list-item\"><p class=\"gutentor-single-item-title\">debit\/credit cards<\/p><\/span><\/span><\/span><\/li><li class=\"gutentor-list-item grid-lg-12 grid-md-12 grid-12\"><span class=\"gutentor-single-item gutentor-single-item-1\"><span class=\"gutentor-list-item-wrap g-s-list-wrap\"><span class=\"gutentor-list-item\"><p class=\"gutentor-single-item-title\">PayPal<\/p><\/span><\/span><\/span><\/li><\/ul><\/div>\n\n\n\n<div id=\"section-g-dci1z1a\" class=\"wp-block-gutentor-e0 section-g-dci1z1a gutentor-element gutentor-element-advanced-text\"><div class=\"gutentor-text-wrap\"><p class=\"gutentor-text\">El cliente es responsable de todos los gastos de transferencia. Para iniciar el proceso, reg\u00edstrate en nuestro sitio web o a trav\u00e9s de un enlace de uno de nuestros asociados. Una vez que confirmemos tu pago, tendr\u00e1s acceso a nuestros asesores.<\/p><\/div><\/div>\n<\/div><\/div><\/div>\n\n\n\n<div id=\"g-c7ar3bg\" class=\"wp-block-gutentor-m6-item section-g-c7ar3bg gutentor-module gutentor-module-accordion-item\"><div class=\"gutentor-module-accordion-panel g-a-panel-g-nr3l3eg\"><div class=\"gm-ah-g-nr3l3eg gutentor-module-accordion-item-heading gutentor-module-icon-position-right\"><span class=\"gutentor-module-accordion-panel-handler\" role=\"button\"><span class=\"gutentor-module-accordion-panel-handler-label\">POL\u00cdTICA DE DEVOLUCIONES:<\/span><span class=\"gutentor-module-accordion-icon\"><i class=\"gm-aio-g-nr3l3eg gutentor-module-accordion-icon-open fas fa-arrow-circle-down\"><\/i><i class=\"gm-aic-g-nr3l3eg gutentor-module-accordion-icon-close fas fa-arrow-alt-circle-up\"><\/i><\/span><\/span><\/div><div class=\"gm-ab-g-nr3l3eg gutentor-module-accordion-body\">\n<div id=\"section-g-wnsg182\" class=\"wp-block-gutentor-e1 section-g-wnsg182 gutentor-element gutentor-element-advanced-text\"><div class=\"gutentor-text-wrap\"><p class=\"gutentor-text\"><strong>Reembolsos<\/strong><\/p><\/div><\/div>\n\n\n\n<div id=\"section-g-mpr2smg\" class=\"wp-block-gutentor-e7 section-g-mpr2smg gutentor-element gutentor-element-list\"><ul class=\"grid-row gutentor-grid-item-wrap list-style-none\"><li class=\"gutentor-list-item grid-lg-12 grid-md-12 grid-12\"><span class=\"gutentor-single-item gutentor-single-item-0\"><span class=\"gutentor-list-item-wrap g-s-list-wrap\"><span class=\"gutentor-list-item\"><p class=\"gutentor-single-item-title\"><strong>Plazo de 30 d\u00edas:<\/strong> El asesor ofrece un <strong>reembolso completo<\/strong> si se solicita por escrito en un plazo <strong>de 30 d\u00edas <\/strong>a partir de la fecha del pago inicial.<\/p><\/span><\/span><\/span><\/li><li class=\"gutentor-list-item grid-lg-12 grid-md-12 grid-12\"><span class=\"gutentor-single-item gutentor-single-item-1\"><span class=\"gutentor-list-item-wrap g-s-list-wrap\"><span class=\"gutentor-list-item\"><p class=\"gutentor-single-item-title\"><strong>Despu\u00e9s de 30 d\u00edas:<\/strong> Las tarifas no son reembolsables.<\/p><\/span><\/span><\/span><\/li><\/ul><\/div>\n<\/div><\/div><\/div>\n\n\n\n<div id=\"g-g5t81q5\" class=\"wp-block-gutentor-m6-item section-g-g5t81q5 gutentor-module gutentor-module-accordion-item\"><div class=\"gutentor-module-accordion-panel g-a-panel-g-nr3l3eg\"><div class=\"gm-ah-g-nr3l3eg gutentor-module-accordion-item-heading gutentor-module-icon-position-right\"><span class=\"gutentor-module-accordion-panel-handler\" role=\"button\"><span class=\"gutentor-module-accordion-panel-handler-label\">RESPONSABILIDAD POR CANCELACI\u00d3N O RETIRADA ANTICIPADA<\/span><span class=\"gutentor-module-accordion-icon\"><i class=\"gm-aio-g-nr3l3eg gutentor-module-accordion-icon-open fas fa-arrow-circle-down\"><\/i><i class=\"gm-aic-g-nr3l3eg gutentor-module-accordion-icon-close fas fa-arrow-alt-circle-up\"><\/i><\/span><\/span><\/div><div class=\"gm-ab-g-nr3l3eg gutentor-module-accordion-body\">\n<div id=\"section-g-kaao9e2\" class=\"wp-block-gutentor-e0 section-g-kaao9e2 gutentor-element gutentor-element-advanced-text\"><div class=\"gutentor-text-wrap\"><p class=\"gutentor-text\">En caso de que se produzcan cambios, cancelaciones o retiradas anticipadas despu\u00e9s de 30 d\u00edas, el Cliente seguir\u00e1 siendo responsable de todos los pagos a plazos adeudados hasta la fecha de rescisi\u00f3n. Adem\u00e1s, el Cliente se compromete a pagar una indemnizaci\u00f3n por da\u00f1os y perjuicios de 1500 USD. Esta indemnizaci\u00f3n tiene por objeto compensar al Consultor por los gastos irrecuperables, la asignaci\u00f3n de recursos y los servicios prestados; se acuerda que se trata de una estimaci\u00f3n razonable de los da\u00f1os y perjuicios y no de una sanci\u00f3n.<br><\/p><\/div><\/div>\n<\/div><\/div><\/div>\n\n\n\n<div id=\"g-basxbqe\" class=\"wp-block-gutentor-m6-item section-g-basxbqe gutentor-module gutentor-module-accordion-item\"><div class=\"gutentor-module-accordion-panel g-a-panel-g-nr3l3eg\"><div class=\"gm-ah-g-nr3l3eg gutentor-module-accordion-item-heading gutentor-module-icon-position-right\"><span class=\"gutentor-module-accordion-panel-handler\" role=\"button\"><span class=\"gutentor-module-accordion-panel-handler-label\">PROCEDIMIENTOS PARA LA RESOLUCI\u00d3N DE PROBLEMAS:<\/span><span class=\"gutentor-module-accordion-icon\"><i class=\"gm-aio-g-nr3l3eg gutentor-module-accordion-icon-open fas fa-arrow-circle-down\"><\/i><i class=\"gm-aic-g-nr3l3eg gutentor-module-accordion-icon-close fas fa-arrow-alt-circle-up\"><\/i><\/span><\/span><\/div><div class=\"gm-ab-g-nr3l3eg gutentor-module-accordion-body\">\n<div id=\"section-g-y7m2ryh\" class=\"wp-block-gutentor-e0 section-g-y7m2ryh gutentor-element gutentor-element-advanced-text\"><div class=\"gutentor-text-wrap\"><p class=\"gutentor-text\">En caso de que el Cliente tenga alg\u00fan problema o reclamaci\u00f3n, deber\u00e1 ponerse en contacto primero con su asesor personal a trav\u00e9s de los canales de comunicaci\u00f3n habituales. Si el Cliente no obtiene una respuesta o resoluci\u00f3n satisfactoria, deber\u00e1 formalizar su reclamaci\u00f3n enviando un correo electr\u00f3nico a info@nursing-advisory.com y explicando de forma clara y concisa el problema que le ocupa.<\/p><\/div><\/div>\n\n\n\n<div id=\"section-g-mpr2smg\" class=\"wp-block-gutentor-e7 section-g-mpr2smg gutentor-element gutentor-element-list\"><ul class=\"grid-row gutentor-grid-item-wrap list-style-none\"><li class=\"gutentor-list-item grid-lg-12 grid-md-12 grid-12\"><span class=\"gutentor-single-item gutentor-single-item-0\"><span class=\"gutentor-list-item-wrap g-s-list-wrap\"><span class=\"gutentor-list-item\"><p class=\"gutentor-single-item-title\"><strong>Arbitraje<\/strong>: Tal y como se establece en la secci\u00f3n 6 del Acuerdo, cualquier disputa no resuelta se someter\u00e1 a arbitraje vinculante (ICDR) en lugar de a los tribunales, lo que garantiza su aplicabilidad internacional.<\/p><\/span><\/span><\/span><\/li><li class=\"gutentor-list-item grid-lg-12 grid-md-12 grid-12\"><span class=\"gutentor-single-item gutentor-single-item-1\"><span class=\"gutentor-list-item-wrap g-s-list-wrap\"><span class=\"gutentor-list-item\"><p class=\"gutentor-single-item-title\"><strong>Derechos sobre los datos<\/strong>: Las personas interesadas tienen derecho a acceder a sus datos personales, as\u00ed como a solicitar la rectificaci\u00f3n de los mismos y solicitar su eliminaci\u00f3n.<\/p><\/span><\/span><\/span><\/li><\/ul><\/div>\n<\/div><\/div><\/div>\n<\/div><\/section>\n","protected":false},"excerpt":{"rendered":"<p>Pol\u00edtica de devoluciones y reembolsos LEE ATENTAMENTE ESTAS POL\u00cdTICAS DE USO ANTES DE ADQUIRIR CUALQUIERA DE NUESTROS SERVICIOS<\/p>\n","protected":false},"author":1,"featured_media":0,"parent":0,"menu_order":0,"comment_status":"closed","ping_status":"closed","template":"","meta":{"_eb_attr":"","footnotes":""},"class_list":["post-950","page","type-page","status-publish","hentry"],"_links":{"self":[{"href":"https:\/\/advisory.nashgroup.com\/es\/wp-json\/wp\/v2\/pages\/950","targetHints":{"allow":["GET"]}}],"collection":[{"href":"https:\/\/advisory.nashgroup.com\/es\/wp-json\/wp\/v2\/pages"}],"about":[{"href":"https:\/\/advisory.nashgroup.com\/es\/wp-json\/wp\/v2\/types\/page"}],"author":[{"embeddable":true,"href":"https:\/\/advisory.nashgroup.com\/es\/wp-json\/wp\/v2\/users\/1"}],"replies":[{"embeddable":true,"href":"https:\/\/advisory.nashgroup.com\/es\/wp-json\/wp\/v2\/comments?post=950"}],"version-history":[{"count":4,"href":"https:\/\/advisory.nashgroup.com\/es\/wp-json\/wp\/v2\/pages\/950\/revisions"}],"predecessor-version":[{"id":30041,"href":"https:\/\/advisory.nashgroup.com\/es\/wp-json\/wp\/v2\/pages\/950\/revisions\/30041"}],"wp:attachment":[{"href":"https:\/\/advisory.nashgroup.com\/es\/wp-json\/wp\/v2\/media?parent=950"}],"curies":[{"name":"wp","href":"https:\/\/api.w.org\/{rel}","templated":true}]}}