{"id":956,"date":"2024-09-12T16:33:38","date_gmt":"2024-09-12T22:33:38","guid":{"rendered":"https:\/\/advisory.nashgroup.com\/nuestro-proceso\/"},"modified":"2025-04-14T17:41:57","modified_gmt":"2025-04-14T23:41:57","slug":"nuestro-proceso","status":"publish","type":"page","link":"https:\/\/advisory.nashgroup.com\/es\/nuestro-proceso\/","title":{"rendered":"Nuestro proceso"},"content":{"rendered":"\n<section id=\"home\" class=\"wp-block-gutentor-m4 section-gm7633c78 gutentor-module gutentor-advanced-columns has-color-bg has-custom-bg has-gutentor-block-shape-bottom gutentor-block-shape-bottom-bring-front\"><div class=\"grid-container\"><div class=\"grid-row\">\n<div id=\"col-gm62ebd5\" class=\"wp-block-gutentor-m4-col col-gm62ebd5 gutentor-single-column  grid-lg-6 grid-md-5 grid-12\"><div id=\"section-gm62ebd5\" class=\"section-gm62ebd5 gutentor-col-wrap\">\n<div id=\"section-gcba85b\" class=\"wp-block-gutentor-e0 section-gcba85b gutentor-element gutentor-element-advanced-text\"><div class=\"gutentor-text-wrap\"><h2 class=\"gutentor-text\"><strong>Nuestro proceso<\/strong><\/h2><\/div><\/div>\n\n\n\n<div id=\"section-g87e095\" class=\"wp-block-gutentor-e0 section-g87e095 gutentor-element gutentor-element-advanced-text\"><div class=\"gutentor-text-wrap\"><p class=\"gutentor-text\">Nuestros servicios est\u00e1n dise\u00f1ados para ayudar a todos los candidatos a enfermeros a acreditar sus t\u00edtulos y superar con \u00e9xito el examen de certificaci\u00f3n NCLEX-RN, lo que les permitir\u00e1 obtener la licencia como enfermeros en Estados Unidos. Una vez obtenida la licencia, los candidatos tendr\u00e1n la oportunidad de recibir ofertas de trabajo y proseguir su carrera profesional en EE.UU. a trav\u00e9s de los hospitales afiliados a The Nash Group.  <\/p><\/div><\/div>\n<\/div><\/div>\n\n\n\n<div id=\"col-gme841d0\" class=\"wp-block-gutentor-m4-col col-gme841d0 gutentor-single-column  grid-lg-6 grid-md-7 grid-12\"><div id=\"section-gme841d0\" class=\"section-gme841d0 gutentor-col-wrap\">\n<div id=\"section-ga31ec9\" class=\"wp-block-gutentor-e6 section-ga31ec9 gutentor-element gutentor-element-image text-align-right-mobile\"><div class=\"gutentor-element-image-box\"><div class=\"gutentor-image-thumb\"><img decoding=\"async\" class=\"normal-image\" src=\"https:\/\/advisory.nashgroup.com\/wp-content\/uploads\/2024\/09\/nurse01.png\" \/><\/div><\/div><\/div>\n<\/div><\/div>\n<\/div><\/div><div class=\"gutentor-block-shape-bottom\"><span><svg width=\"100%\" height=\"250px\" viewBox=\"0 0 1280 140\" preserveAspectRatio=\"none\" xmlns=\"http:\/\/www.w3.org\/2000\/svg\"><path d=\"M1280 0l-266 91.52a72.59 72.59 0 0 1-30.76 3.71L0 0v140h1280z\" fill-opacity=\".5\" \/><path d=\"M1280 0l-262.1 116.26a73.29 73.29 0 0 1-39.09 6L0 0v140h1280z\" \/><\/svg><\/span><\/div><\/section>\n\n\n\n<section id=\"section-ff30eff7-b5e1-45ec-982c-893809e30433\" class=\"wp-block-gutentor-timeline gutentor-section gutentor-timeline cssanimations timeline-template1 has-color-bg has-custom-bg\"><div class=\"grid-container\"><div class=\"gutentor-grid-item-wrap\"><div class=\"gutentor-timeline-wrapper\"><div class=\"gutentor-single-item gutentor-single-item-0 gutentor-even\"><div class=\"gutentor-timeline-item\"><div class=\"gutentor-single-item-wrap\"><div class=\"gutentor-timeline-item-circle\"><\/div><div class=\"gutentor-single-item-wrapper\"><div class=\"gutentor-single-item-content gutentor-timeline-item-content\"><div class=\"gutentor-timeline-item-org-title\"><h5 class=\"gutentor-timeline-item-heading-name\">Entrevista<\/h5><\/div><h3 class=\"gutentor-single-item-title\">Entrevista <\/h3><p class=\"gutentor-single-item-desc\">Evaluar las cualificaciones educativas y profesionales<\/p><\/div><\/div><\/div><\/div><\/div><div class=\"gutentor-single-item gutentor-single-item-1 gutentor-odd\"><div class=\"gutentor-timeline-item\"><div class=\"gutentor-single-item-wrap\"><div class=\"gutentor-timeline-item-circle\"><\/div><div class=\"gutentor-single-item-wrapper\"><div class=\"gutentor-single-item-content gutentor-timeline-item-content\"><div class=\"gutentor-timeline-item-org-title\"><h5 class=\"gutentor-timeline-item-heading-name\">Certificaci\u00f3n <\/h5><\/div><h3 class=\"gutentor-single-item-title\">Certificaci\u00f3n<\/h3><p class=\"gutentor-single-item-desc\">Evaluaci\u00f3n de la formaci\u00f3n y las licencias de enfermer\u00eda<br> <\/p><\/div><\/div><\/div><\/div><\/div><div class=\"gutentor-single-item gutentor-single-item-2 gutentor-even\"><div class=\"gutentor-timeline-item\"><div class=\"gutentor-single-item-wrap\"><div class=\"gutentor-timeline-item-circle\"><\/div><div class=\"gutentor-single-item-wrapper\"><div class=\"gutentor-single-item-content gutentor-timeline-item-content\"><div class=\"gutentor-timeline-item-org-title\"><h5 class=\"gutentor-timeline-item-heading-name\"> consejo nacional de licencias<br>examen para enfermero titulado<\/h5><\/div><h3 class=\"gutentor-single-item-title\">NCLEX-RN<\/h3><p class=\"gutentor-single-item-desc\">Examen nacional obligatorio para obtener la licencia de enfermer\u00eda en EE.UU. <\/p><\/div><\/div><\/div><\/div><\/div><div class=\"gutentor-single-item gutentor-single-item-3 gutentor-odd\"><div class=\"gutentor-timeline-item\"><div class=\"gutentor-single-item-wrap\"><div class=\"gutentor-timeline-item-circle\"><\/div><div class=\"gutentor-single-item-wrapper\"><div class=\"gutentor-single-item-content gutentor-timeline-item-content\"><div class=\"gutentor-timeline-item-org-title\"><h5 class=\"gutentor-timeline-item-heading-name\">Ingl\u00e9s<\/h5><\/div><h3 class=\"gutentor-single-item-title\">Ingl\u00e9s<\/h3><p class=\"gutentor-single-item-desc\">Examen de competencia del idioma ingl\u00e9s<\/p><\/div><\/div><\/div><\/div><\/div><div class=\"gutentor-single-item gutentor-single-item-4 gutentor-even\"><div class=\"gutentor-timeline-item\"><div class=\"gutentor-single-item-wrap\"><div class=\"gutentor-timeline-item-circle\"><\/div><div class=\"gutentor-single-item-wrapper\"><div class=\"gutentor-single-item-content gutentor-timeline-item-content\"><div class=\"gutentor-timeline-item-org-title\"><h5 class=\"gutentor-timeline-item-heading-name\">Preparaci\u00f3n<\/h5><\/div><h3 class=\"gutentor-single-item-title\">Preparaci\u00f3n<\/h3><p class=\"gutentor-single-item-desc\">1. Entrevista con el empresario<br>2. Sistema Hospitalario estadounidense<br>3. Transici\u00f3n<br><\/p><\/div><\/div><\/div><\/div><\/div><div class=\"gutentor-single-item gutentor-single-item-5 gutentor-odd\"><div class=\"gutentor-timeline-item\"><div class=\"gutentor-single-item-wrap\"><div class=\"gutentor-timeline-item-circle\"><\/div><div class=\"gutentor-single-item-wrapper\"><div class=\"gutentor-single-item-content gutentor-timeline-item-content\"><div class=\"gutentor-timeline-item-org-title\"><h5 class=\"gutentor-timeline-item-heading-name\">Empleo<\/h5><\/div><h3 class=\"gutentor-single-item-title\">Empleo<\/h3><p class=\"gutentor-single-item-desc\">1. Patrocinio para la inmigraci\u00f3n por el sistema hospitalario<br>2. Obtener un visado de residencia permanente<br>3. Servicios gratuitos de reubicaci\u00f3n y asimilaci\u00f3n<br>4. Empleo directo en el Hospitalario<\/p><\/div><\/div><\/div><\/div><\/div><\/div><\/div><\/div><\/section>\n","protected":false},"excerpt":{"rendered":"","protected":false},"author":1,"featured_media":0,"parent":0,"menu_order":0,"comment_status":"closed","ping_status":"closed","template":"template-gutentor-full-width.php","meta":{"_eb_attr":"","footnotes":""},"class_list":["post-956","page","type-page","status-publish","hentry"],"_links":{"self":[{"href":"https:\/\/advisory.nashgroup.com\/es\/wp-json\/wp\/v2\/pages\/956","targetHints":{"allow":["GET"]}}],"collection":[{"href":"https:\/\/advisory.nashgroup.com\/es\/wp-json\/wp\/v2\/pages"}],"about":[{"href":"https:\/\/advisory.nashgroup.com\/es\/wp-json\/wp\/v2\/types\/page"}],"author":[{"embeddable":true,"href":"https:\/\/advisory.nashgroup.com\/es\/wp-json\/wp\/v2\/users\/1"}],"replies":[{"embeddable":true,"href":"https:\/\/advisory.nashgroup.com\/es\/wp-json\/wp\/v2\/comments?post=956"}],"version-history":[{"count":2,"href":"https:\/\/advisory.nashgroup.com\/es\/wp-json\/wp\/v2\/pages\/956\/revisions"}],"predecessor-version":[{"id":1206,"href":"https:\/\/advisory.nashgroup.com\/es\/wp-json\/wp\/v2\/pages\/956\/revisions\/1206"}],"wp:attachment":[{"href":"https:\/\/advisory.nashgroup.com\/es\/wp-json\/wp\/v2\/media?parent=956"}],"curies":[{"name":"wp","href":"https:\/\/api.w.org\/{rel}","templated":true}]}}