{"id":960,"date":"2024-08-27T11:49:40","date_gmt":"2024-08-27T17:49:40","guid":{"rendered":"https:\/\/advisory.nashgroup.com\/preguntas-frecuentes\/"},"modified":"2025-04-14T12:30:52","modified_gmt":"2025-04-14T18:30:52","slug":"preguntas-frecuentes","status":"publish","type":"page","link":"https:\/\/advisory.nashgroup.com\/es\/preguntas-frecuentes\/","title":{"rendered":"PREGUNTAS FRECUENTES"},"content":{"rendered":"\n<section id=\"section-g-ff7oqqf\" class=\"wp-block-gutentor-image-slider gutentor-section gutentor-image-slider imageSlider-template1\"><div class=\"gutentor-grid-item-wrap\"><div class=\"gutentor-slider-wrapper\" data-dots=\"true\" data-arrows=\"true\" data-infinite=\"false\" data-nextarrow=\"fas fa-angle-right\" data-prevarrow=\"fas fa-angle-left\" data-autoplay=\"true\" data-autoplayspeed=\"500\" data-fade=\"false\" data-speed=\"300\"><div class=\"gutentor-slider-item\"><div class=\"gutentor-single-item gutentor-single-item-0\"><div class=\"gutentor-single-item-wrap\"><div class=\"gutentor-single-item-image-box\"><div class=\"gutentor-bg-image\"><\/div><\/div><div class=\"gutentor-single-item-content\"><div class=\"grid-container\"><div class=\"slider-caption text-right\"><h2 class=\"gutentor-single-item-title\">FAQ<\/h2><\/div><\/div><\/div><\/div><\/div><\/div><\/div><\/div><\/section>\n\n\n\n<section id=\"gm5474f00\" class=\"wp-block-gutentor-m4 section-gm5474f00 gutentor-module gutentor-advanced-columns has-color-bg has-custom-bg gutentor-equal-column-height\"><div class=\"grid-container gutentor-rm-ct-space-d\"><div class=\"grid-row gutentor-rm-row-space-d\">\n<div id=\"col-gm77e87e\" class=\"wp-block-gutentor-m4-col col-gm77e87e gutentor-single-column  grid-lg-6 grid-md-12 grid-12 gutentor-rm-col-space-d\"><div id=\"section-gm77e87e\" class=\"section-gm77e87e gutentor-col-wrap\">\n<div id=\"section-gf2e244\" class=\"wp-block-gutentor-e6 alignwide section-gf2e244 gutentor-element gutentor-element-image\"><div class=\"gutentor-element-image-box\"><div class=\"gutentor-bg-image\"><\/div><\/div><\/div>\n\n\n\n<p><\/p>\n<\/div><\/div>\n\n\n\n<div id=\"col-gma16606\" class=\"wp-block-gutentor-m4-col col-gma16606 gutentor-single-column  grid-lg-6 grid-md-12 grid-12 gutentor-rm-col-space-d\"><div id=\"section-gma16606\" class=\"section-gma16606 gutentor-col-wrap\">\n<div id=\"section-g115521\" class=\"wp-block-gutentor-e1 section-g115521 gutentor-element gutentor-element-advanced-text adv-text-c-desktop\"><div class=\"gutentor-text-wrap\"><h2 class=\"gutentor-text\">Preguntas frecuentes<\/h2><\/div><\/div>\n\n\n\n<section id=\"264e9a\" class=\"section-264e9a gutentor-module gutentor-module-accordion gutentor-module-accordion-enable-toggle\"><div class=\"grid-container\">\n<div id=\"3707d9\" class=\"wp-block-gutentor-m6-item section-3707d9 gutentor-module gutentor-module-accordion-item\"><div class=\"gutentor-module-accordion-panel g-a-panel-264e9a\"><div class=\"gm-ah-264e9a gutentor-module-accordion-item-heading gutentor-module-icon-position-left\"><span class=\"gutentor-module-accordion-panel-handler\" role=\"button\"><span class=\"gutentor-module-accordion-icon\"><i class=\"gm-aio-264e9a gutentor-module-accordion-icon-open fas fa-angle-down\"><\/i><i class=\"gm-aic-264e9a gutentor-module-accordion-icon-close fas fa-angle-up\"><\/i><\/span><span class=\"gutentor-module-accordion-panel-handler-label\"><strong>\u00bfCu\u00e1les son los requisitos para iniciar el proceso?<\/strong><\/span><\/span><\/div><div class=\"gm-ab-264e9a gutentor-module-accordion-body\">\n<div id=\"section-gd618ae\" class=\"wp-block-gutentor-e0 section-gd618ae gutentor-element gutentor-element-advanced-text\"><div class=\"gutentor-text-wrap\"><p class=\"gutentor-text\"><\/p><\/div><\/div>\n\n\n\n<section id=\"g-z0lluon\" class=\"wp-block-gutentor-m3 section-g-z0lluon gutentor-module gutentor-container-cover\"><div class=\"grid-container\">\n<ul style=\"color:#3c4774;font-size:16px\" class=\"wp-block-list has-text-color has-link-color wp-elements-1acf1321de8d2d62580eb3366a17c2d4\">\n<li><strong>Dominio del ingl\u00e9s:<\/strong> TOEFL total 83 puntos \/ verbal 26 puntos, o IELTS total 6,5 puntos \/ verbal 7,0 puntos (nivel B2)<\/li>\n\n\n\n<li><strong>Licencia de enfermer\u00eda:<\/strong> Licencia de enfermer\u00eda activa en tu pa\u00eds de origen<\/li>\n\n\n\n<li><strong>Experiencia cl\u00ednica:<\/strong> Al menos 1-2 a\u00f1os de experiencia cl\u00ednica antes de la entrevista de trabajo<\/li>\n\n\n\n<li><strong>Compromiso con la preparaci\u00f3n:<\/strong> Voluntad y dedicaci\u00f3n para preparar los ex\u00e1menes TOEFL\/IELTS y NCLEX-RN<\/li>\n<\/ul>\n<\/div><\/section>\n<\/div><\/div><\/div>\n\n\n\n<div id=\"6ddcb3\" class=\"wp-block-gutentor-m6-item section-6ddcb3 gutentor-module gutentor-module-accordion-item\"><div class=\"gutentor-module-accordion-panel g-a-panel-264e9a\"><div class=\"gm-ah-264e9a gutentor-module-accordion-item-heading gutentor-module-icon-position-left\"><span class=\"gutentor-module-accordion-panel-handler\" role=\"button\"><span class=\"gutentor-module-accordion-icon\"><i class=\"gm-aio-264e9a gutentor-module-accordion-icon-open fas fa-angle-down\"><\/i><i class=\"gm-aic-264e9a gutentor-module-accordion-icon-close fas fa-angle-up\"><\/i><\/span><span class=\"gutentor-module-accordion-panel-handler-label\"><strong>\u00bfEs necesario el ingl\u00e9s para iniciar el proceso?<\/strong><\/span><\/span><\/div><div class=\"gm-ab-264e9a gutentor-module-accordion-body\">\n<div id=\"section-g25afe5\" class=\"wp-block-gutentor-e0 section-g25afe5 gutentor-element gutentor-element-advanced-text\"><div class=\"gutentor-text-wrap\"><p class=\"gutentor-text\">Puedes obtener una licencia de enfermer\u00eda en Estados Unidos sin haber aprobado uno de los ex\u00e1menes de ingl\u00e9s homologados. Sin embargo, <strong>NO<\/strong> es posible completar el proceso de inmigraci\u00f3n sin haber aprobado un examen.<\/p><\/div><\/div>\n<\/div><\/div><\/div>\n\n\n\n<div id=\"6d1866\" class=\"wp-block-gutentor-m6-item section-6d1866 gutentor-module gutentor-module-accordion-item\"><div class=\"gutentor-module-accordion-panel g-a-panel-264e9a\"><div class=\"gm-ah-264e9a gutentor-module-accordion-item-heading gutentor-module-icon-position-left\"><span class=\"gutentor-module-accordion-panel-handler\" role=\"button\"><span class=\"gutentor-module-accordion-icon\"><i class=\"gm-aio-264e9a gutentor-module-accordion-icon-open fas fa-angle-down\"><\/i><i class=\"gm-aic-264e9a gutentor-module-accordion-icon-close fas fa-angle-up\"><\/i><\/span><span class=\"gutentor-module-accordion-panel-handler-label\"><strong>\u00bfEs Nash Advisory responsable de encontrarme un patrocinador en Estados Unidos?<\/strong><\/span><\/span><\/div><div class=\"gm-ab-264e9a gutentor-module-accordion-body\">\n<div id=\"section-ga81b51\" class=\"wp-block-gutentor-e0 section-ga81b51 gutentor-element gutentor-element-advanced-text\"><div class=\"gutentor-text-wrap\"><p class=\"gutentor-text\">No.<br>Desde el principio, trabajamos conjuntamente con The Nash Group. Ellos facilitan la preparaci\u00f3n de las entrevistas y presentan candidatos cualificados a las instituciones sanitarias estadounidenses que desean patrocinar a enfermeras extranjeras.<\/p><\/div><\/div>\n<\/div><\/div><\/div>\n\n\n\n<div id=\"c00fa2\" class=\"wp-block-gutentor-m6-item section-c00fa2 gutentor-module gutentor-module-accordion-item\"><div class=\"gutentor-module-accordion-panel g-a-panel-264e9a\"><div class=\"gm-ah-264e9a gutentor-module-accordion-item-heading gutentor-module-icon-position-left\"><span class=\"gutentor-module-accordion-panel-handler\" role=\"button\"><span class=\"gutentor-module-accordion-icon\"><i class=\"gm-aio-264e9a gutentor-module-accordion-icon-open fas fa-angle-down\"><\/i><i class=\"gm-aic-264e9a gutentor-module-accordion-icon-close fas fa-angle-up\"><\/i><\/span><span class=\"gutentor-module-accordion-panel-handler-label\"><strong>Una vez que un enfermero ha completado el proceso de homologaci\u00f3n, \u00bfqu\u00e9 tipo de oportunidades de empleo tiene a su disposici\u00f3n?<\/strong><\/span><\/span><\/div><div class=\"gm-ab-264e9a gutentor-module-accordion-body\">\n<div id=\"section-g5f9173\" class=\"wp-block-gutentor-e0 section-g5f9173 gutentor-element gutentor-element-advanced-text\"><div class=\"gutentor-text-wrap\"><p class=\"gutentor-text\">Las enfermeras\/os que completan el proceso de homologaci\u00f3n son contratadas directamente por los hospitales patrocinadores. Esto les proporciona las mismas prestaciones, derechos, oportunidades educativas y primas que a los dem\u00e1s empleados del hospital.<\/p><\/div><\/div>\n<\/div><\/div><\/div>\n<\/div><\/section>\n\n\n\n<p><\/p>\n<\/div><\/div>\n<\/div><\/div><\/section>\n","protected":false},"excerpt":{"rendered":"","protected":false},"author":1,"featured_media":0,"parent":0,"menu_order":0,"comment_status":"closed","ping_status":"closed","template":"template-gutentor-full-width.php","meta":{"_eb_attr":"","footnotes":""},"class_list":["post-960","page","type-page","status-publish","hentry"],"_links":{"self":[{"href":"https:\/\/advisory.nashgroup.com\/es\/wp-json\/wp\/v2\/pages\/960","targetHints":{"allow":["GET"]}}],"collection":[{"href":"https:\/\/advisory.nashgroup.com\/es\/wp-json\/wp\/v2\/pages"}],"about":[{"href":"https:\/\/advisory.nashgroup.com\/es\/wp-json\/wp\/v2\/types\/page"}],"author":[{"embeddable":true,"href":"https:\/\/advisory.nashgroup.com\/es\/wp-json\/wp\/v2\/users\/1"}],"replies":[{"embeddable":true,"href":"https:\/\/advisory.nashgroup.com\/es\/wp-json\/wp\/v2\/comments?post=960"}],"version-history":[{"count":2,"href":"https:\/\/advisory.nashgroup.com\/es\/wp-json\/wp\/v2\/pages\/960\/revisions"}],"predecessor-version":[{"id":1086,"href":"https:\/\/advisory.nashgroup.com\/es\/wp-json\/wp\/v2\/pages\/960\/revisions\/1086"}],"wp:attachment":[{"href":"https:\/\/advisory.nashgroup.com\/es\/wp-json\/wp\/v2\/media?parent=960"}],"curies":[{"name":"wp","href":"https:\/\/api.w.org\/{rel}","templated":true}]}}