{"id":963,"date":"2024-09-16T14:36:42","date_gmt":"2024-09-16T20:36:42","guid":{"rendered":"https:\/\/advisory.nashgroup.com\/por-que-nosotros\/"},"modified":"2025-04-14T12:23:18","modified_gmt":"2025-04-14T18:23:18","slug":"por-que-nosotros","status":"publish","type":"page","link":"https:\/\/advisory.nashgroup.com\/es\/por-que-nosotros\/","title":{"rendered":"Por qu\u00e9 nosotros"},"content":{"rendered":"\n<div id=\"individualized\"><\/div>\n\n\n\n<section id=\"section-g-59l9v6a\" class=\"wp-block-gutentor-featured-block alignwide gutentor-section gutentor-featured-block featured-template1 has-color-bg has-custom-bg\"><div class=\"grid-container\"><div class=\"gutentor-grid-item-wrap\"><div class=\"gutentor-single-item\"><div class=\"grid-row\"><div class=\"grid-md-6\"><div class=\"gutentor-single-item-image-box\"><div class=\"gutentor-image-thumb\"><img loading=\"lazy\" decoding=\"async\" class=\"normal-image\" src=\"https:\/\/advisory.nashgroup.com\/wp-content\/uploads\/2024\/09\/Nash-WEB-1.jpg\" alt=\"\" height=\"679\" width=\"679\" \/><\/div><\/div><\/div><div class=\"grid-md-6\"><div class=\"gutentor-single-item-content\"><div class=\"gutentor-featured-content\"><h3 class=\"gutentor-single-item-title\"><strong>Ayuda individualizada<\/strong><\/h3><p class=\"gutentor-single-item-desc\">Prosiga con confianza su carrera de enfermer\u00eda en EE.UU. con The Nash Group. Nuestro experimentado equipo le ofrece un apoyo integral, desde la inmigraci\u00f3n y la obtenci\u00f3n de licencias hasta la contrataci\u00f3n. Le guiaremos a trav\u00e9s de cada paso, asegurando una transici\u00f3n sin problemas a su nueva vida en los Estados Unidos.<\/p><\/div><\/div><\/div><\/div><\/div><\/div><\/div><\/section>\n\n\n\n<div id=\"nclex\"><\/div>\n\n\n\n<section id=\"section-9c416a8a-0e74-4e8c-b224-8def26775243\" class=\"wp-block-gutentor-about-block gutentor-section gutentor-about about-template4 has-color-bg has-custom-bg\"><div class=\"grid-container\"><div class=\"gutentor-grid-item-wrap\"><div class=\"gutentor-single-item\"><div class=\"grid-row\"><div class=\"grid-md-6 about-grid\"><div class=\"gutentor-single-item-content\"><div class=\"gutentor-about-content\"><h2 class=\"gutentor-single-item-title\">Preparaci\u00f3n para los ex\u00e1menes NCLEX-RN y de dominio del ingl\u00e9s <\/h2><p class=\"gutentor-single-item-desc\">El NCLEX-RN es el examen estandarizado que se exige a todos los enfermeros titulados de Estados Unidos. Para ayudarte a superar con \u00e9xito este paso crucial, The Nash Institute ofrece completos cursos de preparaci\u00f3n online adaptados a las enfermeras internacionales. Nuestro programa combina formaci\u00f3n ling\u00fc\u00edstica, repaso de contenidos de enfermer\u00eda y estrategias de realizaci\u00f3n de ex\u00e1menes para optimizar tu rendimiento en el examen.<br><br>Para mejorar a\u00fan m\u00e1s tus conocimientos de ingl\u00e9s, colaboramos con BSR Idiomas. Ofrecen una amplia gama de cursos de gran calidad, desde ingl\u00e9s general hasta preparaci\u00f3n especializada para ex\u00e1menes como TOEFL, IELTS y OET.<br>  <\/p><\/div><\/div><\/div><div class=\"grid-md-6 about-grid\"><div class=\"gutentor-single-item-image-box\"><div class=\"gutentor-image-thumb\"><img loading=\"lazy\" decoding=\"async\" class=\"normal-image\" src=\"https:\/\/advisory.nashgroup.com\/wp-content\/uploads\/2024\/10\/Nash-WEB-4-2.jpg\" alt=\"\" height=\"679\" width=\"679\" \/><\/div><\/div><\/div><\/div><\/div><\/div><\/div><\/section>\n\n\n\n<div id=\"direct\"><\/div>\n\n\n\n<section id=\"section-g-kjl49qx\" class=\"wp-block-gutentor-featured-block alignwide gutentor-section gutentor-featured-block featured-template1 has-color-bg has-custom-bg\"><div class=\"grid-container\"><div class=\"gutentor-grid-item-wrap\"><div class=\"gutentor-single-item\"><div class=\"grid-row\"><div class=\"grid-md-6\"><div class=\"gutentor-single-item-image-box\"><div class=\"gutentor-image-thumb\"><img loading=\"lazy\" decoding=\"async\" class=\"normal-image\" src=\"https:\/\/advisory.nashgroup.com\/wp-content\/uploads\/2024\/09\/Nash-WEB-2.jpg\" alt=\"\" height=\"679\" width=\"679\" \/><\/div><\/div><\/div><div class=\"grid-md-6\"><div class=\"gutentor-single-item-content\"><div class=\"gutentor-featured-content\"><h3 class=\"gutentor-single-item-title\"><strong>CONTRATACI\u00d3N DIRECTA en Hopitalarios de EE.UU.<\/strong><\/h3><p class=\"gutentor-single-item-desc\">Nuestras enfermeras son contratadas directamente en el sistema Hospitalario como empleadas permanentes, lo que les garantiza salarios competitivos, amplios paquetes de prestaciones y seguridad laboral. A diferencia de los trabajadores contratados, nuestras enfermeras disfrutan de los mismos privilegios y oportunidades que el resto del personal.<\/p><\/div><\/div><\/div><\/div><\/div><\/div><\/div><\/section>\n\n\n\n<div id=\"support\"><\/div>\n\n\n\n<section id=\"section-g-tkhr9ol\" class=\"wp-block-gutentor-about-block gutentor-section gutentor-about about-template4 has-color-bg has-custom-bg\"><div class=\"grid-container\"><div class=\"gutentor-grid-item-wrap\"><div class=\"gutentor-single-item\"><div class=\"grid-row\"><div class=\"grid-md-6 about-grid\"><div class=\"gutentor-single-item-content\"><div class=\"gutentor-about-content\"><h2 class=\"gutentor-single-item-title\">Apoyo en la transici\u00f3n a tu nueva vida en EE.UU.<\/h2><p class=\"gutentor-single-item-desc\">Estamos contigo en cada paso del camino. Nuestro equipo especializado te ofrece un apoyo integral, que incluye la homologaci\u00f3n de la licencia, inmigraci\u00f3n, alojamiento y orientaci\u00f3n cultural, para garantizar una transici\u00f3n satisfactoria a tu nueva vida en EE.UU.<br><br>Inf\u00f3rmate sobre nuestro proceso en una reuni\u00f3n informativa.<br>  <\/p><a class=\"gutentor-button gutentor-single-item-button gutentor-icon-hide\" href=\"https:\/\/www.nursing-advisory.com\/reunion-informativa\/\"><i class=\"gutentor-button-icon fas fa-book\"><\/i><span>reuni\u00f3n informativa<\/span><\/a><\/div><\/div><\/div><div class=\"grid-md-6 about-grid\"><div class=\"gutentor-single-item-image-box\"><div class=\"gutentor-image-thumb\"><img loading=\"lazy\" decoding=\"async\" class=\"normal-image\" src=\"https:\/\/advisory.nashgroup.com\/wp-content\/uploads\/2024\/10\/Nash-WEB-3-2.jpg\" alt=\"\" height=\"679\" width=\"679\" \/><\/div><\/div><\/div><\/div><\/div><\/div><\/div><\/section>\n","protected":false},"excerpt":{"rendered":"","protected":false},"author":1,"featured_media":0,"parent":0,"menu_order":0,"comment_status":"closed","ping_status":"closed","template":"template-gutentor-full-width.php","meta":{"_eb_attr":"","footnotes":""},"class_list":["post-963","page","type-page","status-publish","hentry"],"_links":{"self":[{"href":"https:\/\/advisory.nashgroup.com\/es\/wp-json\/wp\/v2\/pages\/963","targetHints":{"allow":["GET"]}}],"collection":[{"href":"https:\/\/advisory.nashgroup.com\/es\/wp-json\/wp\/v2\/pages"}],"about":[{"href":"https:\/\/advisory.nashgroup.com\/es\/wp-json\/wp\/v2\/types\/page"}],"author":[{"embeddable":true,"href":"https:\/\/advisory.nashgroup.com\/es\/wp-json\/wp\/v2\/users\/1"}],"replies":[{"embeddable":true,"href":"https:\/\/advisory.nashgroup.com\/es\/wp-json\/wp\/v2\/comments?post=963"}],"version-history":[{"count":4,"href":"https:\/\/advisory.nashgroup.com\/es\/wp-json\/wp\/v2\/pages\/963\/revisions"}],"predecessor-version":[{"id":1082,"href":"https:\/\/advisory.nashgroup.com\/es\/wp-json\/wp\/v2\/pages\/963\/revisions\/1082"}],"wp:attachment":[{"href":"https:\/\/advisory.nashgroup.com\/es\/wp-json\/wp\/v2\/media?parent=963"}],"curies":[{"name":"wp","href":"https:\/\/api.w.org\/{rel}","templated":true}]}}