{"id":966,"date":"2024-10-16T15:42:14","date_gmt":"2024-10-16T21:42:14","guid":{"rendered":"https:\/\/advisory.nashgroup.com\/planes\/"},"modified":"2025-04-14T12:45:05","modified_gmt":"2025-04-14T18:45:05","slug":"planes","status":"publish","type":"page","link":"https:\/\/advisory.nashgroup.com\/es\/planes\/","title":{"rendered":"Planes"},"content":{"rendered":"\n<h3 class=\"wp-block-heading has-text-align-center\">Certificar tu t\u00edtulo de Enfermer\u00eda en EE.UU.<\/h3>\n\n\n\n<h1 class=\"wp-block-heading has-text-align-center\">Servicio completo<\/h1>\n\n\n\n<div style=\"height:50px\" aria-hidden=\"true\" class=\"wp-block-spacer\"><\/div>\n\n\n\n<div class=\"wp-block-group\"><div class=\"wp-block-group__inner-container is-layout-constrained wp-block-group-is-layout-constrained\">\n<div class=\"wp-block-columns is-layout-flex wp-container-core-columns-is-layout-9d6595d7 wp-block-columns-is-layout-flex\">\n<div class=\"wp-block-column is-layout-flow wp-block-column-is-layout-flow\" style=\"flex-basis:10%\"><\/div>\n\n\n\n<div class=\"wp-block-column is-layout-flow wp-block-column-is-layout-flow\">\n<div class=\"wp-block-price-table-block-pricing-table\"><div class=\"eb-parent-wrapper eb-parent-eb-pricing-t87tvr8 \"><div class=\"eb-pricing-t87tvr8 eb-pricing-wrapper eb-pricing-content-center\"><div class=\"eb-pricing style-2\"><div class=\"eb-pricing-item\"><div class=\"eb-pricing-item-overlay\"><\/div><div class=\"eb-pricing-header\"><h2 class=\"eb-pricing-title\">$5,600<\/h2><span class=\"eb-pricing-subtitle\">  1.000 $ y 23 meses de financiaci\u00f3n<\/span><\/div><div class=\"eb-pricing-tag\"><span class=\"price-tag\"><span class=\"original-price\" data-price=\"\"><span class=\"price-currency\">$200<\/span><\/span><\/span><span class=\"price-period\" data-period-separator=\"\/\" data-price-period=\"Mes\">\/ Mes<\/span><\/div><div class=\"eb-pricing-body\"><ul class=\"eb-pricebox-features \"><li class=\"eb-pricebox-feature-item\" data-icon=\"fas fa-check\" data-color=\"rgba(245,110,71,1)\" data-clickable=\"false\" data-link=\"\"><i class=\"fas fa-check eb-pricebox-icon\" icon=\"fas fa-check\" style=\"color:rgba(245,110,71,1)\"><\/i><span class=\"eb-pricebox-feature-text\">Una (1) Verificaci\u00f3n del T\u00edtulo Profesional de Enfermer\u00eda<\/span><\/li><li class=\"eb-pricebox-feature-item\" data-icon=\"fas fa-check\" data-color=\"rgba(245,110,71,1)\" data-clickable=\"false\" data-link=\"\"><i class=\"fas fa-check eb-pricebox-icon\" icon=\"fas fa-check\" style=\"color:rgba(245,110,71,1)\"><\/i><span class=\"eb-pricebox-feature-text\">Un (1) T\u00edtulo Profesional de Enfermer\u00eda Servicios de Traducci\u00f3n para Verificaci\u00f3n<\/span><\/li><li class=\"eb-pricebox-feature-item\" data-icon=\"fas fa-check\" data-color=\"rgba(245,110,71,1)\" data-clickable=\"false\" data-link=\"\"><i class=\"fas fa-check eb-pricebox-icon\" icon=\"fas fa-check\" style=\"color:rgba(245,110,71,1)\"><\/i><span class=\"eb-pricebox-feature-text\">Uno (1) Servicios de Certificaci\u00f3n de la Junta de Enfermer\u00eda<\/span><\/li><li class=\"eb-pricebox-feature-item\" data-icon=\"fas fa-check\" data-color=\"rgba(245,110,71,1)\" data-clickable=\"false\" data-link=\"\"><i class=\"fas fa-check eb-pricebox-icon\" icon=\"fas fa-check\" style=\"color:rgba(245,110,71,1)\"><\/i><span class=\"eb-pricebox-feature-text\">Veinticuatro (24) semanas Nash Institute preliminary NCLEX-RN review programa biling\u00fce<\/span><\/li><li class=\"eb-pricebox-feature-item\" data-icon=\"fas fa-check\" data-color=\"rgba(245,110,71,1)\"><i class=\"fas fa-check eb-pricebox-icon\" icon=\"fas fa-check\" style=\"color:rgba(245,110,71,1)\"><\/i><span class=\"eb-pricebox-feature-text\">Veinticuatro (24) semanas Nash Institute preliminary NCLEX-RN review programa biling\u00fce<\/span><\/li><\/ul><\/div><div class=\"eb-pricing-footer\" data-icon=\"\"><div class=\"eb-pricing-button-wrapper\"><a href=\"https:\/\/advisory.nashgroup.com\/es\/servicio-completo-con-financiacion-a-23-meses-y-primera-cuota\/\" class=\"eb-pricing-button\"><span class=\"dashicon dashicons dashicons-\"><\/span><span class=\"eb-button-text\">m\u00e1s informaci\u00f3n<\/span><\/a><\/div><\/div><\/div><\/div><\/div><\/div><\/div>\n<\/div>\n\n\n\n<div class=\"wp-block-column is-layout-flow wp-block-column-is-layout-flow\">\n<div class=\"wp-block-price-table-block-pricing-table\"><div class=\"eb-parent-wrapper eb-parent-eb-pricing-lilk0hj \"><div class=\"eb-pricing-lilk0hj eb-pricing-wrapper eb-pricing-content-center\"><div class=\"eb-pricing style-2\"><div class=\"eb-pricing-item featured ribbon-2 right\"><div class=\"eb-pricing-item-overlay\"><\/div><div class=\"eb-pricing-header\"><h2 class=\"eb-pricing-title\">Pago en efectivo<\/h2><span class=\"eb-pricing-subtitle\">&#8211;<\/span><\/div><div class=\"eb-pricing-tag\"><span class=\"price-tag\"><span class=\"original-price\" data-price=\"\"><span class=\"price-currency\">$4,500<\/span><\/span><\/span><span class=\"price-period\" data-period-separator=\"\" data-price-period=\"\"> <\/span><\/div><div class=\"eb-pricing-body\"><ul class=\"eb-pricebox-features \"><li class=\"eb-pricebox-feature-item\" data-icon=\"fas fa-check\" data-color=\"rgba(245,110,71,1)\" data-clickable=\"false\" data-link=\"\"><i class=\"fas fa-check eb-pricebox-icon\" icon=\"fas fa-check\" style=\"color:rgba(245,110,71,1)\"><\/i><span class=\"eb-pricebox-feature-text\">Una (1) Verificaci\u00f3n del T\u00edtulo Profesional de Enfermer\u00eda<\/span><\/li><li class=\"eb-pricebox-feature-item\" data-icon=\"fas fa-check\" data-color=\"rgba(245,110,71,1)\" data-clickable=\"false\" data-link=\"\"><i class=\"fas fa-check eb-pricebox-icon\" icon=\"fas fa-check\" style=\"color:rgba(245,110,71,1)\"><\/i><span class=\"eb-pricebox-feature-text\">Un (1) T\u00edtulo Profesional de Enfermer\u00eda Servicios de Traducci\u00f3n para Verificaci\u00f3n<\/span><\/li><li class=\"eb-pricebox-feature-item\" data-icon=\"fas fa-check\" data-color=\"rgba(245,110,71,1)\" data-clickable=\"false\" data-link=\"\"><i class=\"fas fa-check eb-pricebox-icon\" icon=\"fas fa-check\" style=\"color:rgba(245,110,71,1)\"><\/i><span class=\"eb-pricebox-feature-text\">Uno (1) Servicios de Certificaci\u00f3n de la Junta de Enfermer\u00eda<\/span><\/li><li class=\"eb-pricebox-feature-item\" data-icon=\"fas fa-check\" data-color=\"rgba(245,110,71,1)\"><i class=\"fas fa-check eb-pricebox-icon\" icon=\"fas fa-check\" style=\"color:rgba(245,110,71,1)\"><\/i><span class=\"eb-pricebox-feature-text\">Veinticuatro (24) semanas Nash Institute preliminary NCLEX-RN review programa biling\u00fce<\/span><\/li><li class=\"eb-pricebox-feature-item\" data-icon=\"fas fa-check\" data-color=\"rgba(245,110,71,1)\"><i class=\"fas fa-check eb-pricebox-icon\" icon=\"fas fa-check\" style=\"color:rgba(245,110,71,1)\"><\/i><span class=\"eb-pricebox-feature-text\">Veinticuatro (24) semanas Nash Institute NCLEX-RN Programa de repaso s\u00f3lo en ingl\u00e9s<\/span><\/li><\/ul><\/div><div class=\"eb-pricing-footer\" data-icon=\"\"><div class=\"eb-pricing-button-wrapper\"><a href=\"https:\/\/advisory.nashgroup.com\/es\/servicio-completo-pago-en-efectivo\/\" class=\"eb-pricing-button\"><span class=\"dashicon dashicons dashicons-\"><\/span><span class=\"eb-button-text\">m\u00e1s informaci\u00f3n<\/span><\/a><\/div><\/div><\/div><\/div><\/div><\/div><\/div>\n<\/div>\n\n\n\n<div class=\"wp-block-column is-layout-flow wp-block-column-is-layout-flow\" style=\"flex-basis:10%\"><\/div>\n<\/div>\n\n\n\n<div style=\"height:50px\" aria-hidden=\"true\" class=\"wp-block-spacer\"><\/div>\n\n\n\n<h1 class=\"wp-block-heading has-text-align-center\">Servicio completo sin ingl\u00e9s<\/h1>\n\n\n\n<div class=\"wp-block-columns is-layout-flex wp-container-core-columns-is-layout-9d6595d7 wp-block-columns-is-layout-flex\">\n<div class=\"wp-block-column is-layout-flow wp-block-column-is-layout-flow\" style=\"flex-basis:10%\"><\/div>\n\n\n\n<div class=\"wp-block-column is-layout-flow wp-block-column-is-layout-flow\">\n<div class=\"wp-block-price-table-block-pricing-table\"><div class=\"eb-parent-wrapper eb-parent-eb-pricing-il5mdqq \"><div class=\"eb-pricing-il5mdqq eb-pricing-wrapper eb-pricing-content-center\"><div class=\"eb-pricing style-2\"><div class=\"eb-pricing-item\"><div class=\"eb-pricing-item-overlay\"><\/div><div class=\"eb-pricing-header\"><h2 class=\"eb-pricing-title\">$4,400<\/h2><span class=\"eb-pricing-subtitle\">1.000 $ y 17 meses de financiaci\u00f3n<\/span><\/div><div class=\"eb-pricing-tag\"><span class=\"price-tag\"><span class=\"original-price\" data-price=\"\"><span class=\"price-currency\">$200<\/span><\/span><\/span><span class=\"price-period\" data-period-separator=\"\/\" data-price-period=\"Mes\">\/ Mes<\/span><\/div><div class=\"eb-pricing-body\"><ul class=\"eb-pricebox-features \"><li class=\"eb-pricebox-feature-item\" data-icon=\"fas fa-check\" data-color=\"rgba(245,110,71,1)\" data-clickable=\"false\" data-link=\"\"><i class=\"fas fa-check eb-pricebox-icon\" icon=\"fas fa-check\" style=\"color:rgba(245,110,71,1)\"><\/i><span class=\"eb-pricebox-feature-text\">Una (1) Verificaci\u00f3n del T\u00edtulo Profesional de Enfermer\u00eda<\/span><\/li><li class=\"eb-pricebox-feature-item\" data-icon=\"fas fa-check\" data-color=\"rgba(245,110,71,1)\" data-clickable=\"false\" data-link=\"\"><i class=\"fas fa-check eb-pricebox-icon\" icon=\"fas fa-check\" style=\"color:rgba(245,110,71,1)\"><\/i><span class=\"eb-pricebox-feature-text\">Un (1) T\u00edtulo Profesional de Enfermer\u00eda Servicios de Traducci\u00f3n para Verificaci\u00f3n<\/span><\/li><li class=\"eb-pricebox-feature-item\" data-icon=\"fas fa-check\" data-color=\"rgba(245,110,71,1)\" data-clickable=\"false\" data-link=\"\"><i class=\"fas fa-check eb-pricebox-icon\" icon=\"fas fa-check\" style=\"color:rgba(245,110,71,1)\"><\/i><span class=\"eb-pricebox-feature-text\">Uno (1) Servicios de Certificaci\u00f3n de la Junta de Enfermer\u00eda<\/span><\/li><li class=\"eb-pricebox-feature-item\" data-icon=\"fas fa-check\" data-color=\"rgba(245,110,71,1)\" data-clickable=\"false\" data-link=\"\"><i class=\"fas fa-check eb-pricebox-icon\" icon=\"fas fa-check\" style=\"color:rgba(245,110,71,1)\"><\/i><span class=\"eb-pricebox-feature-text\">Veinticuatro (24) semanas Nash Institute preliminary NCLEX-RN review programa biling\u00fce<\/span><\/li><li class=\"eb-pricebox-feature-item\" data-icon=\"fas fa-check\" data-color=\"rgba(245,110,71,1)\"><i class=\"fas fa-check eb-pricebox-icon\" icon=\"fas fa-check\" style=\"color:rgba(245,110,71,1)\"><\/i><span class=\"eb-pricebox-feature-text\">Veinticuatro (24) semanas Nash Institute preliminary NCLEX-RN review programa biling\u00fce<\/span><\/li><\/ul><\/div><div class=\"eb-pricing-footer\" data-icon=\"\"><div class=\"eb-pricing-button-wrapper\"><a href=\"https:\/\/advisory.nashgroup.com\/es\/servicio-completo-sin-ingles-con-financiacion-a-17-meses\/\" class=\"eb-pricing-button\"><span class=\"dashicon dashicons dashicons-\"><\/span><span class=\"eb-button-text\">m\u00e1s informaci\u00f3n<\/span><\/a><\/div><\/div><\/div><\/div><\/div><\/div><\/div>\n<\/div>\n\n\n\n<div class=\"wp-block-column is-layout-flow wp-block-column-is-layout-flow\">\n<div class=\"wp-block-price-table-block-pricing-table\"><div class=\"eb-parent-wrapper eb-parent-eb-pricing-6iqr4h1 \"><div class=\"eb-pricing-6iqr4h1 eb-pricing-wrapper eb-pricing-content-center\"><div class=\"eb-pricing style-2\"><div class=\"eb-pricing-item featured ribbon-2 right\"><div class=\"eb-pricing-item-overlay\"><\/div><div class=\"eb-pricing-header\"><h2 class=\"eb-pricing-title\">Pago en efectivo<\/h2><span class=\"eb-pricing-subtitle\">&#8211;<\/span><\/div><div class=\"eb-pricing-tag\"><span class=\"price-tag\"><span class=\"original-price\" data-price=\"\"><span class=\"price-currency\">$3,700<\/span><\/span><\/span><span class=\"price-period\" data-period-separator=\"\" data-price-period=\"\"> <\/span><\/div><div class=\"eb-pricing-body\"><ul class=\"eb-pricebox-features \"><li class=\"eb-pricebox-feature-item\" data-icon=\"fas fa-check\" data-color=\"rgba(245,110,71,1)\" data-clickable=\"false\" data-link=\"\"><i class=\"fas fa-check eb-pricebox-icon\" icon=\"fas fa-check\" style=\"color:rgba(245,110,71,1)\"><\/i><span class=\"eb-pricebox-feature-text\">Una (1) Verificaci\u00f3n del T\u00edtulo Profesional de Enfermer\u00eda<\/span><\/li><li class=\"eb-pricebox-feature-item\" data-icon=\"fas fa-check\" data-color=\"rgba(245,110,71,1)\" data-clickable=\"false\" data-link=\"\"><i class=\"fas fa-check eb-pricebox-icon\" icon=\"fas fa-check\" style=\"color:rgba(245,110,71,1)\"><\/i><span class=\"eb-pricebox-feature-text\">Un (1) T\u00edtulo Profesional de Enfermer\u00eda Servicios de Traducci\u00f3n para Verificaci\u00f3n<\/span><\/li><li class=\"eb-pricebox-feature-item\" data-icon=\"fas fa-check\" data-color=\"rgba(245,110,71,1)\" data-clickable=\"false\" data-link=\"\"><i class=\"fas fa-check eb-pricebox-icon\" icon=\"fas fa-check\" style=\"color:rgba(245,110,71,1)\"><\/i><span class=\"eb-pricebox-feature-text\">Uno (1) Servicios de Certificaci\u00f3n de la Junta de Enfermer\u00eda<\/span><\/li><li class=\"eb-pricebox-feature-item\" data-icon=\"fas fa-check\" data-color=\"rgba(245,110,71,1)\"><i class=\"fas fa-check eb-pricebox-icon\" icon=\"fas fa-check\" style=\"color:rgba(245,110,71,1)\"><\/i><span class=\"eb-pricebox-feature-text\">Veinticuatro (24) semanas Nash Institute preliminary NCLEX-RN review programa biling\u00fce<\/span><\/li><li class=\"eb-pricebox-feature-item\" data-icon=\"fas fa-check\" data-color=\"rgba(245,110,71,1)\"><i class=\"fas fa-check eb-pricebox-icon\" icon=\"fas fa-check\" style=\"color:rgba(245,110,71,1)\"><\/i><span class=\"eb-pricebox-feature-text\">Veinticuatro (24) semanas Nash Institute NCLEX-RN Programa de repaso s\u00f3lo en ingl\u00e9s<\/span><\/li><\/ul><\/div><div class=\"eb-pricing-footer\" data-icon=\"\"><div class=\"eb-pricing-button-wrapper\"><a href=\"https:\/\/advisory.nashgroup.com\/es\/servicio-completo-no-ingles-pago-en-efectivo\/\" class=\"eb-pricing-button\"><span class=\"dashicon dashicons dashicons-\"><\/span><span class=\"eb-button-text\">m\u00e1s informaci\u00f3n<\/span><\/a><\/div><\/div><\/div><\/div><\/div><\/div><\/div>\n<\/div>\n\n\n\n<div class=\"wp-block-column is-layout-flow wp-block-column-is-layout-flow\" style=\"flex-basis:10%\"><\/div>\n<\/div>\n\n\n\n<div style=\"height:50px\" aria-hidden=\"true\" class=\"wp-block-spacer\"><\/div>\n\n\n\n<h1 class=\"wp-block-heading has-text-align-center\">Instituto Nash<\/h1>\n\n\n\n<div class=\"wp-block-columns is-layout-flex wp-container-core-columns-is-layout-9d6595d7 wp-block-columns-is-layout-flex\">\n<div class=\"wp-block-column is-layout-flow wp-block-column-is-layout-flow\"><\/div>\n\n\n\n<div class=\"wp-block-column is-layout-flow wp-block-column-is-layout-flow\">\n<div class=\"wp-block-price-table-block-pricing-table\"><div class=\"eb-parent-wrapper eb-parent-eb-pricing-6j18ee7 \"><div class=\"eb-pricing-6j18ee7 eb-pricing-wrapper eb-pricing-content-center\"><div class=\"eb-pricing style-2\"><div class=\"eb-pricing-item featured ribbon-2 right\"><div class=\"eb-pricing-item-overlay\"><\/div><div class=\"eb-pricing-header\"><h2 class=\"eb-pricing-title\">Pago en efectivo<\/h2><span class=\"eb-pricing-subtitle\">&#8211;<\/span><\/div><div class=\"eb-pricing-tag\"><span class=\"price-tag\"><span class=\"original-price\" data-price=\"\"><span class=\"price-currency\">$800<\/span><\/span><\/span><span class=\"price-period\" data-period-separator=\"\" data-price-period=\"\"> <\/span><\/div><div class=\"eb-pricing-body\"><ul class=\"eb-pricebox-features \"><li class=\"eb-pricebox-feature-item\" data-icon=\"fas fa-check\" data-color=\"rgba(245,110,71,1)\" data-clickable=\"false\" data-link=\"\"><i class=\"fas fa-check eb-pricebox-icon\" icon=\"fas fa-check\" style=\"color:rgba(245,110,71,1)\"><\/i><span class=\"eb-pricebox-feature-text\">Veinticuatro (24) semanas Nash Institute NCLEX-RN Programa de repaso s\u00f3lo en ingl\u00e9s<\/span><\/li><li class=\"eb-pricebox-feature-item\" data-icon=\"fas fa-check\" data-color=\"rgba(245,110,71,1)\" data-clickable=\"false\" data-link=\"\"><i class=\"fas fa-check eb-pricebox-icon\" icon=\"fas fa-check\" style=\"color:rgba(245,110,71,1)\"><\/i><span class=\"eb-pricebox-feature-text\">Un (1) a\u00f1o ArcherReview\u2122 Next-Gen NCLEX RN Rapid Review Combo OnDemand + Qbank<\/span><\/li><li class=\"eb-pricebox-feature-item\" data-icon=\"fas fa-check\" data-color=\"rgba(245,110,71,1)\"><i class=\"fas fa-check eb-pricebox-icon\" icon=\"fas fa-check\" style=\"color:rgba(245,110,71,1)\"><\/i><span class=\"eb-pricebox-feature-text\">Un (1) Saunders Comprehensive Review for the NCLEX-RN\u00ae Examination &#8211; versi\u00f3n web<\/span><\/li><\/ul><\/div><div class=\"eb-pricing-footer\" data-icon=\"\"><div class=\"eb-pricing-button-wrapper\"><a href=\"https:\/\/advisory.nashgroup.com\/es\/pago-en-efectivo-del-instituto-nash\/\" class=\"eb-pricing-button\"><span class=\"dashicon dashicons dashicons-\"><\/span><span class=\"eb-button-text\">m\u00e1s informaci\u00f3n<\/span><\/a><\/div><\/div><\/div><\/div><\/div><\/div><\/div>\n<\/div>\n\n\n\n<div class=\"wp-block-column is-layout-flow wp-block-column-is-layout-flow\"><\/div>\n<\/div>\n\n\n\n<div style=\"height:50px\" aria-hidden=\"true\" class=\"wp-block-spacer\"><\/div>\n\n\n\n<h1 class=\"wp-block-heading has-text-align-center\">Ingl\u00e9s con BSR<\/h1>\n\n\n\n<div class=\"wp-block-columns is-layout-flex wp-container-core-columns-is-layout-9d6595d7 wp-block-columns-is-layout-flex\">\n<div class=\"wp-block-column is-layout-flow wp-block-column-is-layout-flow\"><\/div>\n\n\n\n<div class=\"wp-block-column is-layout-flow wp-block-column-is-layout-flow\">\n<div class=\"wp-block-price-table-block-pricing-table\"><div class=\"eb-parent-wrapper eb-parent-eb-pricing-x77ak4w \"><div class=\"eb-pricing-x77ak4w eb-pricing-wrapper eb-pricing-content-center\"><div class=\"eb-pricing style-2\"><div class=\"eb-pricing-item featured ribbon-2 right\"><div class=\"eb-pricing-item-overlay\"><\/div><div class=\"eb-pricing-header\"><h2 class=\"eb-pricing-title\">Pago en efectivo<\/h2><span class=\"eb-pricing-subtitle\">&#8211;<\/span><\/div><div class=\"eb-pricing-tag\"><span class=\"price-tag\"><span class=\"original-price\" data-price=\"\"><span class=\"price-currency\">$1,000<\/span><\/span><\/span><span class=\"price-period\" data-period-separator=\"\" data-price-period=\"\"> <\/span><\/div><div class=\"eb-pricing-body\"><ul class=\"eb-pricebox-features \"><li class=\"eb-pricebox-feature-item\" data-icon=\"fas fa-check\" data-color=\"rgba(245,110,71,1)\" data-clickable=\"false\" data-link=\"\"><i class=\"fas fa-check eb-pricebox-icon\" icon=\"fas fa-check\" style=\"color:rgba(245,110,71,1)\"><\/i><span class=\"eb-pricebox-feature-text\">Dieciocho (18) meses de preparaci\u00f3n intensiva de ingl\u00e9s con BSR Idiomas<\/span><\/li><\/ul><\/div><div class=\"eb-pricing-footer\" data-icon=\"\"><div class=\"eb-pricing-button-wrapper\"><a href=\"https:\/\/advisory.nashgroup.com\/es\/ingles-bsr\/\" class=\"eb-pricing-button\"><span class=\"dashicon dashicons dashicons-\"><\/span><span class=\"eb-button-text\">m\u00e1s informaci\u00f3n<\/span><\/a><\/div><\/div><\/div><\/div><\/div><\/div><\/div>\n<\/div>\n\n\n\n<div class=\"wp-block-column is-layout-flow wp-block-column-is-layout-flow\"><\/div>\n<\/div>\n<\/div><\/div>\n","protected":false},"excerpt":{"rendered":"<p>Certificar tu t\u00edtulo de Enfermer\u00eda en EE.UU. Servicio completo Servicio completo sin ingl\u00e9s Instituto Nash Ingl\u00e9s con BSR<\/p>\n","protected":false},"author":1,"featured_media":0,"parent":0,"menu_order":0,"comment_status":"closed","ping_status":"closed","template":"","meta":{"_eb_attr":"","footnotes":""},"class_list":["post-966","page","type-page","status-publish","hentry"],"_links":{"self":[{"href":"https:\/\/advisory.nashgroup.com\/es\/wp-json\/wp\/v2\/pages\/966","targetHints":{"allow":["GET"]}}],"collection":[{"href":"https:\/\/advisory.nashgroup.com\/es\/wp-json\/wp\/v2\/pages"}],"about":[{"href":"https:\/\/advisory.nashgroup.com\/es\/wp-json\/wp\/v2\/types\/page"}],"author":[{"embeddable":true,"href":"https:\/\/advisory.nashgroup.com\/es\/wp-json\/wp\/v2\/users\/1"}],"replies":[{"embeddable":true,"href":"https:\/\/advisory.nashgroup.com\/es\/wp-json\/wp\/v2\/comments?post=966"}],"version-history":[{"count":3,"href":"https:\/\/advisory.nashgroup.com\/es\/wp-json\/wp\/v2\/pages\/966\/revisions"}],"predecessor-version":[{"id":1094,"href":"https:\/\/advisory.nashgroup.com\/es\/wp-json\/wp\/v2\/pages\/966\/revisions\/1094"}],"wp:attachment":[{"href":"https:\/\/advisory.nashgroup.com\/es\/wp-json\/wp\/v2\/media?parent=966"}],"curies":[{"name":"wp","href":"https:\/\/api.w.org\/{rel}","templated":true}]}}