{"id":972,"date":"2024-10-21T11:55:15","date_gmt":"2024-10-21T17:55:15","guid":{"rendered":"https:\/\/advisory.nashgroup.com\/servicio-completo-con-financiacion-a-23-meses-y-primera-cuota\/"},"modified":"2025-06-30T17:16:48","modified_gmt":"2025-06-30T23:16:48","slug":"servicio-completo-con-financiacion-a-23-meses-y-primera-cuota","status":"publish","type":"page","link":"https:\/\/advisory.nashgroup.com\/es\/servicio-completo-con-financiacion-a-23-meses-y-primera-cuota\/","title":{"rendered":"Servicio completo con financiaci\u00f3n a 23 meses y primera cuota"},"content":{"rendered":"\n<section id=\"gmc94e5ca\" class=\"wp-block-gutentor-m4 section-gmc94e5ca gutentor-module gutentor-advanced-columns has-color-bg has-custom-bg\"><div class=\"grid-container\"><div class=\"grid-row\">\n<div id=\"col-gmd1c9b2\" class=\"wp-block-gutentor-m4-col col-gmd1c9b2 gutentor-single-column  grid-lg-3 grid-md-12 grid-12\"><div id=\"section-gmd1c9b2\" class=\"section-gmd1c9b2 gutentor-col-wrap\">\n<section id=\"gme311db8\" class=\"wp-block-gutentor-m3 section-gme311db8 gutentor-module gutentor-container-cover has-image-bg has-custom-bg has-gutentor-overlay g-valign-c-mobile g-valign-c-tablet g-valign-c-desktop wow slideInUp\" data-wow-animation=\"slideInUp\" data-wow-duration=\"1s\" data-wow-iteration=\"1\"><div class=\"grid-container gutentor-rm-ct-space\">\n<div id=\"section-g23e97a\" class=\"wp-block-gutentor-e0 section-g23e97a gutentor-element gutentor-element-advanced-text text-align-center-mobile\"><div class=\"gutentor-text-wrap\"><p class=\"gutentor-text\">Los mejores beneficios<\/p><\/div><\/div>\n\n\n\n<div id=\"section-g31997e\" class=\"wp-block-gutentor-e0 section-g31997e gutentor-element gutentor-element-advanced-text text-align-center-mobile\"><div class=\"gutentor-text-wrap\"><p class=\"gutentor-text\"><strong>$5,600<\/strong><\/p><\/div><\/div>\n\n\n\n<div id=\"section-g21e3a4\" class=\"wp-block-gutentor-e0 section-g21e3a4 gutentor-element gutentor-element-advanced-text text-align-center-mobile\"><div class=\"gutentor-text-wrap\"><p class=\"gutentor-text\"><\/p><\/div><\/div>\n\n\n\n<div id=\"section-gd502f1\" class=\"wp-block-gutentor-e2 section-gd502f1 gutentor-element gutentor-element-button button-align-center-mobile\"><span class=\"gutentor-button-wrap\"><a class=\"gutentor-button gutentor-block-button gutentor-icon-after\" href=\"https:\/\/advisory.nashgroup.com\/es\/product\/primer-pago-servicio-completo-23-meses\/\"><i class=\"gutentor-button-icon fas fa-arrow-right\"><\/i><span>Cons\u00edguelo ahora<\/span><\/a><\/span><\/div>\n<\/div><\/section>\n<\/div><\/div>\n\n\n\n<div id=\"col-gmeb31ee\" class=\"wp-block-gutentor-m4-col col-gmeb31ee gutentor-single-column  grid-lg-9 grid-md-12 grid-12\"><div id=\"section-gmeb31ee\" class=\"section-gmeb31ee gutentor-col-wrap\">\n<div id=\"section-g0130af\" class=\"wp-block-gutentor-e1 section-g0130af gutentor-element gutentor-element-advanced-text gutentor-width-enabled wow slideInUp\" data-wow-animation=\"slideInUp\" data-wow-duration=\"1s\"><div class=\"gutentor-text-wrap\"><h2 class=\"gutentor-text\">1.000 $ primer plazo y 23 meses de financiaci\u00f3n<em> <\/em><\/h2><\/div><\/div>\n\n\n\n<section id=\"gmbf49a85\" class=\"wp-block-gutentor-m2 section-gmbf49a85 gutentor-module gutentor-dynamic-columns\"><div class=\"grid-container gutentor-rm-ct-space\"><div class=\"grid-row\">\n<div id=\"col-gm0f3737\" class=\"wp-block-gutentor-m2-col col-gm0f3737 gutentor-module gutentor-dynamic-single-column wow slideInUp grid-lg-6 grid-md-6 grid-12\" data-wow-animation=\"slideInUp\" data-wow-delay=\"0.1s\" data-wow-duration=\"1s\" data-wow-iteration=\"1\"><div id=\"section-gm0f3737\" class=\"section-gm0f3737 gutentor-single-col\">\n<section id=\"gm6181f80\" class=\"wp-block-gutentor-m4 section-gm6181f80 gutentor-module gutentor-advanced-columns\"><div class=\"grid-container gutentor-rm-ct-space\"><div class=\"grid-row\">\n<div id=\"col-gmc89abe\" class=\"wp-block-gutentor-m4-col col-gmc89abe gutentor-single-column  grid-lg-3 grid-md-3 grid-3\"><div id=\"section-gmc89abe\" class=\"section-gmc89abe gutentor-col-wrap\">\n<div id=\"section-g0c68f4\" class=\"wp-block-gutentor-e5 section-g0c68f4 gutentor-element gutentor-element-icon gutentor-icon-default text-align-center-mobile\"><div class=\"gutentor-element-icon-box\"><i class=\"fas fa-check\"><\/i><\/div><\/div>\n<\/div><\/div>\n\n\n\n<div id=\"col-gmab5136\" class=\"wp-block-gutentor-m4-col col-gmab5136 gutentor-single-column  grid-lg-9 grid-md-9 grid-9\"><div id=\"section-gmab5136\" class=\"section-gmab5136 gutentor-col-wrap\">\n<div id=\"section-g342584\" class=\"wp-block-gutentor-e0 section-g342584 gutentor-element gutentor-element-advanced-text\"><div class=\"gutentor-text-wrap\"><h3 class=\"gutentor-text\">Verificaci\u00f3n del t\u00edtulo profesional<\/h3><\/div><\/div>\n\n\n\n<div id=\"section-g190c69\" class=\"wp-block-gutentor-e0 section-g190c69 gutentor-element gutentor-element-advanced-text\"><div class=\"gutentor-text-wrap\"><p class=\"gutentor-text\">Una (1) Verificaci\u00f3n del T\u00edtulo Profesional de Enfermer\u00eda<\/p><\/div><\/div>\n<\/div><\/div>\n<\/div><\/div><\/section>\n<\/div><\/div>\n\n\n\n<div id=\"col-gm17bbce\" class=\"wp-block-gutentor-m2-col col-gm17bbce gutentor-module gutentor-dynamic-single-column wow slideInUp grid-lg-6 grid-md-6 grid-12\" data-wow-animation=\"slideInUp\" data-wow-delay=\"0.2s\" data-wow-duration=\"1s\" data-wow-iteration=\"1\"><div id=\"section-gm17bbce\" class=\"section-gm17bbce gutentor-single-col\">\n<section id=\"gm6c9863e\" class=\"wp-block-gutentor-m4 section-gm6c9863e gutentor-module gutentor-advanced-columns\"><div class=\"grid-container gutentor-rm-ct-space\"><div class=\"grid-row\">\n<div id=\"col-gme3fc78\" class=\"wp-block-gutentor-m4-col col-gme3fc78 gutentor-single-column  grid-lg-3 grid-md-3 grid-3\"><div id=\"section-gme3fc78\" class=\"section-gme3fc78 gutentor-col-wrap\">\n<div id=\"section-g1e37c1\" class=\"wp-block-gutentor-e5 section-g1e37c1 gutentor-element gutentor-element-icon gutentor-icon-default text-align-center-mobile\"><div class=\"gutentor-element-icon-box\"><i class=\"fas fa-check\"><\/i><\/div><\/div>\n<\/div><\/div>\n\n\n\n<div id=\"col-gm540963\" class=\"wp-block-gutentor-m4-col col-gm540963 gutentor-single-column  grid-lg-9 grid-md-9 grid-9\"><div id=\"section-gm540963\" class=\"section-gm540963 gutentor-col-wrap\">\n<div id=\"section-g013395\" class=\"wp-block-gutentor-e0 section-g013395 gutentor-element gutentor-element-advanced-text\"><div class=\"gutentor-text-wrap\"><h3 class=\"gutentor-text\">Traducci\u00f3n de t\u00edtulos profesionales<\/h3><\/div><\/div>\n\n\n\n<div id=\"section-g45254a\" class=\"wp-block-gutentor-e0 section-g45254a gutentor-element gutentor-element-advanced-text\"><div class=\"gutentor-text-wrap\"><p class=\"gutentor-text\">Un (1) T\u00edtulo Profesional de Enfermer\u00eda Servicios de Traducci\u00f3n para Verificaci\u00f3n<\/p><\/div><\/div>\n<\/div><\/div>\n<\/div><\/div><\/section>\n<\/div><\/div>\n\n\n\n<div id=\"col-g-hiphqf1\" class=\"wp-block-gutentor-m2-col col-g-hiphqf1 gutentor-module gutentor-dynamic-single-column wow slideInUp grid-lg-6 grid-md-6 grid-12\" data-wow-animation=\"slideInUp\" data-wow-delay=\"0.2s\" data-wow-duration=\"1s\" data-wow-iteration=\"1\"><div id=\"section-g-hiphqf1\" class=\"section-g-hiphqf1 gutentor-single-col\">\n<section id=\"g-6w1p9ew\" class=\"wp-block-gutentor-m4 section-g-6w1p9ew gutentor-module gutentor-advanced-columns\"><div class=\"grid-container gutentor-rm-ct-space\"><div class=\"grid-row\">\n<div id=\"col-g-wvgkxgn\" class=\"wp-block-gutentor-m4-col col-g-wvgkxgn gutentor-single-column  grid-lg-3 grid-md-3 grid-3\"><div id=\"section-g-wvgkxgn\" class=\"section-g-wvgkxgn gutentor-col-wrap\">\n<div id=\"section-g-mn3cdc2\" class=\"wp-block-gutentor-e5 section-g-mn3cdc2 gutentor-element gutentor-element-icon gutentor-icon-default text-align-center-mobile\"><div class=\"gutentor-element-icon-box\"><i class=\"fas fa-check\"><\/i><\/div><\/div>\n<\/div><\/div>\n\n\n\n<div id=\"col-g-g1egc9t\" class=\"wp-block-gutentor-m4-col col-g-g1egc9t gutentor-single-column  grid-lg-9 grid-md-9 grid-9\"><div id=\"section-g-g1egc9t\" class=\"section-g-g1egc9t gutentor-col-wrap\">\n<div id=\"section-g-qoz5857\" class=\"wp-block-gutentor-e0 section-g-qoz5857 gutentor-element gutentor-element-advanced-text\"><div class=\"gutentor-text-wrap\"><h3 class=\"gutentor-text\">Certificaci\u00f3n de la Junta de Enfermer\u00eda<\/h3><\/div><\/div>\n\n\n\n<div id=\"section-g-wtutfkw\" class=\"wp-block-gutentor-e0 section-g-wtutfkw gutentor-element gutentor-element-advanced-text\"><div class=\"gutentor-text-wrap\"><p class=\"gutentor-text\">Uno (1) Servicios de Certificaci\u00f3n de la Junta de Enfermer\u00eda<\/p><\/div><\/div>\n<\/div><\/div>\n<\/div><\/div><\/section>\n<\/div><\/div>\n\n\n\n<div id=\"col-g-6spc1zq\" class=\"wp-block-gutentor-m2-col col-g-6spc1zq gutentor-module gutentor-dynamic-single-column wow slideInUp grid-lg-6 grid-md-6 grid-12\" data-wow-animation=\"slideInUp\" data-wow-delay=\"0.2s\" data-wow-duration=\"1s\" data-wow-iteration=\"1\"><div id=\"section-g-6spc1zq\" class=\"section-g-6spc1zq gutentor-single-col\">\n<section id=\"g-3lg34ao\" class=\"wp-block-gutentor-m4 section-g-3lg34ao gutentor-module gutentor-advanced-columns\"><div class=\"grid-container gutentor-rm-ct-space\"><div class=\"grid-row\">\n<div id=\"col-g-istr2li\" class=\"wp-block-gutentor-m4-col col-g-istr2li gutentor-single-column  grid-lg-3 grid-md-3 grid-3\"><div id=\"section-g-istr2li\" class=\"section-g-istr2li gutentor-col-wrap\">\n<div id=\"section-g-v030e2u\" class=\"wp-block-gutentor-e5 section-g-v030e2u gutentor-element gutentor-element-icon gutentor-icon-default text-align-center-mobile\"><div class=\"gutentor-element-icon-box\"><i class=\"fas fa-check\"><\/i><\/div><\/div>\n<\/div><\/div>\n\n\n\n<div id=\"col-g-szlar18\" class=\"wp-block-gutentor-m4-col col-g-szlar18 gutentor-single-column  grid-lg-9 grid-md-9 grid-9\"><div id=\"section-g-szlar18\" class=\"section-g-szlar18 gutentor-col-wrap\">\n<div id=\"section-g-sa2idgg\" class=\"wp-block-gutentor-e0 section-g-sa2idgg gutentor-element gutentor-element-advanced-text\"><div class=\"gutentor-text-wrap\"><h3 class=\"gutentor-text\">Nash Institute NCLEX-RN &#8211; Biling\u00fce<\/h3><\/div><\/div>\n\n\n\n<div id=\"section-g-mel60nk\" class=\"wp-block-gutentor-e0 section-g-mel60nk gutentor-element gutentor-element-advanced-text\"><div class=\"gutentor-text-wrap\"><p class=\"gutentor-text\">Programa de repaso biling\u00fce del NCLEX-RN de veinticuatro (24) semanas del Instituto Nash<\/p><\/div><\/div>\n<\/div><\/div>\n<\/div><\/div><\/section>\n<\/div><\/div>\n\n\n\n<div id=\"col-g-9zeur5p\" class=\"wp-block-gutentor-m2-col col-g-9zeur5p gutentor-module gutentor-dynamic-single-column wow slideInUp grid-lg-6 grid-md-6 grid-12\" data-wow-animation=\"slideInUp\" data-wow-delay=\"0.2s\" data-wow-duration=\"1s\" data-wow-iteration=\"1\"><div id=\"section-g-9zeur5p\" class=\"section-g-9zeur5p gutentor-single-col\">\n<section id=\"g-j87ezie\" class=\"wp-block-gutentor-m4 section-g-j87ezie gutentor-module gutentor-advanced-columns\"><div class=\"grid-container gutentor-rm-ct-space\"><div class=\"grid-row\">\n<div id=\"col-g-6nf57xf\" class=\"wp-block-gutentor-m4-col col-g-6nf57xf gutentor-single-column  grid-lg-3 grid-md-3 grid-3\"><div id=\"section-g-6nf57xf\" class=\"section-g-6nf57xf gutentor-col-wrap\">\n<div id=\"section-g-7ib2dii\" class=\"wp-block-gutentor-e5 section-g-7ib2dii gutentor-element gutentor-element-icon gutentor-icon-default text-align-center-mobile\"><div class=\"gutentor-element-icon-box\"><i class=\"fas fa-check\"><\/i><\/div><\/div>\n<\/div><\/div>\n\n\n\n<div id=\"col-g-1w123rz\" class=\"wp-block-gutentor-m4-col col-g-1w123rz gutentor-single-column  grid-lg-9 grid-md-9 grid-9\"><div id=\"section-g-1w123rz\" class=\"section-g-1w123rz gutentor-col-wrap\">\n<div id=\"section-g-7bagf1l\" class=\"wp-block-gutentor-e0 section-g-7bagf1l gutentor-element gutentor-element-advanced-text\"><div class=\"gutentor-text-wrap\"><h3 class=\"gutentor-text\">Nash Institute NCLEX-RN &#8211; Ingl\u00e9s<\/h3><\/div><\/div>\n\n\n\n<div id=\"section-g-31gfi1t\" class=\"wp-block-gutentor-e0 section-g-31gfi1t gutentor-element gutentor-element-advanced-text\"><div class=\"gutentor-text-wrap\"><p class=\"gutentor-text\">Veinticuatro (24) semanas Instituto Nash Programa de repaso s\u00f3lo en ingl\u00e9s<\/p><\/div><\/div>\n<\/div><\/div>\n<\/div><\/div><\/section>\n<\/div><\/div>\n\n\n\n<div id=\"col-g-l561lsl\" class=\"wp-block-gutentor-m2-col col-g-l561lsl gutentor-module gutentor-dynamic-single-column wow slideInUp grid-lg-6 grid-md-6 grid-12\" data-wow-animation=\"slideInUp\" data-wow-delay=\"0.2s\" data-wow-duration=\"1s\" data-wow-iteration=\"1\"><div id=\"section-g-l561lsl\" class=\"section-g-l561lsl gutentor-single-col\">\n<section id=\"g-ca77714\" class=\"wp-block-gutentor-m4 section-g-ca77714 gutentor-module gutentor-advanced-columns\"><div class=\"grid-container gutentor-rm-ct-space\"><div class=\"grid-row\">\n<div id=\"col-g-4e0e7e4\" class=\"wp-block-gutentor-m4-col col-g-4e0e7e4 gutentor-single-column  grid-lg-3 grid-md-3 grid-3\"><div id=\"section-g-4e0e7e4\" class=\"section-g-4e0e7e4 gutentor-col-wrap\">\n<div id=\"section-g-fmjoo43\" class=\"wp-block-gutentor-e5 section-g-fmjoo43 gutentor-element gutentor-element-icon gutentor-icon-default text-align-center-mobile\"><div class=\"gutentor-element-icon-box\"><i class=\"fas fa-check\"><\/i><\/div><\/div>\n<\/div><\/div>\n\n\n\n<div id=\"col-g-94lmf0m\" class=\"wp-block-gutentor-m4-col col-g-94lmf0m gutentor-single-column  grid-lg-9 grid-md-9 grid-9\"><div id=\"section-g-94lmf0m\" class=\"section-g-94lmf0m gutentor-col-wrap\">\n<div id=\"section-g-1a8ff9v\" class=\"wp-block-gutentor-e0 section-g-1a8ff9v gutentor-element gutentor-element-advanced-text\"><div class=\"gutentor-text-wrap\"><h3 class=\"gutentor-text\">ArcherReview\u2122<\/h3><\/div><\/div>\n\n\n\n<div id=\"section-g-8p7u0ep\" class=\"wp-block-gutentor-e0 section-g-8p7u0ep gutentor-element gutentor-element-advanced-text\"><div class=\"gutentor-text-wrap\"><p class=\"gutentor-text\">Un (1) a\u00f1o ArcherReview\u2122 Next-Gen NCLEX RN Rapid Review Combo OnDemand + Qbank<\/p><\/div><\/div>\n<\/div><\/div>\n<\/div><\/div><\/section>\n<\/div><\/div>\n\n\n\n<div id=\"col-g-506fgp3\" class=\"wp-block-gutentor-m2-col col-g-506fgp3 gutentor-module gutentor-dynamic-single-column wow slideInUp grid-lg-6 grid-md-6 grid-12\" data-wow-animation=\"slideInUp\" data-wow-delay=\"0.2s\" data-wow-duration=\"1s\" data-wow-iteration=\"1\"><div id=\"section-g-506fgp3\" class=\"section-g-506fgp3 gutentor-single-col\">\n<section id=\"g-ree1uii\" class=\"wp-block-gutentor-m4 section-g-ree1uii gutentor-module gutentor-advanced-columns\"><div class=\"grid-container gutentor-rm-ct-space\"><div class=\"grid-row\">\n<div id=\"col-g-d11q1sx\" class=\"wp-block-gutentor-m4-col col-g-d11q1sx gutentor-single-column  grid-lg-3 grid-md-3 grid-3\"><div id=\"section-g-d11q1sx\" class=\"section-g-d11q1sx gutentor-col-wrap\">\n<div id=\"section-g-268gx1u\" class=\"wp-block-gutentor-e5 section-g-268gx1u gutentor-element gutentor-element-icon gutentor-icon-default text-align-center-mobile\"><div class=\"gutentor-element-icon-box\"><i class=\"fas fa-check\"><\/i><\/div><\/div>\n<\/div><\/div>\n\n\n\n<div id=\"col-g-eksxeom\" class=\"wp-block-gutentor-m4-col col-g-eksxeom gutentor-single-column  grid-lg-9 grid-md-9 grid-9\"><div id=\"section-g-eksxeom\" class=\"section-g-eksxeom gutentor-col-wrap\">\n<div id=\"section-g-ve7jobj\" class=\"wp-block-gutentor-e0 section-g-ve7jobj gutentor-element gutentor-element-advanced-text\"><div class=\"gutentor-text-wrap\"><h3 class=\"gutentor-text\">Revisi\u00f3n exhaustiva Saunders<\/h3><\/div><\/div>\n\n\n\n<div id=\"section-g-usew6w2\" class=\"wp-block-gutentor-e0 section-g-usew6w2 gutentor-element gutentor-element-advanced-text\"><div class=\"gutentor-text-wrap\"><p class=\"gutentor-text\">Un (1) Examen Saunders Comprehensive Review for the NCLEX-RN Examination &#8211; versi\u00f3n web<\/p><\/div><\/div>\n<\/div><\/div>\n<\/div><\/div><\/section>\n<\/div><\/div>\n\n\n\n<div id=\"col-g-s5i56g5\" class=\"wp-block-gutentor-m2-col col-g-s5i56g5 gutentor-module gutentor-dynamic-single-column wow slideInUp grid-lg-6 grid-md-6 grid-12\" data-wow-animation=\"slideInUp\" data-wow-delay=\"0.2s\" data-wow-duration=\"1s\" data-wow-iteration=\"1\"><div id=\"section-g-s5i56g5\" class=\"section-g-s5i56g5 gutentor-single-col\">\n<section id=\"g-mi917o1\" class=\"wp-block-gutentor-m4 section-g-mi917o1 gutentor-module gutentor-advanced-columns\"><div class=\"grid-container gutentor-rm-ct-space\"><div class=\"grid-row\">\n<div id=\"col-g-ieepe6r\" class=\"wp-block-gutentor-m4-col col-g-ieepe6r gutentor-single-column  grid-lg-3 grid-md-3 grid-3\"><div id=\"section-g-ieepe6r\" class=\"section-g-ieepe6r gutentor-col-wrap\">\n<div id=\"section-g-0lh9x0q\" class=\"wp-block-gutentor-e5 section-g-0lh9x0q gutentor-element gutentor-element-icon gutentor-icon-default text-align-center-mobile\"><div class=\"gutentor-element-icon-box\"><i class=\"fas fa-check\"><\/i><\/div><\/div>\n<\/div><\/div>\n\n\n\n<div id=\"col-g-smskxlm\" class=\"wp-block-gutentor-m4-col col-g-smskxlm gutentor-single-column  grid-lg-9 grid-md-9 grid-9\"><div id=\"section-g-smskxlm\" class=\"section-g-smskxlm gutentor-col-wrap\">\n<div id=\"section-g-o199blm\" class=\"wp-block-gutentor-e0 section-g-o199blm gutentor-element gutentor-element-advanced-text\"><div class=\"gutentor-text-wrap\"><h3 class=\"gutentor-text\">Examen NCLEX-RN<\/h3><\/div><\/div>\n\n\n\n<div id=\"section-g-taed1en\" class=\"wp-block-gutentor-e0 section-g-taed1en gutentor-element gutentor-element-advanced-text\"><div class=\"gutentor-text-wrap\"><p class=\"gutentor-text\">Un (1) examen NCLEX-RN<\/p><\/div><\/div>\n<\/div><\/div>\n<\/div><\/div><\/section>\n<\/div><\/div>\n\n\n\n<div id=\"col-g-0r1r7mg\" class=\"wp-block-gutentor-m2-col col-g-0r1r7mg gutentor-module gutentor-dynamic-single-column wow slideInUp grid-lg-6 grid-md-6 grid-12\" data-wow-animation=\"slideInUp\" data-wow-delay=\"0.2s\" data-wow-duration=\"1s\" data-wow-iteration=\"1\"><div id=\"section-g-0r1r7mg\" class=\"section-g-0r1r7mg gutentor-single-col\">\n<section id=\"g-egl7cmv\" class=\"wp-block-gutentor-m4 section-g-egl7cmv gutentor-module gutentor-advanced-columns\"><div class=\"grid-container gutentor-rm-ct-space\"><div class=\"grid-row\">\n<div id=\"col-g-ex1zds7\" class=\"wp-block-gutentor-m4-col col-g-ex1zds7 gutentor-single-column  grid-lg-3 grid-md-3 grid-3\"><div id=\"section-g-ex1zds7\" class=\"section-g-ex1zds7 gutentor-col-wrap\">\n<div id=\"section-g-33ms8nc\" class=\"wp-block-gutentor-e5 section-g-33ms8nc gutentor-element gutentor-element-icon gutentor-icon-default text-align-center-mobile\"><div class=\"gutentor-element-icon-box\"><i class=\"fas fa-check\"><\/i><\/div><\/div>\n<\/div><\/div>\n\n\n\n<div id=\"col-g-7w3r7cr\" class=\"wp-block-gutentor-m4-col col-g-7w3r7cr gutentor-single-column  grid-lg-9 grid-md-9 grid-9\"><div id=\"section-g-7w3r7cr\" class=\"section-g-7w3r7cr gutentor-col-wrap\">\n<div id=\"section-g-s06rsk3\" class=\"wp-block-gutentor-e0 section-g-s06rsk3 gutentor-element gutentor-element-advanced-text\"><div class=\"gutentor-text-wrap\"><h3 class=\"gutentor-text\">BSR Idiomas<\/h3><\/div><\/div>\n\n\n\n<div id=\"section-g-03t111o\" class=\"wp-block-gutentor-e0 section-g-03t111o gutentor-element gutentor-element-advanced-text\"><div class=\"gutentor-text-wrap\"><p class=\"gutentor-text\">Dieciocho (18) meses de preparaci\u00f3n intensiva en ingl\u00e9s<\/p><\/div><\/div>\n<\/div><\/div>\n<\/div><\/div><\/section>\n<\/div><\/div>\n\n\n\n<div id=\"col-g-ghjh4v1\" class=\"wp-block-gutentor-m2-col col-g-ghjh4v1 gutentor-module gutentor-dynamic-single-column wow slideInUp grid-lg-6 grid-md-6 grid-12\" data-wow-animation=\"slideInUp\" data-wow-delay=\"0.2s\" data-wow-duration=\"1s\" data-wow-iteration=\"1\"><div id=\"section-g-ghjh4v1\" class=\"section-g-ghjh4v1 gutentor-single-col\">\n<section id=\"g-979glbp\" class=\"wp-block-gutentor-m4 section-g-979glbp gutentor-module gutentor-advanced-columns\"><div class=\"grid-container gutentor-rm-ct-space\"><div class=\"grid-row\">\n<div id=\"col-g-eesnpq1\" class=\"wp-block-gutentor-m4-col col-g-eesnpq1 gutentor-single-column  grid-lg-3 grid-md-3 grid-3\"><div id=\"section-g-eesnpq1\" class=\"section-g-eesnpq1 gutentor-col-wrap\">\n<div id=\"section-g-hm6495b\" class=\"wp-block-gutentor-e5 section-g-hm6495b gutentor-element gutentor-element-icon gutentor-icon-default text-align-center-mobile\"><div class=\"gutentor-element-icon-box\"><i class=\"fas fa-check\"><\/i><\/div><\/div>\n<\/div><\/div>\n\n\n\n<div id=\"col-g-sii7w7x\" class=\"wp-block-gutentor-m4-col col-g-sii7w7x gutentor-single-column  grid-lg-9 grid-md-9 grid-9\"><div id=\"section-g-sii7w7x\" class=\"section-g-sii7w7x gutentor-col-wrap\">\n<div id=\"section-g-tymlwlg\" class=\"wp-block-gutentor-e0 section-g-tymlwlg gutentor-element gutentor-element-advanced-text\"><div class=\"gutentor-text-wrap\"><h3 class=\"gutentor-text\">Examen de aptitud de ingl\u00e9s<\/h3><\/div><\/div>\n\n\n\n<div id=\"section-g-ene3zee\" class=\"wp-block-gutentor-e0 section-g-ene3zee gutentor-element gutentor-element-advanced-text\"><div class=\"gutentor-text-wrap\"><p class=\"gutentor-text\">Un (1) examen de competencia en ingl\u00e9s: TOEFL o IELTS<\/p><\/div><\/div>\n<\/div><\/div>\n<\/div><\/div><\/section>\n<\/div><\/div>\n\n\n\n<div id=\"col-g-3j9u8e7\" class=\"wp-block-gutentor-m2-col col-g-3j9u8e7 gutentor-module gutentor-dynamic-single-column wow slideInUp grid-lg-6 grid-md-6 grid-12\" data-wow-animation=\"slideInUp\" data-wow-delay=\"0.2s\" data-wow-duration=\"1s\" data-wow-iteration=\"1\"><div id=\"section-g-3j9u8e7\" class=\"section-g-3j9u8e7 gutentor-single-col\">\n<section id=\"g-kbllhk9\" class=\"wp-block-gutentor-m4 section-g-kbllhk9 gutentor-module gutentor-advanced-columns\"><div class=\"grid-container gutentor-rm-ct-space\"><div class=\"grid-row\">\n<div id=\"col-g-tuh669t\" class=\"wp-block-gutentor-m4-col col-g-tuh669t gutentor-single-column  grid-lg-3 grid-md-3 grid-3\"><div id=\"section-g-tuh669t\" class=\"section-g-tuh669t gutentor-col-wrap\">\n<div id=\"section-g-7838chg\" class=\"wp-block-gutentor-e5 section-g-7838chg gutentor-element gutentor-element-icon gutentor-icon-default text-align-center-mobile\"><div class=\"gutentor-element-icon-box\"><i class=\"fas fa-check\"><\/i><\/div><\/div>\n<\/div><\/div>\n\n\n\n<div id=\"col-g-d5p8wds\" class=\"wp-block-gutentor-m4-col col-g-d5p8wds gutentor-single-column  grid-lg-9 grid-md-9 grid-9\"><div id=\"section-g-d5p8wds\" class=\"section-g-d5p8wds gutentor-col-wrap\">\n<div id=\"section-g-ryciil7\" class=\"wp-block-gutentor-e0 section-g-ryciil7 gutentor-element gutentor-element-advanced-text\"><div class=\"gutentor-text-wrap\"><h3 class=\"gutentor-text\">Servicios de asesoramiento<\/h3><\/div><\/div>\n\n\n\n<div id=\"section-g-aiuef1l\" class=\"wp-block-gutentor-e0 section-g-aiuef1l gutentor-element gutentor-element-advanced-text\"><div class=\"gutentor-text-wrap\"><p class=\"gutentor-text\">Servicios de asesoramiento<\/p><\/div><\/div>\n<\/div><\/div>\n<\/div><\/div><\/section>\n<\/div><\/div>\n<\/div><\/div><\/section>\n<\/div><\/div>\n<\/div><\/div><\/section>\n","protected":false},"excerpt":{"rendered":"","protected":false},"author":1,"featured_media":0,"parent":0,"menu_order":0,"comment_status":"closed","ping_status":"closed","template":"","meta":{"_eb_attr":"","footnotes":""},"class_list":["post-972","page","type-page","status-publish","hentry"],"_links":{"self":[{"href":"https:\/\/advisory.nashgroup.com\/es\/wp-json\/wp\/v2\/pages\/972","targetHints":{"allow":["GET"]}}],"collection":[{"href":"https:\/\/advisory.nashgroup.com\/es\/wp-json\/wp\/v2\/pages"}],"about":[{"href":"https:\/\/advisory.nashgroup.com\/es\/wp-json\/wp\/v2\/types\/page"}],"author":[{"embeddable":true,"href":"https:\/\/advisory.nashgroup.com\/es\/wp-json\/wp\/v2\/users\/1"}],"replies":[{"embeddable":true,"href":"https:\/\/advisory.nashgroup.com\/es\/wp-json\/wp\/v2\/comments?post=972"}],"version-history":[{"count":3,"href":"https:\/\/advisory.nashgroup.com\/es\/wp-json\/wp\/v2\/pages\/972\/revisions"}],"predecessor-version":[{"id":1671,"href":"https:\/\/advisory.nashgroup.com\/es\/wp-json\/wp\/v2\/pages\/972\/revisions\/1671"}],"wp:attachment":[{"href":"https:\/\/advisory.nashgroup.com\/es\/wp-json\/wp\/v2\/media?parent=972"}],"curies":[{"name":"wp","href":"https:\/\/api.w.org\/{rel}","templated":true}]}}