{"id":1472,"date":"2025-06-26T13:31:38","date_gmt":"2025-06-26T19:31:38","guid":{"rendered":"https:\/\/advisory.nashgroup.com\/product\/servicio-completo-4500\/"},"modified":"2025-06-27T09:51:59","modified_gmt":"2025-06-27T15:51:59","slug":"servicio-completo-4500","status":"publish","type":"product","link":"https:\/\/advisory.nashgroup.com\/es\/product\/servicio-completo-4500\/","title":{"rendered":"Servicio completo 4500"},"content":{"rendered":"<p>Incluye:<\/p>\n<ul>\n<li>Una (1) Verificaci\u00f3n del T\u00edtulo Profesional de Enfermer\u00eda<\/li>\n<li>Un (1) T\u00edtulo Profesional de Enfermer\u00eda Servicios de Traducci\u00f3n para Verificaci\u00f3n<\/li>\n<li>Uno (1) Servicios de Certificaci\u00f3n de la Junta de Enfermer\u00eda<\/li>\n<li>Veinticuatro (24) semanas Nash Institute preliminary NCLEX-RN review programa biling\u00fce<\/li>\n<li>Veinticuatro (24) semanas Nash Institute NCLEX-RN Programa de repaso s\u00f3lo en ingl\u00e9s<\/li>\n<li>Un (1) a\u00f1o ArcherReview\u2122 Next-Gen NCLEX RN Rapid Review Combo OnDemand + Qbank<\/li>\n<li>Un (1) Saunders Comprehensive Review for the NCLEX-RN\u00ae Examination &#8211; versi\u00f3n web<\/li>\n<li>Una (1) prueba del examen NCLEX-RN<\/li>\n<li>Dieciocho (18) meses de preparaci\u00f3n intensiva de ingl\u00e9s con BSR Idiomas<\/li>\n<li>Un (1) examen de aptitud en ingl\u00e9s: TOEFL u OET<\/li>\n<li>Servicios de asesoramiento<\/li>\n<\/ul>\n","protected":false},"excerpt":{"rendered":"<ul>\n<li>Una (1) Verificaci\u00f3n del T\u00edtulo Profesional de Enfermer\u00eda<\/li>\n<li>Un (1) T\u00edtulo Profesional de Enfermer\u00eda Servicios de Traducci\u00f3n para Verificaci\u00f3n<\/li>\n<li>Uno (1) Servicios de Certificaci\u00f3n de la Junta de Enfermer\u00eda<\/li>\n<li>Veinticuatro (24) semanas Nash Institute preliminary NCLEX-RN review programa biling\u00fce<\/li>\n<li>Veinticuatro (24) semanas Nash Institute NCLEX-RN Programa de repaso s\u00f3lo en ingl\u00e9s<\/li>\n<li>Un (1) a\u00f1o ArcherReview\u2122 Next-Gen NCLEX RN Rapid Review Combo OnDemand + Qbank<\/li>\n<li>Un (1) Saunders Comprehensive Review for the NCLEX-RN\u00ae Examination &#8211; versi\u00f3n web<\/li>\n<li>Una (1) prueba del examen NCLEX-RN<\/li>\n<li>Dieciocho (18) meses de preparaci\u00f3n intensiva de ingl\u00e9s con BSR Idiomas<\/li>\n<li>Un (1) examen de aptitud en ingl\u00e9s: TOEFL u OET<\/li>\n<li>Servicios de asesoramiento<\/li>\n<\/ul>\n","protected":false},"featured_media":1476,"comment_status":"open","ping_status":"closed","template":"","meta":{"_eb_attr":""},"product_brand":[],"product_cat":[34],"product_tag":[],"class_list":{"0":"post-1472","1":"product","2":"type-product","3":"status-publish","4":"has-post-thumbnail","6":"product_cat-asesoramiento","8":"first","9":"instock","10":"virtual","11":"purchasable","12":"product-type-simple"},"_links":{"self":[{"href":"https:\/\/advisory.nashgroup.com\/es\/wp-json\/wp\/v2\/product\/1472","targetHints":{"allow":["GET"]}}],"collection":[{"href":"https:\/\/advisory.nashgroup.com\/es\/wp-json\/wp\/v2\/product"}],"about":[{"href":"https:\/\/advisory.nashgroup.com\/es\/wp-json\/wp\/v2\/types\/product"}],"replies":[{"embeddable":true,"href":"https:\/\/advisory.nashgroup.com\/es\/wp-json\/wp\/v2\/comments?post=1472"}],"wp:featuredmedia":[{"embeddable":true,"href":"https:\/\/advisory.nashgroup.com\/es\/wp-json\/wp\/v2\/media\/1476"}],"wp:attachment":[{"href":"https:\/\/advisory.nashgroup.com\/es\/wp-json\/wp\/v2\/media?parent=1472"}],"wp:term":[{"taxonomy":"product_brand","embeddable":true,"href":"https:\/\/advisory.nashgroup.com\/es\/wp-json\/wp\/v2\/product_brand?post=1472"},{"taxonomy":"product_cat","embeddable":true,"href":"https:\/\/advisory.nashgroup.com\/es\/wp-json\/wp\/v2\/product_cat?post=1472"},{"taxonomy":"product_tag","embeddable":true,"href":"https:\/\/advisory.nashgroup.com\/es\/wp-json\/wp\/v2\/product_tag?post=1472"}],"curies":[{"name":"wp","href":"https:\/\/api.w.org\/{rel}","templated":true}]}}