{"id":1537,"date":"2025-06-27T10:21:27","date_gmt":"2025-06-27T16:21:27","guid":{"rendered":"https:\/\/advisory.nashgroup.com\/product\/primer-pago-servicio-completo-23-meses\/"},"modified":"2025-06-27T10:24:43","modified_gmt":"2025-06-27T16:24:43","slug":"primer-pago-servicio-completo-23-meses","status":"publish","type":"product","link":"https:\/\/advisory.nashgroup.com\/es\/product\/primer-pago-servicio-completo-23-meses\/","title":{"rendered":"Primer pago &#8211; Servicio completo 23 meses"},"content":{"rendered":"<p>Incluye:<\/p>\n<ul>\n<li>Una (1) Verificaci\u00f3n del T\u00edtulo Profesional de Enfermer\u00eda<\/li>\n<li>Un (1) T\u00edtulo Profesional de Enfermer\u00eda Servicios de Traducci\u00f3n para Verificaci\u00f3n<\/li>\n<li>Uno (1) Servicios de Certificaci\u00f3n de la Junta de Enfermer\u00eda<\/li>\n<li>Veinticuatro (24) semanas Nash Institute NCLEX-RN revisi\u00f3n preliminar del programa biling\u00fce<\/li>\n<li>Veinticuatro (24) semanas Nash Institute preliminary NCLEX-RN review programa biling\u00fce<\/li>\n<li>Un (1) a\u00f1o ArcherReview\u2122 Next-Gen NCLEX RN Rapid Review Combo OnDemand + Qbank<\/li>\n<li>Un (1) Saunders Comprehensive Review for the NCLEX-RN\u00ae Examination &#8211; versi\u00f3n web<\/li>\n<li>Un (1) examen NCLEX-RN<\/li>\n<li>Dieciocho (18) meses de preparaci\u00f3n intensiva de ingl\u00e9s con BSR Idiomas<\/li>\n<li>Un (1) examen de aptitud en ingl\u00e9s: TOEFL u OET<\/li>\n<li>Servicios de asesoramiento<\/li>\n<\/ul>\n","protected":false},"excerpt":{"rendered":"<ul>\n<li>Una (1) Verificaci\u00f3n del T\u00edtulo Profesional de Enfermer\u00eda<\/li>\n<li>Un (1) T\u00edtulo Profesional de Enfermer\u00eda Servicios de Traducci\u00f3n para Verificaci\u00f3n<\/li>\n<li>Uno (1) Servicios de Certificaci\u00f3n de la Junta de Enfermer\u00eda<\/li>\n<li>Veinticuatro (24) semanas Nash Institute NCLEX-RN revisi\u00f3n preliminar del programa biling\u00fce<\/li>\n<li>Veinticuatro (24) semanas Nash Institute preliminary NCLEX-RN review programa biling\u00fce<\/li>\n<li>Un (1) a\u00f1o ArcherReview\u2122 Next-Gen NCLEX RN Rapid Review Combo OnDemand + Qbank<\/li>\n<li>Un (1) Saunders Comprehensive Review for the NCLEX-RN\u00ae Examination &#8211; versi\u00f3n web<\/li>\n<li>Un (1) examen NCLEX-RN<\/li>\n<li>Dieciocho (18) meses de preparaci\u00f3n intensiva de ingl\u00e9s con BSR Idiomas<\/li>\n<li>Un (1) examen de aptitud en ingl\u00e9s: TOEFL u OET<\/li>\n<li>Servicios de asesoramiento<\/li>\n<\/ul>\n","protected":false},"featured_media":1541,"comment_status":"closed","ping_status":"closed","template":"","meta":{"_eb_attr":""},"product_brand":[],"product_cat":[31],"product_tag":[],"class_list":{"0":"post-1537","1":"product","2":"type-product","3":"status-publish","4":"has-post-thumbnail","6":"product_cat-sin-categoria","8":"first","9":"instock","10":"virtual","11":"purchasable","12":"product-type-simple"},"_links":{"self":[{"href":"https:\/\/advisory.nashgroup.com\/es\/wp-json\/wp\/v2\/product\/1537","targetHints":{"allow":["GET"]}}],"collection":[{"href":"https:\/\/advisory.nashgroup.com\/es\/wp-json\/wp\/v2\/product"}],"about":[{"href":"https:\/\/advisory.nashgroup.com\/es\/wp-json\/wp\/v2\/types\/product"}],"replies":[{"embeddable":true,"href":"https:\/\/advisory.nashgroup.com\/es\/wp-json\/wp\/v2\/comments?post=1537"}],"wp:featuredmedia":[{"embeddable":true,"href":"https:\/\/advisory.nashgroup.com\/es\/wp-json\/wp\/v2\/media\/1541"}],"wp:attachment":[{"href":"https:\/\/advisory.nashgroup.com\/es\/wp-json\/wp\/v2\/media?parent=1537"}],"wp:term":[{"taxonomy":"product_brand","embeddable":true,"href":"https:\/\/advisory.nashgroup.com\/es\/wp-json\/wp\/v2\/product_brand?post=1537"},{"taxonomy":"product_cat","embeddable":true,"href":"https:\/\/advisory.nashgroup.com\/es\/wp-json\/wp\/v2\/product_cat?post=1537"},{"taxonomy":"product_tag","embeddable":true,"href":"https:\/\/advisory.nashgroup.com\/es\/wp-json\/wp\/v2\/product_tag?post=1537"}],"curies":[{"name":"wp","href":"https:\/\/api.w.org\/{rel}","templated":true}]}}