{"id":1348,"date":"2025-04-15T13:46:18","date_gmt":"2025-04-15T19:46:18","guid":{"rendered":"https:\/\/advisory.nashgroup.com\/depoimentos\/"},"modified":"2025-04-15T14:10:06","modified_gmt":"2025-04-15T20:10:06","slug":"depoimentos","status":"publish","type":"page","link":"https:\/\/advisory.nashgroup.com\/pt-br\/depoimentos\/","title":{"rendered":"Depoimentos"},"content":{"rendered":"\n<section id=\"section-g-776exma\" class=\"wp-block-gutentor-image-slider gutentor-section gutentor-image-slider imageSlider-template1\"><div class=\"gutentor-grid-item-wrap\"><div class=\"gutentor-slider-wrapper\" data-dots=\"true\" data-arrows=\"true\" data-infinite=\"false\" data-nextarrow=\"fas fa-angle-right\" data-prevarrow=\"fas fa-angle-left\" data-autoplay=\"true\" data-autoplayspeed=\"500\" data-fade=\"false\" data-speed=\"300\"><div class=\"gutentor-slider-item\"><div class=\"gutentor-single-item gutentor-single-item-0\"><div class=\"gutentor-single-item-wrap\"><div class=\"gutentor-single-item-image-box\"><div class=\"gutentor-image-thumb\"><img loading=\"lazy\" decoding=\"async\" class=\"normal-image\" src=\"https:\/\/advisory.nashgroup.com\/wp-content\/uploads\/2024\/11\/element-nash-analytics-1600x600-1-1.jpg\" alt=\"\" height=\"600\" width=\"1600\" \/><\/div><\/div><div class=\"gutentor-single-item-content\"><div class=\"grid-container\"><div class=\"slider-caption text-left\"><h3 class=\"gutentor-single-item-title\"><strong>Depoimentos<\/strong><\/h3><p class=\"gutentor-single-item-desc\"><\/p><\/div><\/div><\/div><\/div><\/div><\/div><\/div><\/div><\/section>\n\n\n\n<section id=\"section-01f25d47-ede7-43c8-9385-01a721b60abf\" class=\"wp-block-gutentor-testimonial gutentor-section gutentor-testimonial testimonial-template3 has-color-bg has-custom-bg has-gutentor-block-shape-top\"><div class=\"gutentor-block-shape-top\"><span><svg xmlns=\"http:\/\/www.w3.org\/2000\/svg\" viewBox=\"0 0 1000 99\" preserveAspectRatio=\"none\"><path d=\"M526.35,17.11C607.41,28.38,687,48.17,768.06,59.5A1149.19,1149.19,0,0,0,1000,68.07V0H0V99C155.18,13.84,347.42-7.77,526.35,17.11Z\" transform=\"translate(0 0.04)\"><\/path><\/svg><\/span><\/div><div class=\"grid-container\"><div class=\"gutentor-block-header\"><div class=\"gutentor-section-title text-center\"><h2 class=\"gutentor-title\">Nossos clientes acreditam em n\u00f3s<\/h2><\/div><\/div><div class=\"grid-row gutentor-grid-item-wrap\"><div class=\"gutentor-grid-column grid-lg-4 grid-md-4 grid-12\"><div class=\"gutentor-single-item gutentor-single-item-0\"><div class=\"gutentor-single-item-content\"><div class=\"gutentor-single-item-image-box\"><div class=\"gutentor-image-thumb\"><img loading=\"lazy\" decoding=\"async\" class=\"normal-image\" src=\"https:\/\/advisory.nashgroup.com\/wp-content\/uploads\/2025\/04\/viviana.jpg\" alt=\"\" height=\"166\" width=\"120\" \/><\/div><\/div><div class=\"gutentor-testimonial-content\"><div class=\"gutentor-testimonial-author\"><a class=\"gutentor-single-item-title-link\" href=\"#\" target=\"_blank\" rel=\"noopener noreferrer\"><h3 class=\"gutentor-single-item-title\"><strong><em>Viviana Daza<\/em><\/strong><\/h3><\/a><p class=\"gutentor-single-item-designation\">RN<\/p><\/div><p class=\"gutentor-single-item-desc\">Nursing Advisory \u00e9 a mais \u00fatil<br>A Nursing Advisory Services \u00e9 uma empresa onde encontrei um grupo de pessoas dispostas a todo momento a facilitar meu processo de aprova\u00e7\u00e3o e prepara\u00e7\u00e3o para o NCLEX, sempre fornecendo informa\u00e7\u00f5es claras, super atenta a cada preocupa\u00e7\u00e3o e me levando pela m\u00e3o em cada uma das etapas do processo, o que garante um processo \u00e1gil, com m\u00ednima perda de tempo e a tranq\u00fcilidade de estar nas melhores m\u00e3os para realizar seu sonho e se tornar uma enfermeira registrada nos Estados Unidos.Eles s\u00e3o os melhores n\u00e3o apenas como empresa, mas como pessoas!<\/p><\/div><\/div><\/div><\/div><div class=\"gutentor-grid-column grid-lg-4 grid-md-4 grid-12\"><div class=\"gutentor-single-item gutentor-single-item-1\"><div class=\"gutentor-single-item-content\"><div class=\"gutentor-single-item-image-box\"><div class=\"gutentor-image-thumb\"><img loading=\"lazy\" decoding=\"async\" class=\"normal-image\" src=\"https:\/\/advisory.nashgroup.com\/wp-content\/uploads\/2025\/04\/Jorge-Suarez.jpg\" alt=\"\" height=\"142\" width=\"120\" \/><\/div><\/div><div class=\"gutentor-testimonial-content\"><div class=\"gutentor-testimonial-author\"><a class=\"gutentor-single-item-title-link\" href=\"#\" target=\"_blank\" rel=\"noopener noreferrer\"><h3 class=\"gutentor-single-item-title\"><strong><em>Jorge Ivan Suarez<\/em><\/strong><\/h3><\/a><p class=\"gutentor-single-item-designation\">RN<\/p><\/div><p class=\"gutentor-single-item-desc\">O Grupo Nash \u00e9 uma empresa em que se pode confiar.<br>O Grupo Nash \u00e9 uma empresa em que se pode confiar. Tudo o que eles nos disseram que ia acontecer tornou-se realidade. Estou muito grato por ter trabalhado com a empresa certa. Colocaram-nos num grande hospital.  <\/p><\/div><\/div><\/div><\/div><div class=\"gutentor-grid-column grid-lg-4 grid-md-4 grid-12\"><div class=\"gutentor-single-item gutentor-single-item-2\"><div class=\"gutentor-single-item-content\"><div class=\"gutentor-single-item-image-box\"><div class=\"gutentor-image-thumb\"><img loading=\"lazy\" decoding=\"async\" class=\"normal-image\" src=\"https:\/\/advisory.nashgroup.com\/wp-content\/uploads\/2025\/04\/WhatsApp-Image-2021-12-23-at-3.09.36-PM.jpg\" alt=\"\" height=\"180\" width=\"120\" \/><\/div><\/div><div class=\"gutentor-testimonial-content\"><div class=\"gutentor-testimonial-author\"><a class=\"gutentor-single-item-title-link\" href=\"#\" target=\"_blank\" rel=\"noopener noreferrer\"><h3 class=\"gutentor-single-item-title\"><strong><em>Sandra Paola Vargas<\/em><\/strong><\/h3><\/a><p class=\"gutentor-single-item-designation\">RN<\/p><\/div><p class=\"gutentor-single-item-desc\">Nursing Advisory ajudou-me a realizar os meus sonhos<br>Com a ajuda da Nursing Advisory o meu processo de acredita\u00e7\u00e3o teve um resultado positivo. Encontrei conselhos para a minha documenta\u00e7\u00e3o e orienta\u00e7\u00e3o tanto pessoal como profissional para quaisquer d\u00favidas que surgissem. Desde o in\u00edcio conheci os diferentes passos para realizar o meu sonho e de uma forma clara e objectiva cada um deles foi realizado com o apoio adequado. No final, posso dizer que gra\u00e7as ao seu apoio e \u00e0 minha perseveran\u00e7a e disciplina, hoje sou enfermeira registada nos Estados Unidos. <\/p><\/div><\/div><\/div><\/div><\/div><\/div><\/section>\n\n\n\n<div class=\"wp-block-columns is-layout-flex wp-container-core-columns-is-layout-9d6595d7 wp-block-columns-is-layout-flex\">\n<div class=\"wp-block-column is-layout-flow wp-block-column-is-layout-flow\">\n<div style=\"height:41px\" aria-hidden=\"true\" class=\"wp-block-spacer\"><\/div>\n\n\n\n<h2 class=\"wp-block-heading has-text-align-center\">ASSISTA \u00c0S NOSSAS CONVERSAS CONT\u00cdNUAS COM ENFERMEIRAS INTERNACIONAIS<\/h2>\n\n\n\n<p class=\"has-text-align-center\">QUE CONCLU\u00cdRAM O PROCESSO E AGORA EST\u00c3O TRABALHANDO NOS EUA.<\/p>\n<\/div>\n<\/div>\n\n\n\n<section id=\"section-g-l1nlm5y\" class=\"wp-block-gutentor-social gutentor-section gutentor-social social-template1\"><div class=\"grid-container\"><div class=\"grid-row gutentor-grid-item-wrap\"><div class=\"gutentor-grid-column gutentor-social-item grid-lg-12 grid-md-4 grid-12\"><div class=\"gutentor-single-item gutentor-single-item-0\"><div class=\"gutentor-single-item-content\"><div class=\"gutentor-single-item-icon-box\"><a class=\"gutentor-social-icon\" href=\"https:\/\/www.youtube.com\/channel\/UCgjPoHkePOUR-7O9YuMo-MA\" target=\"_blank\"><i class=\"fab fa-youtube\"><\/i><\/a><\/div><\/div><\/div><\/div><\/div><\/div><\/section>\n\n\n\n<div id=\"section-g-cec1b00\" class=\"wp-block-gutentor-e5 section-g-cec1b00 gutentor-element gutentor-element-icon gutentor-icon-default\"><div class=\"gutentor-element-icon-box\"><i class=\"fas fa-arrow-right\"><\/i><\/div><\/div>\n","protected":false},"excerpt":{"rendered":"<p>ASSISTA \u00c0S NOSSAS CONVERSAS CONT\u00cdNUAS COM ENFERMEIRAS INTERNACIONAIS QUE CONCLU\u00cdRAM O PROCESSO E AGORA EST\u00c3O TRABALHANDO NOS EUA.<\/p>\n","protected":false},"author":1,"featured_media":0,"parent":0,"menu_order":0,"comment_status":"closed","ping_status":"closed","template":"template-gutentor-full-width.php","meta":{"_eb_attr":"","footnotes":""},"class_list":["post-1348","page","type-page","status-publish","hentry"],"_links":{"self":[{"href":"https:\/\/advisory.nashgroup.com\/pt-br\/wp-json\/wp\/v2\/pages\/1348","targetHints":{"allow":["GET"]}}],"collection":[{"href":"https:\/\/advisory.nashgroup.com\/pt-br\/wp-json\/wp\/v2\/pages"}],"about":[{"href":"https:\/\/advisory.nashgroup.com\/pt-br\/wp-json\/wp\/v2\/types\/page"}],"author":[{"embeddable":true,"href":"https:\/\/advisory.nashgroup.com\/pt-br\/wp-json\/wp\/v2\/users\/1"}],"replies":[{"embeddable":true,"href":"https:\/\/advisory.nashgroup.com\/pt-br\/wp-json\/wp\/v2\/comments?post=1348"}],"version-history":[{"count":2,"href":"https:\/\/advisory.nashgroup.com\/pt-br\/wp-json\/wp\/v2\/pages\/1348\/revisions"}],"predecessor-version":[{"id":1358,"href":"https:\/\/advisory.nashgroup.com\/pt-br\/wp-json\/wp\/v2\/pages\/1348\/revisions\/1358"}],"wp:attachment":[{"href":"https:\/\/advisory.nashgroup.com\/pt-br\/wp-json\/wp\/v2\/media?parent=1348"}],"curies":[{"name":"wp","href":"https:\/\/api.w.org\/{rel}","templated":true}]}}