{"id":919,"date":"2024-09-16T14:36:42","date_gmt":"2024-09-16T20:36:42","guid":{"rendered":"https:\/\/advisory.nashgroup.com\/por-que-nos\/"},"modified":"2025-04-11T14:38:29","modified_gmt":"2025-04-11T20:38:29","slug":"por-que-nos","status":"publish","type":"page","link":"https:\/\/advisory.nashgroup.com\/pt-br\/por-que-nos\/","title":{"rendered":"Por que n\u00f3s"},"content":{"rendered":"\n<div id=\"individualized\"><\/div>\n\n\n\n<section id=\"section-g-59l9v6a\" class=\"wp-block-gutentor-featured-block alignwide gutentor-section gutentor-featured-block featured-template1 has-color-bg has-custom-bg\"><div class=\"grid-container\"><div class=\"gutentor-grid-item-wrap\"><div class=\"gutentor-single-item\"><div class=\"grid-row\"><div class=\"grid-md-6\"><div class=\"gutentor-single-item-image-box\"><div class=\"gutentor-image-thumb\"><img loading=\"lazy\" decoding=\"async\" class=\"normal-image\" src=\"https:\/\/advisory.nashgroup.com\/wp-content\/uploads\/2024\/09\/Nash-WEB-1.jpg\" alt=\"\" height=\"679\" width=\"679\" \/><\/div><\/div><\/div><div class=\"grid-md-6\"><div class=\"gutentor-single-item-content\"><div class=\"gutentor-featured-content\"><h3 class=\"gutentor-single-item-title\"><strong><strong>Assist\u00eancia individualizada<\/strong>\u00a0<\/strong><\/h3><p class=\"gutentor-single-item-desc\">Busque com confian\u00e7a sua carreira de enfermagem nos EUA com o The Nash Group. Nossa equipe experiente oferece ampla assist\u00eancia, desde a imigra\u00e7\u00e3o e a obten\u00e7\u00e3o da licen\u00e7a at\u00e9 a coloca\u00e7\u00e3o no mercado de trabalho. N\u00f3s o orientaremos em cada etapa, garantindo uma transi\u00e7\u00e3o tranquila para sua nova vida nos Estados Unidos.<\/p><\/div><\/div><\/div><\/div><\/div><\/div><\/div><\/section>\n\n\n\n<div id=\"nclex\"><\/div>\n\n\n\n<section id=\"section-9c416a8a-0e74-4e8c-b224-8def26775243\" class=\"wp-block-gutentor-about-block gutentor-section gutentor-about about-template4 has-color-bg has-custom-bg\"><div class=\"grid-container\"><div class=\"gutentor-grid-item-wrap\"><div class=\"gutentor-single-item\"><div class=\"grid-row\"><div class=\"grid-md-6 about-grid\"><div class=\"gutentor-single-item-content\"><div class=\"gutentor-about-content\"><h2 class=\"gutentor-single-item-title\"><strong>Prepara\u00e7\u00e3o para os exames NCLEX-RN e de Profici\u00eancia em Ingl\u00eas<\/strong> <\/h2><p class=\"gutentor-single-item-desc\">O NCLEX-RN \u00e9 o exame padronizado exigido para todos os enfermeiros registrados nos Estados Unidos. Para ajud\u00e1-lo a passar por essa etapa crucial, o The Nash Institute oferece cursos de prepara\u00e7\u00e3o on-line abrangentes, adaptados para enfermeiros internacionais. Nosso programa combina treinamento no idioma, revis\u00e3o do conte\u00fado de enfermagem e estrat\u00e9gias de realiza\u00e7\u00e3o do teste para otimizar seu desempenho no exame.\u00a0<br>\u00a0<br>Para aprimorar ainda mais suas habilidades no idioma ingl\u00eas, temos uma parceria com a BSR Idiomas. Ela oferece uma ampla variedade de cursos de alta qualidade, desde ingl\u00eas geral at\u00e9 prepara\u00e7\u00e3o especializada para exames como TOEFL, IELTS e OET.\u00a0<br>  <\/p><\/div><\/div><\/div><div class=\"grid-md-6 about-grid\"><div class=\"gutentor-single-item-image-box\"><div class=\"gutentor-image-thumb\"><img loading=\"lazy\" decoding=\"async\" class=\"normal-image\" src=\"https:\/\/advisory.nashgroup.com\/wp-content\/uploads\/2024\/10\/Nash-WEB-4-2.jpg\" alt=\"\" height=\"679\" width=\"679\" \/><\/div><\/div><\/div><\/div><\/div><\/div><\/div><\/section>\n\n\n\n<div id=\"direct\"><\/div>\n\n\n\n<section id=\"section-g-kjl49qx\" class=\"wp-block-gutentor-featured-block alignwide gutentor-section gutentor-featured-block featured-template1 has-color-bg has-custom-bg\"><div class=\"grid-container\"><div class=\"gutentor-grid-item-wrap\"><div class=\"gutentor-single-item\"><div class=\"grid-row\"><div class=\"grid-md-6\"><div class=\"gutentor-single-item-image-box\"><div class=\"gutentor-image-thumb\"><img loading=\"lazy\" decoding=\"async\" class=\"normal-image\" src=\"https:\/\/advisory.nashgroup.com\/wp-content\/uploads\/2024\/09\/Nash-WEB-2.jpg\" alt=\"\" height=\"679\" width=\"679\" \/><\/div><\/div><\/div><div class=\"grid-md-6\"><div class=\"gutentor-single-item-content\"><div class=\"gutentor-featured-content\"><h3 class=\"gutentor-single-item-title\">CONTRATA\u00c7\u00c3O DIRETA<strong> por <\/strong>sistemas de sa\u00fade dos EUA\u00a0<\/h3><p class=\"gutentor-single-item-desc\">Nossos enfermeiros s\u00e3o contratados diretamente pelo sistema de sa\u00fade americano como funcion\u00e1rios permanentes, o que garante que recebam sal\u00e1rios competitivos, pacotes de benef\u00edcios abrangentes e seguran\u00e7a no emprego. Ao contr\u00e1rio dos prestadores de servi\u00e7os terceirizados, nossos enfermeiros t\u00eam os mesmos privil\u00e9gios e oportunidades que todos os outros membros da equipe.<\/p><\/div><\/div><\/div><\/div><\/div><\/div><\/div><\/section>\n\n\n\n<div id=\"support\"><\/div>\n\n\n\n<section id=\"section-g-tkhr9ol\" class=\"wp-block-gutentor-about-block gutentor-section gutentor-about about-template4 has-color-bg has-custom-bg\"><div class=\"grid-container\"><div class=\"gutentor-grid-item-wrap\"><div class=\"gutentor-single-item\"><div class=\"grid-row\"><div class=\"grid-md-6 about-grid\"><div class=\"gutentor-single-item-content\"><div class=\"gutentor-about-content\"><h2 class=\"gutentor-single-item-title\">Apoio na transi\u00e7\u00e3o para sua nova vida nos EUA.<\/h2><p class=\"gutentor-single-item-desc\">Estamos com voc\u00ea a cada passo do caminho. Nossa equipe dedicada oferece suporte abrangente, incluindo <strong>a aplica\u00e7\u00e3o para uma nova licen\u00e7a por meio do \u201cendorsement\u201d<\/strong>, imigra\u00e7\u00e3o, moradia e orienta\u00e7\u00e3o cultural, para garantir uma transi\u00e7\u00e3o bem-sucedida para sua nova vida nos EUA.\u00a0<br>Saiba mais sobre o nosso processo em uma reuni\u00e3o informativa.\u00a0<br>Reuni\u00e3o Informativa\u00a0<br>  <\/p><a class=\"gutentor-button gutentor-single-item-button gutentor-icon-hide\" href=\"https:\/\/outlook.office365.com\/book\/InformationalMeetingEnglish@nashgroup.com\/s\/_73AQkUINE2JyN3KGexLvA2\"><i class=\"gutentor-button-icon fas fa-book\"><\/i><span>Reuni\u00e3o Informativa<\/span><\/a><\/div><\/div><\/div><div class=\"grid-md-6 about-grid\"><div class=\"gutentor-single-item-image-box\"><div class=\"gutentor-image-thumb\"><img loading=\"lazy\" decoding=\"async\" class=\"normal-image\" src=\"https:\/\/advisory.nashgroup.com\/wp-content\/uploads\/2024\/10\/Nash-WEB-3-2.jpg\" alt=\"\" height=\"679\" width=\"679\" \/><\/div><\/div><\/div><\/div><\/div><\/div><\/div><\/section>\n","protected":false},"excerpt":{"rendered":"","protected":false},"author":1,"featured_media":0,"parent":0,"menu_order":0,"comment_status":"closed","ping_status":"closed","template":"template-gutentor-full-width.php","meta":{"_eb_attr":"","footnotes":""},"class_list":["post-919","page","type-page","status-publish","hentry"],"_links":{"self":[{"href":"https:\/\/advisory.nashgroup.com\/pt-br\/wp-json\/wp\/v2\/pages\/919","targetHints":{"allow":["GET"]}}],"collection":[{"href":"https:\/\/advisory.nashgroup.com\/pt-br\/wp-json\/wp\/v2\/pages"}],"about":[{"href":"https:\/\/advisory.nashgroup.com\/pt-br\/wp-json\/wp\/v2\/types\/page"}],"author":[{"embeddable":true,"href":"https:\/\/advisory.nashgroup.com\/pt-br\/wp-json\/wp\/v2\/users\/1"}],"replies":[{"embeddable":true,"href":"https:\/\/advisory.nashgroup.com\/pt-br\/wp-json\/wp\/v2\/comments?post=919"}],"version-history":[{"count":2,"href":"https:\/\/advisory.nashgroup.com\/pt-br\/wp-json\/wp\/v2\/pages\/919\/revisions"}],"predecessor-version":[{"id":1024,"href":"https:\/\/advisory.nashgroup.com\/pt-br\/wp-json\/wp\/v2\/pages\/919\/revisions\/1024"}],"wp:attachment":[{"href":"https:\/\/advisory.nashgroup.com\/pt-br\/wp-json\/wp\/v2\/media?parent=919"}],"curies":[{"name":"wp","href":"https:\/\/api.w.org\/{rel}","templated":true}]}}