{"id":927,"date":"2024-10-15T12:21:00","date_gmt":"2024-10-15T18:21:00","guid":{"rendered":"https:\/\/advisory.nashgroup.com\/inicie-seu-processo\/"},"modified":"2025-04-14T11:50:37","modified_gmt":"2025-04-14T17:50:37","slug":"inicie-seu-processo","status":"publish","type":"page","link":"https:\/\/advisory.nashgroup.com\/pt-br\/inicie-seu-processo\/","title":{"rendered":"Inicie seu processo"},"content":{"rendered":"\n<section id=\"g-ll54fg2\" class=\"wp-block-gutentor-m4 section-g-ll54fg2 gutentor-module gutentor-advanced-columns has-gutentor-overlay\"><div class=\"grid-container\"><div class=\"grid-row\">\n<div id=\"col-g-ihh3ti3\" class=\"wp-block-gutentor-m4-col col-g-ihh3ti3 gutentor-single-column  grid-lg-8 grid-md-12 grid-12\"><div id=\"section-g-ihh3ti3\" class=\"section-g-ihh3ti3 gutentor-col-wrap\">\n<div style=\"height:40px\" aria-hidden=\"true\" class=\"wp-block-spacer\"><\/div>\n\n\n\n<h2 class=\"wp-block-heading\">Inicie seu processo&nbsp;<\/h2>\n\n\n\n<p style=\"font-size:16px\">Se voc\u00ea est\u00e1 pronto para come\u00e7ar sua jornada para se tornar um enfermeiro nos EUA, agende uma reuni\u00e3o com um de nossos assessores da Nash. Essa reuni\u00e3o dar\u00e1 in\u00edcio ao seu processo, incluindo a assinatura do Contrato de Servi\u00e7os e do Contrato de Direito de Representa\u00e7\u00e3o.&nbsp;<\/p>\n\n\n\n<p style=\"font-size:16px\">Observe as seguintes diretrizes para sua reuni\u00e3o com o assessor da Nash (o n\u00e3o cumprimento pode resultar em reagendamento):&nbsp;<\/p>\n\n\n\n<ul class=\"wp-block-list\">\n<li style=\"font-size:16px\">Seja pontual.&nbsp;<\/li>\n\n\n\n<li style=\"font-size:16px\">Escolha um hor\u00e1rio em que voc\u00ea possa se concentrar totalmente, sem interrup\u00e7\u00f5es.&nbsp;<\/li>\n\n\n\n<li style=\"font-size:16px\">Tenha com voc\u00ea as informa\u00e7\u00f5es de seu passaporte. Se o seu passaporte estiver em processo para ser emitido, certifique-se de ter sua carteira de identidade nacional.&nbsp;<\/li>\n<\/ul>\n\n\n\n<p style=\"font-size:16px\">As reuni\u00f5es com nossa equipe s\u00e3o realizadas por meio do aplicativo Microsoft Teams. Caso ainda n\u00e3o o tenha instalado, fa\u00e7a o download do Microsoft Teams em seu computador com anteced\u00eancia usando os links abaixo.&nbsp;<\/p>\n\n\n\n<div id=\"section-g-r7ni6ix\" class=\"wp-block-gutentor-e2 section-g-r7ni6ix gutentor-element gutentor-element-button button-align-center-desktop\"><span class=\"gutentor-button-wrap\"><a class=\"gutentor-button gutentor-block-button gutentor-icon-hide\" href=\"https:\/\/outlook.office365.com\/book\/ServiodeAssessoria1@nashgroup.com\/ Bookings\"><i class=\"gutentor-button-icon fas fa-book\"><\/i><span>Marque sua reuni\u00e3o<\/span><\/a><\/span><\/div>\n\n\n\n<div style=\"height:40px\" aria-hidden=\"true\" class=\"wp-block-spacer\"><\/div>\n<\/div><\/div>\n\n\n\n<div id=\"col-g-wvd1i14\" class=\"wp-block-gutentor-m4-col col-g-wvd1i14 gutentor-single-column  grid-lg-4 grid-md-12 grid-12\"><div id=\"section-g-wvd1i14\" class=\"section-g-wvd1i14 gutentor-col-wrap\">\n<div style=\"height:33px\" aria-hidden=\"true\" class=\"wp-block-spacer\"><\/div>\n\n\n\n<div id=\"section-g-bqqbyby\" class=\"wp-block-gutentor-e6 section-g-bqqbyby gutentor-element gutentor-element-image\"><div class=\"gutentor-element-image-box\"><div class=\"gutentor-image-thumb\"><img decoding=\"async\" class=\"normal-image\" src=\"https:\/\/advisory.nashgroup.com\/wp-content\/uploads\/2024\/09\/nurse01.png\" \/><\/div><\/div><\/div>\n<\/div><\/div>\n<\/div><\/div><\/section>\n\n\n\n<section id=\"gm34f30a4\" class=\"wp-block-gutentor-m4 section-gm34f30a4 gutentor-module gutentor-advanced-columns has-color-bg has-custom-bg\"><div class=\"grid-container\"><div class=\"grid-row\">\n<div id=\"col-gm40716f\" class=\"wp-block-gutentor-m4-col col-gm40716f gutentor-single-column  grid-lg-5 grid-md-12 grid-12\"><div id=\"section-gm40716f\" class=\"section-gm40716f gutentor-col-wrap\">\n<h2 class=\"wp-block-heading has-text-align-center\">Downloads<\/h2>\n\n\n\n<div id=\"gm85056be\" class=\"wp-block-gutentor-m1 section-gm85056be gutentor-module gutentor-element-button-group wow slideInUp g-btn-horizontal-d g-btn-horizontal-t g-btn-horizontal-m\" data-wow-animation=\"slideInUp\" data-wow-duration=\"1s\" data-wow-iteration=\"1\"><div class=\"gutentor-element-button-group-wrap\">\n<div id=\"section-gc86d15\" class=\"wp-block-gutentor-e2 section-gc86d15 gutentor-element gutentor-element-button gutentor-btn-full-mobile\"><span class=\"gutentor-button-wrap\"><a class=\"gutentor-button gutentor-block-button gutentor-icon-before\" href=\"https:\/\/apps.apple.com\/us\/app\/microsoft-teams\/id1113153706\"><i class=\"gutentor-button-icon fab fa-apple\"><\/i><span>Baixe-o em<br><strong>App Store<\/strong><\/span><\/a><\/span><\/div>\n\n\n\n<div id=\"section-gd1db56\" class=\"wp-block-gutentor-e2 section-gd1db56 gutentor-element gutentor-element-button gutentor-btn-full-mobile\"><span class=\"gutentor-button-wrap\"><a class=\"gutentor-button gutentor-block-button gutentor-icon-before\" href=\"https:\/\/play.google.com\/store\/apps\/details?id=com.microsoft.teams\"><i class=\"gutentor-button-icon fab fa-google-play\"><\/i><span>Baixe-o em<br><strong>Google Play<\/strong><\/span><\/a><\/span><\/div>\n\n\n\n<div id=\"section-g-1xps2te\" class=\"wp-block-gutentor-e2 section-g-1xps2te gutentor-element gutentor-element-button gutentor-btn-full-mobile\"><span class=\"gutentor-button-wrap\"><a class=\"gutentor-button gutentor-block-button gutentor-icon-before\" href=\"https:\/\/www.microsoft.com\/en-us\/microsoft-teams\/download-app\"><i class=\"gutentor-button-icon fas fa-laptop\"><\/i><span>Obtenha o<strong>aplicativo<\/strong> para desktop<br><\/span><\/a><\/span><\/div>\n<\/div><\/div>\n<\/div><\/div>\n\n\n\n<div id=\"col-gm8457f6\" class=\"wp-block-gutentor-m4-col col-gm8457f6 gutentor-single-column  grid-lg-7 grid-md-12 grid-12\"><div id=\"section-gm8457f6\" class=\"section-gm8457f6 gutentor-col-wrap\">\n<div id=\"section-g-3grt4ke\" class=\"wp-block-gutentor-e6 section-g-3grt4ke gutentor-element gutentor-element-image\"><div class=\"gutentor-element-image-box\"><div class=\"gutentor-image-thumb\"><img decoding=\"async\" class=\"normal-image\" src=\"https:\/\/advisory.nashgroup.com\/wp-content\/uploads\/2024\/10\/Smartphone-2.png\" \/><\/div><\/div><\/div>\n<\/div><\/div>\n<\/div><\/div><\/section>\n\n\n\n<p><\/p>\n","protected":false},"excerpt":{"rendered":"","protected":false},"author":1,"featured_media":0,"parent":0,"menu_order":0,"comment_status":"closed","ping_status":"closed","template":"template-gutentor-full-width.php","meta":{"_eb_attr":"","footnotes":""},"class_list":["post-927","page","type-page","status-publish","hentry"],"_links":{"self":[{"href":"https:\/\/advisory.nashgroup.com\/pt-br\/wp-json\/wp\/v2\/pages\/927","targetHints":{"allow":["GET"]}}],"collection":[{"href":"https:\/\/advisory.nashgroup.com\/pt-br\/wp-json\/wp\/v2\/pages"}],"about":[{"href":"https:\/\/advisory.nashgroup.com\/pt-br\/wp-json\/wp\/v2\/types\/page"}],"author":[{"embeddable":true,"href":"https:\/\/advisory.nashgroup.com\/pt-br\/wp-json\/wp\/v2\/users\/1"}],"replies":[{"embeddable":true,"href":"https:\/\/advisory.nashgroup.com\/pt-br\/wp-json\/wp\/v2\/comments?post=927"}],"version-history":[{"count":3,"href":"https:\/\/advisory.nashgroup.com\/pt-br\/wp-json\/wp\/v2\/pages\/927\/revisions"}],"predecessor-version":[{"id":1068,"href":"https:\/\/advisory.nashgroup.com\/pt-br\/wp-json\/wp\/v2\/pages\/927\/revisions\/1068"}],"wp:attachment":[{"href":"https:\/\/advisory.nashgroup.com\/pt-br\/wp-json\/wp\/v2\/media?parent=927"}],"curies":[{"name":"wp","href":"https:\/\/api.w.org\/{rel}","templated":true}]}}