{"id":931,"date":"2024-10-21T13:17:59","date_gmt":"2024-10-21T19:17:59","guid":{"rendered":"https:\/\/advisory.nashgroup.com\/ingles-bsr\/"},"modified":"2025-06-30T17:13:11","modified_gmt":"2025-06-30T23:13:11","slug":"ingles-bsr","status":"publish","type":"page","link":"https:\/\/advisory.nashgroup.com\/pt-br\/ingles-bsr\/","title":{"rendered":"Ingl\u00eas BSR"},"content":{"rendered":"\n<section id=\"gmc94e5ca\" class=\"wp-block-gutentor-m4 section-gmc94e5ca gutentor-module gutentor-advanced-columns has-color-bg has-custom-bg\"><div class=\"grid-container\"><div class=\"grid-row\">\n<div id=\"col-gmd1c9b2\" class=\"wp-block-gutentor-m4-col col-gmd1c9b2 gutentor-single-column  grid-lg-3 grid-md-12 grid-12\"><div id=\"section-gmd1c9b2\" class=\"section-gmd1c9b2 gutentor-col-wrap\">\n<section id=\"gme311db8\" class=\"wp-block-gutentor-m3 section-gme311db8 gutentor-module gutentor-container-cover has-image-bg has-custom-bg has-gutentor-overlay g-valign-c-mobile g-valign-c-tablet g-valign-c-desktop wow slideInUp\" data-wow-animation=\"slideInUp\" data-wow-duration=\"1s\" data-wow-iteration=\"1\"><div class=\"grid-container gutentor-rm-ct-space\">\n<div id=\"section-g23e97a\" class=\"wp-block-gutentor-e0 section-g23e97a gutentor-element gutentor-element-advanced-text text-align-center-mobile\"><div class=\"gutentor-text-wrap\"><p class=\"gutentor-text\">Os melhores benef\u00edcios<\/p><\/div><\/div>\n\n\n\n<div id=\"section-g31997e\" class=\"wp-block-gutentor-e0 section-g31997e gutentor-element gutentor-element-advanced-text text-align-center-mobile\"><div class=\"gutentor-text-wrap\"><p class=\"gutentor-text\"><strong>$1,000<\/strong><\/p><\/div><\/div>\n\n\n\n<div id=\"section-g21e3a4\" class=\"wp-block-gutentor-e0 section-g21e3a4 gutentor-element gutentor-element-advanced-text text-align-center-mobile\"><div class=\"gutentor-text-wrap\"><p class=\"gutentor-text\"><\/p><\/div><\/div>\n\n\n\n<div id=\"section-gd502f1\" class=\"wp-block-gutentor-e2 section-gd502f1 gutentor-element gutentor-element-button button-align-center-mobile\"><span class=\"gutentor-button-wrap\"><a class=\"gutentor-button gutentor-block-button gutentor-icon-after\" href=\"https:\/\/advisory.nashgroup.com\/pt-br\/product\/ingles\/\"><i class=\"gutentor-button-icon fas fa-arrow-right\"><\/i><span>Obtenha agora<\/span><\/a><\/span><\/div>\n<\/div><\/section>\n<\/div><\/div>\n\n\n\n<div id=\"col-gmeb31ee\" class=\"wp-block-gutentor-m4-col col-gmeb31ee gutentor-single-column  grid-lg-9 grid-md-12 grid-12\"><div id=\"section-gmeb31ee\" class=\"section-gmeb31ee gutentor-col-wrap\">\n<div id=\"section-g0130af\" class=\"wp-block-gutentor-e1 section-g0130af gutentor-element gutentor-element-advanced-text gutentor-width-enabled wow slideInUp\" data-wow-animation=\"slideInUp\" data-wow-duration=\"1s\"><div class=\"gutentor-text-wrap\"><h2 class=\"gutentor-text\"><strong>Pagamento \u00e0 vista<\/strong><\/h2><\/div><\/div>\n\n\n\n<section id=\"gmbf49a85\" class=\"wp-block-gutentor-m2 section-gmbf49a85 gutentor-module gutentor-dynamic-columns\"><div class=\"grid-container gutentor-rm-ct-space\"><div class=\"grid-row\">\n<div id=\"col-gm0f3737\" class=\"wp-block-gutentor-m2-col col-gm0f3737 gutentor-module gutentor-dynamic-single-column wow slideInUp grid-lg-6 grid-md-6 grid-12\" data-wow-animation=\"slideInUp\" data-wow-delay=\"0.1s\" data-wow-duration=\"1s\" data-wow-iteration=\"1\"><div id=\"section-gm0f3737\" class=\"section-gm0f3737 gutentor-single-col\">\n<section id=\"gm6181f80\" class=\"wp-block-gutentor-m4 section-gm6181f80 gutentor-module gutentor-advanced-columns\"><div class=\"grid-container gutentor-rm-ct-space\"><div class=\"grid-row\">\n<div id=\"col-gmc89abe\" class=\"wp-block-gutentor-m4-col col-gmc89abe gutentor-single-column  grid-lg-3 grid-md-3 grid-3\"><div id=\"section-gmc89abe\" class=\"section-gmc89abe gutentor-col-wrap\">\n<div id=\"section-g0c68f4\" class=\"wp-block-gutentor-e5 section-g0c68f4 gutentor-element gutentor-element-icon gutentor-icon-default text-align-center-mobile\"><div class=\"gutentor-element-icon-box\"><i class=\"fas fa-check\"><\/i><\/div><\/div>\n<\/div><\/div>\n\n\n\n<div id=\"col-gmab5136\" class=\"wp-block-gutentor-m4-col col-gmab5136 gutentor-single-column  grid-lg-9 grid-md-9 grid-9\"><div id=\"section-gmab5136\" class=\"section-gmab5136 gutentor-col-wrap\">\n<div id=\"section-g-s06rsk3\" class=\"wp-block-gutentor-e0 section-g-s06rsk3 gutentor-element gutentor-element-advanced-text\"><div class=\"gutentor-text-wrap\"><h3 class=\"gutentor-text\">BSR Idiomas<\/h3><\/div><\/div>\n\n\n\n<div id=\"section-g-03t111o\" class=\"wp-block-gutentor-e0 section-g-03t111o gutentor-element gutentor-element-advanced-text\"><div class=\"gutentor-text-wrap\"><p class=\"gutentor-text\">Dezoito (18) meses de prepara\u00e7\u00e3o intensiva de Ingl\u00eas<\/p><\/div><\/div>\n<\/div><\/div>\n<\/div><\/div><\/section>\n<\/div><\/div>\n<\/div><\/div><\/section>\n<\/div><\/div>\n<\/div><\/div><\/section>\n","protected":false},"excerpt":{"rendered":"","protected":false},"author":1,"featured_media":0,"parent":0,"menu_order":0,"comment_status":"closed","ping_status":"closed","template":"","meta":{"_eb_attr":"","footnotes":""},"class_list":["post-931","page","type-page","status-publish","hentry"],"_links":{"self":[{"href":"https:\/\/advisory.nashgroup.com\/pt-br\/wp-json\/wp\/v2\/pages\/931","targetHints":{"allow":["GET"]}}],"collection":[{"href":"https:\/\/advisory.nashgroup.com\/pt-br\/wp-json\/wp\/v2\/pages"}],"about":[{"href":"https:\/\/advisory.nashgroup.com\/pt-br\/wp-json\/wp\/v2\/types\/page"}],"author":[{"embeddable":true,"href":"https:\/\/advisory.nashgroup.com\/pt-br\/wp-json\/wp\/v2\/users\/1"}],"replies":[{"embeddable":true,"href":"https:\/\/advisory.nashgroup.com\/pt-br\/wp-json\/wp\/v2\/comments?post=931"}],"version-history":[{"count":3,"href":"https:\/\/advisory.nashgroup.com\/pt-br\/wp-json\/wp\/v2\/pages\/931\/revisions"}],"predecessor-version":[{"id":1667,"href":"https:\/\/advisory.nashgroup.com\/pt-br\/wp-json\/wp\/v2\/pages\/931\/revisions\/1667"}],"wp:attachment":[{"href":"https:\/\/advisory.nashgroup.com\/pt-br\/wp-json\/wp\/v2\/media?parent=931"}],"curies":[{"name":"wp","href":"https:\/\/api.w.org\/{rel}","templated":true}]}}