{"id":945,"date":"2024-08-27T11:49:40","date_gmt":"2024-08-27T17:49:40","guid":{"rendered":"https:\/\/advisory.nashgroup.com\/perguntas-frequentes\/"},"modified":"2025-04-11T14:48:56","modified_gmt":"2025-04-11T20:48:56","slug":"perguntas-frequentes","status":"publish","type":"page","link":"https:\/\/advisory.nashgroup.com\/pt-br\/perguntas-frequentes\/","title":{"rendered":"PERGUNTAS FREQUENTES"},"content":{"rendered":"\n<section id=\"section-g-ff7oqqf\" class=\"wp-block-gutentor-image-slider gutentor-section gutentor-image-slider imageSlider-template1\"><div class=\"gutentor-grid-item-wrap\"><div class=\"gutentor-slider-wrapper\" data-dots=\"true\" data-arrows=\"true\" data-infinite=\"false\" data-nextarrow=\"fas fa-angle-right\" data-prevarrow=\"fas fa-angle-left\" data-autoplay=\"true\" data-autoplayspeed=\"500\" data-fade=\"false\" data-speed=\"300\"><div class=\"gutentor-slider-item\"><div class=\"gutentor-single-item gutentor-single-item-0\"><div class=\"gutentor-single-item-wrap\"><div class=\"gutentor-single-item-image-box\"><div class=\"gutentor-bg-image\"><\/div><\/div><div class=\"gutentor-single-item-content\"><div class=\"grid-container\"><div class=\"slider-caption text-right\"><h2 class=\"gutentor-single-item-title\">FAQ<\/h2><\/div><\/div><\/div><\/div><\/div><\/div><\/div><\/div><\/section>\n\n\n\n<section id=\"gm5474f00\" class=\"wp-block-gutentor-m4 section-gm5474f00 gutentor-module gutentor-advanced-columns has-color-bg has-custom-bg gutentor-equal-column-height\"><div class=\"grid-container gutentor-rm-ct-space-d\"><div class=\"grid-row gutentor-rm-row-space-d\">\n<div id=\"col-gm77e87e\" class=\"wp-block-gutentor-m4-col col-gm77e87e gutentor-single-column  grid-lg-6 grid-md-12 grid-12 gutentor-rm-col-space-d\"><div id=\"section-gm77e87e\" class=\"section-gm77e87e gutentor-col-wrap\">\n<div id=\"section-gf2e244\" class=\"wp-block-gutentor-e6 alignwide section-gf2e244 gutentor-element gutentor-element-image\"><div class=\"gutentor-element-image-box\"><div class=\"gutentor-bg-image\"><\/div><\/div><\/div>\n\n\n\n<p><\/p>\n<\/div><\/div>\n\n\n\n<div id=\"col-gma16606\" class=\"wp-block-gutentor-m4-col col-gma16606 gutentor-single-column  grid-lg-6 grid-md-12 grid-12 gutentor-rm-col-space-d\"><div id=\"section-gma16606\" class=\"section-gma16606 gutentor-col-wrap\">\n<div id=\"section-g115521\" class=\"wp-block-gutentor-e1 section-g115521 gutentor-element gutentor-element-advanced-text adv-text-c-desktop\"><div class=\"gutentor-text-wrap\"><h2 class=\"gutentor-text\"><strong>Perguntas frequentes<\/strong>\u00a0<\/h2><\/div><\/div>\n\n\n\n<section id=\"264e9a\" class=\"section-264e9a gutentor-module gutentor-module-accordion gutentor-module-accordion-enable-toggle\"><div class=\"grid-container\">\n<div id=\"3707d9\" class=\"wp-block-gutentor-m6-item section-3707d9 gutentor-module gutentor-module-accordion-item\"><div class=\"gutentor-module-accordion-panel g-a-panel-264e9a\"><div class=\"gm-ah-264e9a gutentor-module-accordion-item-heading gutentor-module-icon-position-left\"><span class=\"gutentor-module-accordion-panel-handler\" role=\"button\"><span class=\"gutentor-module-accordion-icon\"><i class=\"gm-aio-264e9a gutentor-module-accordion-icon-open fas fa-angle-down\"><\/i><i class=\"gm-aic-264e9a gutentor-module-accordion-icon-close fas fa-angle-up\"><\/i><\/span><span class=\"gutentor-module-accordion-panel-handler-label\"><strong><strong>Quais s\u00e3o os requisitos para iniciar o processo?<\/strong>\u00a0<\/strong><\/span><\/span><\/div><div class=\"gm-ab-264e9a gutentor-module-accordion-body\">\n<div id=\"section-gd618ae\" class=\"wp-block-gutentor-e0 section-gd618ae gutentor-element gutentor-element-advanced-text\"><div class=\"gutentor-text-wrap\"><p class=\"gutentor-text\"><\/p><\/div><\/div>\n\n\n\n<section id=\"g-z0lluon\" class=\"wp-block-gutentor-m3 section-g-z0lluon gutentor-module gutentor-container-cover\"><div class=\"grid-container\">\n<ul style=\"color:#3c4774;font-size:16px\" class=\"wp-block-list has-text-color has-link-color wp-elements-658f074001cac04ff998ed2c71d7d7f9\">\n<li>Profici\u00eancia em ingl\u00eas: TOEFL pontua\u00e7\u00e3o total 83 pontos \/ speaking 26 pontos, ou IELTS pontua\u00e7\u00e3o total 6,5 pontos \/ speaking 7,0 pontos (n\u00edvel de Ingl\u00eas B2)\u00a0<\/li>\n\n\n\n<li><strong>Licen\u00e7a de enfermagem: <\/strong>licen\u00e7a de enfermagem ativa em seu pa\u00eds de origem\u00a0<\/li>\n\n\n\n<li><strong>Experi\u00eancia cl\u00ednica: <\/strong>m\u00ednimo de 1 a 2 anos de experi\u00eancia cl\u00ednica antes da entrevista de emprego\u00a0<\/li>\n\n\n\n<li><strong>Compromisso com a prepara\u00e7\u00e3o: <\/strong>disposi\u00e7\u00e3o e dedica\u00e7\u00e3o para se preparar para os exames TOEFL\/IELTS e NCLEX-RN\u00a0<\/li>\n<\/ul>\n<\/div><\/section>\n<\/div><\/div><\/div>\n\n\n\n<div id=\"6ddcb3\" class=\"wp-block-gutentor-m6-item section-6ddcb3 gutentor-module gutentor-module-accordion-item\"><div class=\"gutentor-module-accordion-panel g-a-panel-264e9a\"><div class=\"gm-ah-264e9a gutentor-module-accordion-item-heading gutentor-module-icon-position-left\"><span class=\"gutentor-module-accordion-panel-handler\" role=\"button\"><span class=\"gutentor-module-accordion-icon\"><i class=\"gm-aio-264e9a gutentor-module-accordion-icon-open fas fa-angle-down\"><\/i><i class=\"gm-aic-264e9a gutentor-module-accordion-icon-close fas fa-angle-up\"><\/i><\/span><span class=\"gutentor-module-accordion-panel-handler-label\"><strong><strong>O ingl\u00eas \u00e9 obrigat\u00f3rio para iniciar o processo?<\/strong>\u00a0<\/strong><\/span><\/span><\/div><div class=\"gm-ab-264e9a gutentor-module-accordion-body\">\n<div id=\"section-g25afe5\" class=\"wp-block-gutentor-e0 section-g25afe5 gutentor-element gutentor-element-advanced-text\"><div class=\"gutentor-text-wrap\"><p class=\"gutentor-text\">Voc\u00ea pode obter uma licen\u00e7a de enfermagem nos Estados Unidos sem ter sido aprovado em um dos exames de profici\u00eancia em ingl\u00eas reconhecidos. Por\u00e9m, N\u00c3O \u00e9 poss\u00edvel concluir o processo de imigra\u00e7\u00e3o sem ter sido aprovado em um exame de profici\u00eancia de Ingl\u00eas.\u00a0<\/p><\/div><\/div>\n<\/div><\/div><\/div>\n\n\n\n<div id=\"6d1866\" class=\"wp-block-gutentor-m6-item section-6d1866 gutentor-module gutentor-module-accordion-item\"><div class=\"gutentor-module-accordion-panel g-a-panel-264e9a\"><div class=\"gm-ah-264e9a gutentor-module-accordion-item-heading gutentor-module-icon-position-left\"><span class=\"gutentor-module-accordion-panel-handler\" role=\"button\"><span class=\"gutentor-module-accordion-icon\"><i class=\"gm-aio-264e9a gutentor-module-accordion-icon-open fas fa-angle-down\"><\/i><i class=\"gm-aic-264e9a gutentor-module-accordion-icon-close fas fa-angle-up\"><\/i><\/span><span class=\"gutentor-module-accordion-panel-handler-label\"><strong><strong>A Nash Advisory \u00e9 respons\u00e1vel por encontrar um patrocinador para mim nos Estados Unidos?<\/strong>\u00a0<\/strong><\/span><\/span><\/div><div class=\"gm-ab-264e9a gutentor-module-accordion-body\">\n<div id=\"section-ga81b51\" class=\"wp-block-gutentor-e0 section-ga81b51 gutentor-element gutentor-element-advanced-text\"><div class=\"gutentor-text-wrap\"><p class=\"gutentor-text\">N\u00e3o.\u00a0<br>Desde o in\u00edcio, trabalhamos em conjunto com o The Nash Group. Eles facilitam a prepara\u00e7\u00e3o para entrevistas de emprego e apresentam candidatos qualificados \u00e0s institui\u00e7\u00f5es de sa\u00fade dos EUA que desejam patrocinar enfermeiros estrangeiros.\u00a0<\/p><\/div><\/div>\n<\/div><\/div><\/div>\n\n\n\n<div id=\"c00fa2\" class=\"wp-block-gutentor-m6-item section-c00fa2 gutentor-module gutentor-module-accordion-item\"><div class=\"gutentor-module-accordion-panel g-a-panel-264e9a\"><div class=\"gm-ah-264e9a gutentor-module-accordion-item-heading gutentor-module-icon-position-left\"><span class=\"gutentor-module-accordion-panel-handler\" role=\"button\"><span class=\"gutentor-module-accordion-icon\"><i class=\"gm-aio-264e9a gutentor-module-accordion-icon-open fas fa-angle-down\"><\/i><i class=\"gm-aic-264e9a gutentor-module-accordion-icon-close fas fa-angle-up\"><\/i><\/span><span class=\"gutentor-module-accordion-panel-handler-label\"><strong><strong>Quando um enfermeiro conclui o processo de homologa\u00e7\u00e3o, que tipo de oportunidades de emprego est\u00e3o dispon\u00edveis para ele?<\/strong>\u00a0<\/strong><\/span><\/span><\/div><div class=\"gm-ab-264e9a gutentor-module-accordion-body\">\n<div id=\"section-g5f9173\" class=\"wp-block-gutentor-e0 section-g5f9173 gutentor-element gutentor-element-advanced-text\"><div class=\"gutentor-text-wrap\"><p class=\"gutentor-text\">Os enfermeiros que concluem o processo de homologa\u00e7\u00e3o s\u00e3o contratados diretamente pelos hospitais patrocinadores. Isso lhes proporciona os mesmos benef\u00edcios, direitos, oportunidades educacionais e b\u00f4nus que os demais funcion\u00e1rios do hospital.\u00a0<\/p><\/div><\/div>\n<\/div><\/div><\/div>\n<\/div><\/section>\n\n\n\n<p><\/p>\n<\/div><\/div>\n<\/div><\/div><\/section>\n","protected":false},"excerpt":{"rendered":"","protected":false},"author":1,"featured_media":0,"parent":0,"menu_order":0,"comment_status":"closed","ping_status":"closed","template":"template-gutentor-full-width.php","meta":{"_eb_attr":"","footnotes":""},"class_list":["post-945","page","type-page","status-publish","hentry"],"_links":{"self":[{"href":"https:\/\/advisory.nashgroup.com\/pt-br\/wp-json\/wp\/v2\/pages\/945","targetHints":{"allow":["GET"]}}],"collection":[{"href":"https:\/\/advisory.nashgroup.com\/pt-br\/wp-json\/wp\/v2\/pages"}],"about":[{"href":"https:\/\/advisory.nashgroup.com\/pt-br\/wp-json\/wp\/v2\/types\/page"}],"author":[{"embeddable":true,"href":"https:\/\/advisory.nashgroup.com\/pt-br\/wp-json\/wp\/v2\/users\/1"}],"replies":[{"embeddable":true,"href":"https:\/\/advisory.nashgroup.com\/pt-br\/wp-json\/wp\/v2\/comments?post=945"}],"version-history":[{"count":2,"href":"https:\/\/advisory.nashgroup.com\/pt-br\/wp-json\/wp\/v2\/pages\/945\/revisions"}],"predecessor-version":[{"id":1034,"href":"https:\/\/advisory.nashgroup.com\/pt-br\/wp-json\/wp\/v2\/pages\/945\/revisions\/1034"}],"wp:attachment":[{"href":"https:\/\/advisory.nashgroup.com\/pt-br\/wp-json\/wp\/v2\/media?parent=945"}],"curies":[{"name":"wp","href":"https:\/\/api.w.org\/{rel}","templated":true}]}}