{"id":953,"date":"2024-08-27T14:54:59","date_gmt":"2024-08-27T19:54:59","guid":{"rendered":"https:\/\/advisory.nashgroup.com\/politica-de-devolucao-e-reembolso\/"},"modified":"2026-01-12T18:11:02","modified_gmt":"2026-01-13T00:11:02","slug":"politica-de-devolucao-e-reembolso","status":"publish","type":"page","link":"https:\/\/advisory.nashgroup.com\/pt-br\/politica-de-devolucao-e-reembolso\/","title":{"rendered":"Pol\u00edtica de devolu\u00e7\u00e3o e reembolso"},"content":{"rendered":"\n<h1 class=\"wp-block-heading has-text-align-center\"><strong>Pol\u00edticas de Devolu\u00e7\u00e3o e Reembolso<\/strong>&nbsp;<\/h1>\n\n\n\n<h3 class=\"wp-block-heading alignwide has-text-color has-link-color wp-elements-4cdd11618562c8bb574c678f59bdebce\" style=\"color:#3c4774\"><em>LEIA ATENTAMENTE ESTAS POL\u00cdTICAS DE USO ANTES DE ADQUIRIR QUALQUER UM DE NOSSOS SERVI\u00c7OS&nbsp;<\/em><\/h3>\n\n\n\n<section id=\"g-nr3l3eg\" class=\"section-g-nr3l3eg gutentor-module gutentor-module-accordion\"><div class=\"grid-container\">\n<div id=\"g-yhy2k4b\" class=\"wp-block-gutentor-m6-item section-g-yhy2k4b gutentor-module gutentor-module-accordion-item\"><div class=\"gutentor-module-accordion-panel g-a-panel-g-nr3l3eg\"><div class=\"gm-ah-g-nr3l3eg gutentor-module-accordion-item-heading gutentor-module-icon-position-right\"><span class=\"gutentor-module-accordion-panel-handler\" role=\"button\"><span class=\"gutentor-module-accordion-panel-handler-label\">POL\u00cdTICAS DE VENDA:\u00a0<\/span><span class=\"gutentor-module-accordion-icon\"><i class=\"gm-aio-g-nr3l3eg gutentor-module-accordion-icon-open fas fa-arrow-circle-down\"><\/i><i class=\"gm-aic-g-nr3l3eg gutentor-module-accordion-icon-close fas fa-arrow-alt-circle-up\"><\/i><\/span><\/span><\/div><div class=\"gm-ab-g-nr3l3eg gutentor-module-accordion-body\">\n<div id=\"section-g-3qsmair\" class=\"wp-block-gutentor-e0 section-g-3qsmair gutentor-element gutentor-element-advanced-text\"><div class=\"gutentor-text-wrap\"><p class=\"gutentor-text\">Todas as vendas s\u00e3o feitas em d\u00f3lares americanos (USD). Voc\u00ea pode pagar por meio de nosso Ponto de Venda virtual usando:&nbsp;<\/p><\/div><\/div>\n\n\n\n<div id=\"section-g-fw74g1w\" class=\"wp-block-gutentor-e7 section-g-fw74g1w gutentor-element gutentor-element-list\"><ul class=\"grid-row gutentor-grid-item-wrap list-style-none\"><li class=\"gutentor-list-item grid-lg-12 grid-md-12 grid-12\"><span class=\"gutentor-single-item gutentor-single-item-0\"><span class=\"gutentor-list-item-wrap g-s-list-wrap\"><span class=\"gutentor-list-item\"><p class=\"gutentor-single-item-title\">Cart\u00f5es de d\u00e9bito\/cr\u00e9dito\u00a0<\/p><\/span><\/span><\/span><\/li><li class=\"gutentor-list-item grid-lg-12 grid-md-12 grid-12\"><span class=\"gutentor-single-item gutentor-single-item-1\"><span class=\"gutentor-list-item-wrap g-s-list-wrap\"><span class=\"gutentor-list-item\"><p class=\"gutentor-single-item-title\">PayPal<\/p><\/span><\/span><\/span><\/li><\/ul><\/div>\n\n\n\n<div id=\"section-g-dci1z1a\" class=\"wp-block-gutentor-e0 section-g-dci1z1a gutentor-element gutentor-element-advanced-text\"><div class=\"gutentor-text-wrap\"><p class=\"gutentor-text\">O cliente \u00e9 respons\u00e1vel por todas as taxas de transfer\u00eancia. Para iniciar o processo, registre-se em nosso site ou por meio de um link de um de nossos associados.<strong> <\/strong>Assim que confirmarmos o seu pagamento, voc\u00ea ter\u00e1 acesso aos nossos assessores<strong>.<\/strong>&nbsp;<\/p><\/div><\/div>\n<\/div><\/div><\/div>\n\n\n\n<div id=\"g-c7ar3bg\" class=\"wp-block-gutentor-m6-item section-g-c7ar3bg gutentor-module gutentor-module-accordion-item\"><div class=\"gutentor-module-accordion-panel g-a-panel-g-nr3l3eg\"><div class=\"gm-ah-g-nr3l3eg gutentor-module-accordion-item-heading gutentor-module-icon-position-right\"><span class=\"gutentor-module-accordion-panel-handler\" role=\"button\"><span class=\"gutentor-module-accordion-panel-handler-label\">POL\u00cdTICAS DE REEMBOLSO E RESOLU\u00c7\u00c3O:<\/span><span class=\"gutentor-module-accordion-icon\"><i class=\"gm-aio-g-nr3l3eg gutentor-module-accordion-icon-open fas fa-arrow-circle-down\"><\/i><i class=\"gm-aic-g-nr3l3eg gutentor-module-accordion-icon-close fas fa-arrow-alt-circle-up\"><\/i><\/span><\/span><\/div><div class=\"gm-ab-g-nr3l3eg gutentor-module-accordion-body\">\n<div id=\"section-g-wnsg182\" class=\"wp-block-gutentor-e1 section-g-wnsg182 gutentor-element gutentor-element-advanced-text\"><div class=\"gutentor-text-wrap\"><p class=\"gutentor-text\"><strong>Reembolsos<\/strong>&nbsp;<\/p><\/div><\/div>\n\n\n\n<div id=\"section-g-mpr2smg\" class=\"wp-block-gutentor-e7 section-g-mpr2smg gutentor-element gutentor-element-list\"><ul class=\"grid-row gutentor-grid-item-wrap list-style-none\"><li class=\"gutentor-list-item grid-lg-12 grid-md-12 grid-12\"><span class=\"gutentor-single-item gutentor-single-item-0\"><span class=\"gutentor-list-item-wrap g-s-list-wrap\"><span class=\"gutentor-list-item\"><p class=\"gutentor-single-item-title\">Prazo de 30 dias: O Consultor oferece um reembolso total se solicitado por escrito dentro de 30 dias a partir da data do pagamento inicial.<\/p><\/span><\/span><\/span><\/li><li class=\"gutentor-list-item grid-lg-12 grid-md-12 grid-12\"><span class=\"gutentor-single-item gutentor-single-item-1\"><span class=\"gutentor-list-item-wrap g-s-list-wrap\"><span class=\"gutentor-list-item\"><p class=\"gutentor-single-item-title\"><strong>Ap\u00f3s 30 dias: <\/strong>as taxas n\u00e3o s\u00e3o reembols\u00e1veis.\u00a0<\/p><\/span><\/span><\/span><\/li><\/ul><\/div>\n\n\n\n<div id=\"section-g-a3n2eed\" class=\"wp-block-gutentor-e1 section-g-a3n2eed gutentor-element gutentor-element-advanced-text\"><div class=\"gutentor-text-wrap\"><p class=\"gutentor-text\"><strong>Responsabilidade por retirada antecipada\/cancelamento. <\/strong>Quaisquer altera\u00e7\u00f5es, cancelamentos ou retiradas antecipadas ap\u00f3s 30 dias est\u00e3o sujeitos \u00e0 seguinte pol\u00edtica de cancelamento:&nbsp;<\/p><\/div><\/div>\n\n\n\n<div id=\"section-g-mpr2smg\" class=\"wp-block-gutentor-e7 section-g-mpr2smg gutentor-element gutentor-element-list\"><ul class=\"grid-row gutentor-grid-item-wrap list-style-none\"><li class=\"gutentor-list-item grid-lg-12 grid-md-12 grid-12\"><span class=\"gutentor-single-item gutentor-single-item-0\"><span class=\"gutentor-list-item-wrap g-s-list-wrap\"><span class=\"gutentor-list-item\"><p class=\"gutentor-single-item-title\">Para quaisquer altera\u00e7\u00f5es, cancelamentos ou retiros antecipados feitos ap\u00f3s 30 dias, o Cliente \u00e9 respons\u00e1vel por t<strong>odas as parcelas devidas at\u00e9 a data da rescis\u00e3o<\/strong>, mais uma taxa d<strong>e indeniza\u00e7\u00e3o no valor de US$ 1.500<\/strong>. Essa taxa cobre custos irrecuper\u00e1veis e aloca\u00e7\u00e3o de recursos e \u00e9 reconhecida por ambas as partes como uma estimativa razo\u00e1vel dos danos, e n\u00e3o como uma penalidade.<\/p><\/span><\/span><\/span><\/li><\/ul><\/div>\n<\/div><\/div><\/div>\n\n\n\n<div id=\"g-v532x8v\" class=\"wp-block-gutentor-m6-item section-g-v532x8v gutentor-module gutentor-module-accordion-item\"><div class=\"gutentor-module-accordion-panel g-a-panel-g-nr3l3eg\"><div class=\"gm-ah-g-nr3l3eg gutentor-module-accordion-item-heading gutentor-module-icon-position-right\"><span class=\"gutentor-module-accordion-panel-handler\" role=\"button\"><span class=\"gutentor-module-accordion-panel-handler-label\">RESPONSABILIDADE POR RETIRADA ANTECIPADA\/CANCELAMENTO<\/span><span class=\"gutentor-module-accordion-icon\"><i class=\"gm-aio-g-nr3l3eg gutentor-module-accordion-icon-open fas fa-arrow-circle-down\"><\/i><i class=\"gm-aic-g-nr3l3eg gutentor-module-accordion-icon-close fas fa-arrow-alt-circle-up\"><\/i><\/span><\/span><\/div><div class=\"gm-ab-g-nr3l3eg gutentor-module-accordion-body\">\n<div id=\"section-g-kdisok7\" class=\"wp-block-gutentor-e0 section-g-kdisok7 gutentor-element gutentor-element-advanced-text\"><div class=\"gutentor-text-wrap\"><p class=\"gutentor-text\">No caso de quaisquer altera\u00e7\u00f5es, cancelamentos ou retiradas antecipadas ocorridas ap\u00f3s 30 dias, o Cliente permanecer\u00e1 respons\u00e1vel pelo pagamento de todas as parcelas devidas at\u00e9 a data da rescis\u00e3o. Al\u00e9m disso, o Cliente concorda em pagar uma taxa de indeniza\u00e7\u00e3o por perdas e danos no valor de US$ 1.500. Essa taxa tem como objetivo compensar o Consultor pelos custos irrecuper\u00e1veis, aloca\u00e7\u00e3o de recursos e servi\u00e7os prestados; fica acordado que se trata de uma estimativa razo\u00e1vel dos danos e n\u00e3o de uma penalidade.<\/p><\/div><\/div>\n<\/div><\/div><\/div>\n\n\n\n<div id=\"g-75g4q7g\" class=\"wp-block-gutentor-m6-item section-g-75g4q7g gutentor-module gutentor-module-accordion-item\"><div class=\"gutentor-module-accordion-panel g-a-panel-g-nr3l3eg\"><div class=\"gm-ah-g-nr3l3eg gutentor-module-accordion-item-heading gutentor-module-icon-position-right\"><span class=\"gutentor-module-accordion-panel-handler\" role=\"button\"><span class=\"gutentor-module-accordion-panel-handler-label\">PROCEDIMENTOS PARA RESOLU\u00c7\u00c3O DE CONFLITOS:\u00a0<\/span><span class=\"gutentor-module-accordion-icon\"><i class=\"gm-aio-g-nr3l3eg gutentor-module-accordion-icon-open fas fa-arrow-circle-down\"><\/i><i class=\"gm-aic-g-nr3l3eg gutentor-module-accordion-icon-close fas fa-arrow-alt-circle-up\"><\/i><\/span><\/span><\/div><div class=\"gm-ab-g-nr3l3eg gutentor-module-accordion-body\">\n<div id=\"section-g-87s8hdw\" class=\"wp-block-gutentor-e1 section-g-87s8hdw gutentor-element gutentor-element-advanced-text\"><div class=\"gutentor-text-wrap\"><p class=\"gutentor-text\">Caso o Cliente tenha algum problema ou reclama\u00e7\u00e3o, ele deve primeiro entrar em contato com seu gerente de caso pessoal ou assessor atrav\u00e9s dos canais de comunica\u00e7\u00e3o regulares. Se o Cliente n\u00e3o obtiver uma resposta ou resolu\u00e7\u00e3o satisfat\u00f3ria, ele deve formalizar sua reclama\u00e7\u00e3o para o nosso e-mail info@nursing-advisory.com e dar uma explica\u00e7\u00e3o clara e concisa do problema que est\u00e1 sendo apresentado.<\/p><\/div><\/div>\n\n\n\n<div id=\"section-g-mpr2smg\" class=\"wp-block-gutentor-e7 section-g-mpr2smg gutentor-element gutentor-element-list\"><ul class=\"grid-row gutentor-grid-item-wrap list-style-none\"><li class=\"gutentor-list-item grid-lg-12 grid-md-12 grid-12\"><span class=\"gutentor-single-item gutentor-single-item-0\"><span class=\"gutentor-list-item-wrap g-s-list-wrap\"><span class=\"gutentor-list-item\"><p class=\"gutentor-single-item-title\"><strong>Arbitragem: <\/strong>Conforme estabelecido na Se\u00e7\u00e3o 6 do Contrato, qualquer disputa n\u00e3o resolvida ser\u00e1 submetida a Arbitragem Vinculativa (ICDR) em vez de tribunais, garantindo a aplicabilidade internacional.<\/p><\/span><\/span><\/span><\/li><li class=\"gutentor-list-item grid-lg-12 grid-md-12 grid-12\"><span class=\"gutentor-single-item gutentor-single-item-1\"><span class=\"gutentor-list-item-wrap g-s-list-wrap\"><span class=\"gutentor-list-item\"><p class=\"gutentor-single-item-title\"><strong>Direitos sobre os dados: <\/strong>As pessoas interessadas t\u00eam o direito de acessar seus dados pessoais, bem como solicitar a retifica\u00e7\u00e3o dos dados e solicitar sua exclus\u00e3o<\/p><\/span><\/span><\/span><\/li><\/ul><\/div>\n<\/div><\/div><\/div>\n<\/div><\/section>\n","protected":false},"excerpt":{"rendered":"<p>Pol\u00edticas de Devolu\u00e7\u00e3o e Reembolso&nbsp; LEIA ATENTAMENTE ESTAS POL\u00cdTICAS DE USO ANTES DE ADQUIRIR QUALQUER UM DE NOSSOS SERVI\u00c7OS&nbsp;<\/p>\n","protected":false},"author":1,"featured_media":0,"parent":0,"menu_order":0,"comment_status":"closed","ping_status":"closed","template":"","meta":{"_eb_attr":"","footnotes":""},"class_list":["post-953","page","type-page","status-publish","hentry"],"_links":{"self":[{"href":"https:\/\/advisory.nashgroup.com\/pt-br\/wp-json\/wp\/v2\/pages\/953","targetHints":{"allow":["GET"]}}],"collection":[{"href":"https:\/\/advisory.nashgroup.com\/pt-br\/wp-json\/wp\/v2\/pages"}],"about":[{"href":"https:\/\/advisory.nashgroup.com\/pt-br\/wp-json\/wp\/v2\/types\/page"}],"author":[{"embeddable":true,"href":"https:\/\/advisory.nashgroup.com\/pt-br\/wp-json\/wp\/v2\/users\/1"}],"replies":[{"embeddable":true,"href":"https:\/\/advisory.nashgroup.com\/pt-br\/wp-json\/wp\/v2\/comments?post=953"}],"version-history":[{"count":6,"href":"https:\/\/advisory.nashgroup.com\/pt-br\/wp-json\/wp\/v2\/pages\/953\/revisions"}],"predecessor-version":[{"id":29997,"href":"https:\/\/advisory.nashgroup.com\/pt-br\/wp-json\/wp\/v2\/pages\/953\/revisions\/29997"}],"wp:attachment":[{"href":"https:\/\/advisory.nashgroup.com\/pt-br\/wp-json\/wp\/v2\/media?parent=953"}],"curies":[{"name":"wp","href":"https:\/\/api.w.org\/{rel}","templated":true}]}}