{"id":959,"date":"2024-09-12T16:33:38","date_gmt":"2024-09-12T22:33:38","guid":{"rendered":"https:\/\/advisory.nashgroup.com\/nosso-processo\/"},"modified":"2025-04-11T14:27:47","modified_gmt":"2025-04-11T20:27:47","slug":"nosso-processo","status":"publish","type":"page","link":"https:\/\/advisory.nashgroup.com\/pt-br\/nosso-processo\/","title":{"rendered":"Nosso processo"},"content":{"rendered":"\n<section id=\"home\" class=\"wp-block-gutentor-m4 section-gm7633c78 gutentor-module gutentor-advanced-columns has-color-bg has-custom-bg has-gutentor-block-shape-bottom gutentor-block-shape-bottom-bring-front\"><div class=\"grid-container\"><div class=\"grid-row\">\n<div id=\"col-gm62ebd5\" class=\"wp-block-gutentor-m4-col col-gm62ebd5 gutentor-single-column  grid-lg-6 grid-md-5 grid-12\"><div id=\"section-gm62ebd5\" class=\"section-gm62ebd5 gutentor-col-wrap\">\n<div id=\"section-gcba85b\" class=\"wp-block-gutentor-e0 section-gcba85b gutentor-element gutentor-element-advanced-text\"><div class=\"gutentor-text-wrap\"><h2 class=\"gutentor-text\"><strong>Nosso processo<\/strong><\/h2><\/div><\/div>\n\n\n\n<div id=\"section-g87e095\" class=\"wp-block-gutentor-e0 section-g87e095 gutentor-element gutentor-element-advanced-text\"><div class=\"gutentor-text-wrap\"><p class=\"gutentor-text\">Nossos servi\u00e7os foram criados para ajudar todos os candidatos profissionais de enfermagem a credenciarem seus diplomas e serem aprovados no exame de certifica\u00e7\u00e3o NCLEX-RN, habilitando-os a obter o registro como enfermeiros nos Estados Unidos. Ap\u00f3s a obten\u00e7\u00e3o da licen\u00e7a, os candidatos ter\u00e3o a oportunidade de receber ofertas de emprego e seguir suas carreiras profissionais nos EUA por meio de hospitais afiliados ao The Nash Group.<\/p><\/div><\/div>\n<\/div><\/div>\n\n\n\n<div id=\"col-gme841d0\" class=\"wp-block-gutentor-m4-col col-gme841d0 gutentor-single-column  grid-lg-6 grid-md-7 grid-12\"><div id=\"section-gme841d0\" class=\"section-gme841d0 gutentor-col-wrap\">\n<div id=\"section-ga31ec9\" class=\"wp-block-gutentor-e6 section-ga31ec9 gutentor-element gutentor-element-image text-align-right-mobile\"><div class=\"gutentor-element-image-box\"><div class=\"gutentor-image-thumb\"><img decoding=\"async\" class=\"normal-image\" src=\"https:\/\/advisory.nashgroup.com\/wp-content\/uploads\/2024\/09\/nurse01.png\" \/><\/div><\/div><\/div>\n<\/div><\/div>\n<\/div><\/div><div class=\"gutentor-block-shape-bottom\"><span><svg width=\"100%\" height=\"250px\" viewBox=\"0 0 1280 140\" preserveAspectRatio=\"none\" xmlns=\"http:\/\/www.w3.org\/2000\/svg\"><path d=\"M1280 0l-266 91.52a72.59 72.59 0 0 1-30.76 3.71L0 0v140h1280z\" fill-opacity=\".5\" \/><path d=\"M1280 0l-262.1 116.26a73.29 73.29 0 0 1-39.09 6L0 0v140h1280z\" \/><\/svg><\/span><\/div><\/section>\n\n\n\n<section id=\"section-ff30eff7-b5e1-45ec-982c-893809e30433\" class=\"wp-block-gutentor-timeline gutentor-section gutentor-timeline cssanimations timeline-template1 has-color-bg has-custom-bg\"><div class=\"grid-container\"><div class=\"gutentor-grid-item-wrap\"><div class=\"gutentor-timeline-wrapper\"><div class=\"gutentor-single-item gutentor-single-item-0 gutentor-even\"><div class=\"gutentor-timeline-item\"><div class=\"gutentor-single-item-wrap\"><div class=\"gutentor-timeline-item-circle\"><\/div><div class=\"gutentor-single-item-wrapper\"><div class=\"gutentor-single-item-content gutentor-timeline-item-content\"><div class=\"gutentor-timeline-item-org-title\"><h5 class=\"gutentor-timeline-item-heading-name\">interview <\/h5><\/div><h3 class=\"gutentor-single-item-title\"><strong>Primeira Reuni\u00e3o<\/strong><\/h3><p class=\"gutentor-single-item-desc\">Avaliar as qualifica\u00e7\u00f5es educacionais e profissionais<\/p><\/div><\/div><\/div><\/div><\/div><div class=\"gutentor-single-item gutentor-single-item-1 gutentor-odd\"><div class=\"gutentor-timeline-item\"><div class=\"gutentor-single-item-wrap\"><div class=\"gutentor-timeline-item-circle\"><\/div><div class=\"gutentor-single-item-wrapper\"><div class=\"gutentor-single-item-content gutentor-timeline-item-content\"><div class=\"gutentor-timeline-item-org-title\"><h5 class=\"gutentor-timeline-item-heading-name\">certifica\u00e7\u00e3o<\/h5><\/div><h3 class=\"gutentor-single-item-title\">Certifica\u00e7\u00e3o<\/h3><p class=\"gutentor-single-item-desc\">Avalia\u00e7\u00e3o da educa\u00e7\u00e3o e das licen\u00e7as de enfermagem<br> <\/p><\/div><\/div><\/div><\/div><\/div><div class=\"gutentor-single-item gutentor-single-item-2 gutentor-even\"><div class=\"gutentor-timeline-item\"><div class=\"gutentor-single-item-wrap\"><div class=\"gutentor-timeline-item-circle\"><\/div><div class=\"gutentor-single-item-wrapper\"><div class=\"gutentor-single-item-content gutentor-timeline-item-content\"><div class=\"gutentor-timeline-item-org-title\"><h5 class=\"gutentor-timeline-item-heading-name\">exame de licenciamento do conselho nacional<br>exame para enfermeiro registrado<\/h5><\/div><h3 class=\"gutentor-single-item-title\">NCLEX-RN<\/h3><p class=\"gutentor-single-item-desc\">Exame nacional exigido para licenciamento de enfermagem nos EUA.<\/p><\/div><\/div><\/div><\/div><\/div><div class=\"gutentor-single-item gutentor-single-item-3 gutentor-odd\"><div class=\"gutentor-timeline-item\"><div class=\"gutentor-single-item-wrap\"><div class=\"gutentor-timeline-item-circle\"><\/div><div class=\"gutentor-single-item-wrapper\"><div class=\"gutentor-single-item-content gutentor-timeline-item-content\"><div class=\"gutentor-timeline-item-org-title\"><h5 class=\"gutentor-timeline-item-heading-name\">English <\/h5><\/div><h3 class=\"gutentor-single-item-title\">English <\/h3><p class=\"gutentor-single-item-desc\">English language proficiency examination<\/p><\/div><\/div><\/div><\/div><\/div><div class=\"gutentor-single-item gutentor-single-item-4 gutentor-even\"><div class=\"gutentor-timeline-item\"><div class=\"gutentor-single-item-wrap\"><div class=\"gutentor-timeline-item-circle\"><\/div><div class=\"gutentor-single-item-wrapper\"><div class=\"gutentor-single-item-content gutentor-timeline-item-content\"><div class=\"gutentor-timeline-item-org-title\"><h5 class=\"gutentor-timeline-item-heading-name\">Prepara\u00e7\u00e3o<\/h5><\/div><h3 class=\"gutentor-single-item-title\">Prepara\u00e7\u00e3o<\/h3><p class=\"gutentor-single-item-desc\">1. Entrevista com o empregador<br>2. Sistema de sa\u00fade dos EUA<br>3. Transi\u00e7\u00e3o<br><\/p><\/div><\/div><\/div><\/div><\/div><div class=\"gutentor-single-item gutentor-single-item-5 gutentor-odd\"><div class=\"gutentor-timeline-item\"><div class=\"gutentor-single-item-wrap\"><div class=\"gutentor-timeline-item-circle\"><\/div><div class=\"gutentor-single-item-wrapper\"><div class=\"gutentor-single-item-content gutentor-timeline-item-content\"><div class=\"gutentor-timeline-item-org-title\"><h5 class=\"gutentor-timeline-item-heading-name\"><strong>Contrata\u00e7\u00e3o<\/strong>\u00a0<\/h5><\/div><h3 class=\"gutentor-single-item-title\"><strong>Contrata\u00e7\u00e3o<\/strong>\u00a0<\/h3><p class=\"gutentor-single-item-desc\">1. Patroc\u00ednio do hospital para imigra\u00e7\u00e3o\u00a0<br>2. Obten\u00e7\u00e3o de vista de residente permanete (green card)\u00a0<br>3. Servi\u00e7os gratuitos de realoca\u00e7\u00e3o e assimila\u00e7\u00e3o\u00a0<br>4. Contrata\u00e7\u00e3o Direta pelo Sistema de Sa\u00fade americano\u00a0<\/p><\/div><\/div><\/div><\/div><\/div><\/div><\/div><\/div><\/section>\n","protected":false},"excerpt":{"rendered":"","protected":false},"author":1,"featured_media":0,"parent":0,"menu_order":0,"comment_status":"closed","ping_status":"closed","template":"template-gutentor-full-width.php","meta":{"_eb_attr":"","footnotes":""},"class_list":["post-959","page","type-page","status-publish","hentry"],"_links":{"self":[{"href":"https:\/\/advisory.nashgroup.com\/pt-br\/wp-json\/wp\/v2\/pages\/959","targetHints":{"allow":["GET"]}}],"collection":[{"href":"https:\/\/advisory.nashgroup.com\/pt-br\/wp-json\/wp\/v2\/pages"}],"about":[{"href":"https:\/\/advisory.nashgroup.com\/pt-br\/wp-json\/wp\/v2\/types\/page"}],"author":[{"embeddable":true,"href":"https:\/\/advisory.nashgroup.com\/pt-br\/wp-json\/wp\/v2\/users\/1"}],"replies":[{"embeddable":true,"href":"https:\/\/advisory.nashgroup.com\/pt-br\/wp-json\/wp\/v2\/comments?post=959"}],"version-history":[{"count":2,"href":"https:\/\/advisory.nashgroup.com\/pt-br\/wp-json\/wp\/v2\/pages\/959\/revisions"}],"predecessor-version":[{"id":1017,"href":"https:\/\/advisory.nashgroup.com\/pt-br\/wp-json\/wp\/v2\/pages\/959\/revisions\/1017"}],"wp:attachment":[{"href":"https:\/\/advisory.nashgroup.com\/pt-br\/wp-json\/wp\/v2\/media?parent=959"}],"curies":[{"name":"wp","href":"https:\/\/api.w.org\/{rel}","templated":true}]}}