{"id":968,"date":"2024-10-16T15:42:14","date_gmt":"2024-10-16T21:42:14","guid":{"rendered":"https:\/\/advisory.nashgroup.com\/planos\/"},"modified":"2025-04-14T11:05:14","modified_gmt":"2025-04-14T17:05:14","slug":"planos","status":"publish","type":"page","link":"https:\/\/advisory.nashgroup.com\/pt-br\/planos\/","title":{"rendered":"Planos"},"content":{"rendered":"\n<h3 class=\"wp-block-heading has-text-align-center\"><strong>Certifique <\/strong>seu diploma de enfermagem nos EUA<\/h3>\n\n\n\n<h1 class=\"wp-block-heading has-text-align-center\">Servi\u00e7o completo<\/h1>\n\n\n\n<div style=\"height:50px\" aria-hidden=\"true\" class=\"wp-block-spacer\"><\/div>\n\n\n\n<div class=\"wp-block-group\"><div class=\"wp-block-group__inner-container is-layout-constrained wp-block-group-is-layout-constrained\">\n<div class=\"wp-block-columns is-layout-flex wp-container-core-columns-is-layout-9d6595d7 wp-block-columns-is-layout-flex\">\n<div class=\"wp-block-column is-layout-flow wp-block-column-is-layout-flow\" style=\"flex-basis:10%\"><\/div>\n\n\n\n<div class=\"wp-block-column is-layout-flow wp-block-column-is-layout-flow\">\n<div class=\"wp-block-price-table-block-pricing-table\"><div class=\"eb-parent-wrapper eb-parent-eb-pricing-t87tvr8 \"><div class=\"eb-pricing-t87tvr8 eb-pricing-wrapper eb-pricing-content-center\"><div class=\"eb-pricing style-2\"><div class=\"eb-pricing-item\"><div class=\"eb-pricing-item-overlay\"><\/div><div class=\"eb-pricing-header\"><h2 class=\"eb-pricing-title\">$5,600<\/h2><span class=\"eb-pricing-subtitle\">US$ 1.000 e 23 parcelas mensais<\/span><\/div><div class=\"eb-pricing-tag\"><span class=\"price-tag\"><span class=\"original-price\" data-price=\"\"><span class=\"price-currency\">$200<\/span><\/span><\/span><span class=\"price-period\" data-period-separator=\"\/\" data-price-period=\"M\u00eas\">\/ M\u00eas<\/span><\/div><div class=\"eb-pricing-body\"><ul class=\"eb-pricebox-features \"><li class=\"eb-pricebox-feature-item\" data-icon=\"fas fa-check\" data-color=\"rgba(245,110,71,1)\" data-clickable=\"false\" data-link=\"\"><i class=\"fas fa-check eb-pricebox-icon\" icon=\"fas fa-check\" style=\"color:rgba(245,110,71,1)\"><\/i><span class=\"eb-pricebox-feature-text\">Um (1) servi\u00e7o de certifica\u00e7\u00e3o de diploma de enfermagem profissional <\/span><\/li><li class=\"eb-pricebox-feature-item\" data-icon=\"fas fa-check\" data-color=\"rgba(245,110,71,1)\" data-clickable=\"false\" data-link=\"\"><i class=\"fas fa-check eb-pricebox-icon\" icon=\"fas fa-check\" style=\"color:rgba(245,110,71,1)\"><\/i><span class=\"eb-pricebox-feature-text\">Um (1) servi\u00e7o de tradu\u00e7\u00e3o de diploma de enfermagem profissional para certifica\u00e7\u00e3o <\/span><\/li><li class=\"eb-pricebox-feature-item\" data-icon=\"fas fa-check\" data-color=\"rgba(245,110,71,1)\" data-clickable=\"false\" data-link=\"\"><i class=\"fas fa-check eb-pricebox-icon\" icon=\"fas fa-check\" style=\"color:rgba(245,110,71,1)\"><\/i><span class=\"eb-pricebox-feature-text\">Um (1) servi\u00e7o de certifica\u00e7\u00e3o em um Conselho de Enfermagem americano <\/span><\/li><li class=\"eb-pricebox-feature-item\" data-icon=\"fas fa-check\" data-color=\"rgba(245,110,71,1)\" data-clickable=\"false\" data-link=\"\"><i class=\"fas fa-check eb-pricebox-icon\" icon=\"fas fa-check\" style=\"color:rgba(245,110,71,1)\"><\/i><span class=\"eb-pricebox-feature-text\">Vinte e quatro (24) semanas do programa bil\u00edngue de revis\u00e3o preliminar para NCLEX-RN do Nash Institute <\/span><\/li><li class=\"eb-pricebox-feature-item\" data-icon=\"fas fa-check\" data-color=\"rgba(245,110,71,1)\"><i class=\"fas fa-check eb-pricebox-icon\" icon=\"fas fa-check\" style=\"color:rgba(245,110,71,1)\"><\/i><span class=\"eb-pricebox-feature-text\">Vinte e quatro (24) semanas do programa de revis\u00e3o preliminar do NCLEX-RN somente em Ingl\u00eas do Nash Institute<\/span><\/li><\/ul><\/div><div class=\"eb-pricing-footer\" data-icon=\"\"><div class=\"eb-pricing-button-wrapper\"><a href=\"https:\/\/advisory.nashgroup.com\/pt-br\/servico-completo-com-financiamento-de-23-meses-e-primeira-parcela\/\" class=\"eb-pricing-button\"><span class=\"dashicon dashicons dashicons-\"><\/span><span class=\"eb-button-text\">Mais informa\u00e7\u00f5es<\/span><\/a><\/div><\/div><\/div><\/div><\/div><\/div><\/div>\n<\/div>\n\n\n\n<div class=\"wp-block-column is-layout-flow wp-block-column-is-layout-flow\">\n<div class=\"wp-block-price-table-block-pricing-table\"><div class=\"eb-parent-wrapper eb-parent-eb-pricing-lilk0hj \"><div class=\"eb-pricing-lilk0hj eb-pricing-wrapper eb-pricing-content-center\"><div class=\"eb-pricing style-2\"><div class=\"eb-pricing-item featured ribbon-2 right\"><div class=\"eb-pricing-item-overlay\"><\/div><div class=\"eb-pricing-header\"><h2 class=\"eb-pricing-title\">Pagamento \u00e0 vista<\/h2><span class=\"eb-pricing-subtitle\">&#8211;<\/span><\/div><div class=\"eb-pricing-tag\"><span class=\"price-tag\"><span class=\"original-price\" data-price=\"\"><span class=\"price-currency\">$4,500<\/span><\/span><\/span><span class=\"price-period\" data-period-separator=\"\" data-price-period=\"\"> <\/span><\/div><div class=\"eb-pricing-body\"><ul class=\"eb-pricebox-features \"><li class=\"eb-pricebox-feature-item\" data-icon=\"fas fa-check\" data-color=\"rgba(245,110,71,1)\" data-clickable=\"false\" data-link=\"\"><i class=\"fas fa-check eb-pricebox-icon\" icon=\"fas fa-check\" style=\"color:rgba(245,110,71,1)\"><\/i><span class=\"eb-pricebox-feature-text\">Um (1) servi\u00e7o de certifica\u00e7\u00e3o de diploma de enfermagem profissional <\/span><\/li><li class=\"eb-pricebox-feature-item\" data-icon=\"fas fa-check\" data-color=\"rgba(245,110,71,1)\" data-clickable=\"false\" data-link=\"\"><i class=\"fas fa-check eb-pricebox-icon\" icon=\"fas fa-check\" style=\"color:rgba(245,110,71,1)\"><\/i><span class=\"eb-pricebox-feature-text\">Um (1) servi\u00e7o de tradu\u00e7\u00e3o de diploma de enfermagem profissional para certifica\u00e7\u00e3o <\/span><\/li><li class=\"eb-pricebox-feature-item\" data-icon=\"fas fa-check\" data-color=\"rgba(245,110,71,1)\" data-clickable=\"false\" data-link=\"\"><i class=\"fas fa-check eb-pricebox-icon\" icon=\"fas fa-check\" style=\"color:rgba(245,110,71,1)\"><\/i><span class=\"eb-pricebox-feature-text\">Um (1) servi\u00e7o de certifica\u00e7\u00e3o em um Conselho de Enfermagem americano <\/span><\/li><li class=\"eb-pricebox-feature-item\" data-icon=\"fas fa-check\" data-color=\"rgba(245,110,71,1)\"><i class=\"fas fa-check eb-pricebox-icon\" icon=\"fas fa-check\" style=\"color:rgba(245,110,71,1)\"><\/i><span class=\"eb-pricebox-feature-text\">Vinte e quatro (24) semanas do programa bil\u00edngue de revis\u00e3o preliminar para NCLEX-RN do Nash Institute <\/span><\/li><li class=\"eb-pricebox-feature-item\" data-icon=\"fas fa-check\" data-color=\"rgba(245,110,71,1)\"><i class=\"fas fa-check eb-pricebox-icon\" icon=\"fas fa-check\" style=\"color:rgba(245,110,71,1)\"><\/i><span class=\"eb-pricebox-feature-text\">Vinte e quatro (24) semanas do programa de revis\u00e3o preliminar do NCLEX-RN somente em Ingl\u00eas do Nash Institute <\/span><\/li><\/ul><\/div><div class=\"eb-pricing-footer\" data-icon=\"\"><div class=\"eb-pricing-button-wrapper\"><a href=\"https:\/\/advisory.nashgroup.com\/pt-br\/servico-completo-pagamento-em-dinheiro\/\" class=\"eb-pricing-button\"><span class=\"dashicon dashicons dashicons-\"><\/span><span class=\"eb-button-text\">Mais informa\u00e7\u00f5es<\/span><\/a><\/div><\/div><\/div><\/div><\/div><\/div><\/div>\n<\/div>\n\n\n\n<div class=\"wp-block-column is-layout-flow wp-block-column-is-layout-flow\" style=\"flex-basis:10%\"><\/div>\n<\/div>\n\n\n\n<div style=\"height:50px\" aria-hidden=\"true\" class=\"wp-block-spacer\"><\/div>\n\n\n\n<h1 class=\"wp-block-heading has-text-align-center\">Servi\u00e7o completo sem Ingl\u00eas<\/h1>\n\n\n\n<div class=\"wp-block-columns is-layout-flex wp-container-core-columns-is-layout-9d6595d7 wp-block-columns-is-layout-flex\">\n<div class=\"wp-block-column is-layout-flow wp-block-column-is-layout-flow\" style=\"flex-basis:10%\"><\/div>\n\n\n\n<div class=\"wp-block-column is-layout-flow wp-block-column-is-layout-flow\">\n<div class=\"wp-block-price-table-block-pricing-table\"><div class=\"eb-parent-wrapper eb-parent-eb-pricing-il5mdqq \"><div class=\"eb-pricing-il5mdqq eb-pricing-wrapper eb-pricing-content-center\"><div class=\"eb-pricing style-2\"><div class=\"eb-pricing-item\"><div class=\"eb-pricing-item-overlay\"><\/div><div class=\"eb-pricing-header\"><h2 class=\"eb-pricing-title\">$4,400<\/h2><span class=\"eb-pricing-subtitle\">US$ 1.000 e 17 parcelas mensais <\/span><\/div><div class=\"eb-pricing-tag\"><span class=\"price-tag\"><span class=\"original-price\" data-price=\"\"><span class=\"price-currency\">$200<\/span><\/span><\/span><span class=\"price-period\" data-period-separator=\"\/\" data-price-period=\"M\u00eas\">\/ M\u00eas<\/span><\/div><div class=\"eb-pricing-body\"><ul class=\"eb-pricebox-features \"><li class=\"eb-pricebox-feature-item\" data-icon=\"fas fa-check\" data-color=\"rgba(245,110,71,1)\" data-clickable=\"false\" data-link=\"\"><i class=\"fas fa-check eb-pricebox-icon\" icon=\"fas fa-check\" style=\"color:rgba(245,110,71,1)\"><\/i><span class=\"eb-pricebox-feature-text\">Um (1) servi\u00e7o de certifica\u00e7\u00e3o de diploma de enfermagem profissional <\/span><\/li><li class=\"eb-pricebox-feature-item\" data-icon=\"fas fa-check\" data-color=\"rgba(245,110,71,1)\" data-clickable=\"false\" data-link=\"\"><i class=\"fas fa-check eb-pricebox-icon\" icon=\"fas fa-check\" style=\"color:rgba(245,110,71,1)\"><\/i><span class=\"eb-pricebox-feature-text\">Um (1) servi\u00e7o de tradu\u00e7\u00e3o de diploma de enfermagem profissional para certifica\u00e7\u00e3o <\/span><\/li><li class=\"eb-pricebox-feature-item\" data-icon=\"fas fa-check\" data-color=\"rgba(245,110,71,1)\" data-clickable=\"false\" data-link=\"\"><i class=\"fas fa-check eb-pricebox-icon\" icon=\"fas fa-check\" style=\"color:rgba(245,110,71,1)\"><\/i><span class=\"eb-pricebox-feature-text\">Um (1) servi\u00e7o de certifica\u00e7\u00e3o em um Conselho de Enfermagem americano <\/span><\/li><li class=\"eb-pricebox-feature-item\" data-icon=\"fas fa-check\" data-color=\"rgba(245,110,71,1)\" data-clickable=\"false\" data-link=\"\"><i class=\"fas fa-check eb-pricebox-icon\" icon=\"fas fa-check\" style=\"color:rgba(245,110,71,1)\"><\/i><span class=\"eb-pricebox-feature-text\">Vinte e quatro (24) semanas do programa bil\u00edngue de revis\u00e3o preliminar para NCLEX-RN do Nash Institute <\/span><\/li><li class=\"eb-pricebox-feature-item\" data-icon=\"fas fa-check\" data-color=\"rgba(245,110,71,1)\"><i class=\"fas fa-check eb-pricebox-icon\" icon=\"fas fa-check\" style=\"color:rgba(245,110,71,1)\"><\/i><span class=\"eb-pricebox-feature-text\">Vinte e quatro (24) semanas do programa de revis\u00e3o do Nash Institute NCLEX-RN somente em ingl\u00eas<\/span><\/li><\/ul><\/div><div class=\"eb-pricing-footer\" data-icon=\"\"><div class=\"eb-pricing-button-wrapper\"><a href=\"https:\/\/advisory.nashgroup.com\/pt-br\/servico-completo-sem-ingles-com-financiamento-de-17-meses\/\" class=\"eb-pricing-button\"><span class=\"dashicon dashicons dashicons-\"><\/span><span class=\"eb-button-text\">Mais informa\u00e7\u00f5es<\/span><\/a><\/div><\/div><\/div><\/div><\/div><\/div><\/div>\n<\/div>\n\n\n\n<div class=\"wp-block-column is-layout-flow wp-block-column-is-layout-flow\">\n<div class=\"wp-block-price-table-block-pricing-table\"><div class=\"eb-parent-wrapper eb-parent-eb-pricing-6iqr4h1 \"><div class=\"eb-pricing-6iqr4h1 eb-pricing-wrapper eb-pricing-content-center\"><div class=\"eb-pricing style-2\"><div class=\"eb-pricing-item featured ribbon-2 right\"><div class=\"eb-pricing-item-overlay\"><\/div><div class=\"eb-pricing-header\"><h2 class=\"eb-pricing-title\">Pagamento \u00e0 vista<\/h2><span class=\"eb-pricing-subtitle\">&#8211;<\/span><\/div><div class=\"eb-pricing-tag\"><span class=\"price-tag\"><span class=\"original-price\" data-price=\"\"><span class=\"price-currency\">$3,700<\/span><\/span><\/span><span class=\"price-period\" data-period-separator=\"\" data-price-period=\"\"> <\/span><\/div><div class=\"eb-pricing-body\"><ul class=\"eb-pricebox-features \"><li class=\"eb-pricebox-feature-item\" data-icon=\"fas fa-check\" data-color=\"rgba(245,110,71,1)\" data-clickable=\"false\" data-link=\"\"><i class=\"fas fa-check eb-pricebox-icon\" icon=\"fas fa-check\" style=\"color:rgba(245,110,71,1)\"><\/i><span class=\"eb-pricebox-feature-text\">Um (1) servi\u00e7o de certifica\u00e7\u00e3o de diploma de enfermagem profissional <\/span><\/li><li class=\"eb-pricebox-feature-item\" data-icon=\"fas fa-check\" data-color=\"rgba(245,110,71,1)\" data-clickable=\"false\" data-link=\"\"><i class=\"fas fa-check eb-pricebox-icon\" icon=\"fas fa-check\" style=\"color:rgba(245,110,71,1)\"><\/i><span class=\"eb-pricebox-feature-text\">Um (1) servi\u00e7o de tradu\u00e7\u00e3o de diploma de enfermagem profissional para certifica\u00e7\u00e3o <\/span><\/li><li class=\"eb-pricebox-feature-item\" data-icon=\"fas fa-check\" data-color=\"rgba(245,110,71,1)\" data-clickable=\"false\" data-link=\"\"><i class=\"fas fa-check eb-pricebox-icon\" icon=\"fas fa-check\" style=\"color:rgba(245,110,71,1)\"><\/i><span class=\"eb-pricebox-feature-text\">Um (1) servi\u00e7o de certifica\u00e7\u00e3o em um Conselho de Enfermagem americano <\/span><\/li><li class=\"eb-pricebox-feature-item\" data-icon=\"fas fa-check\" data-color=\"rgba(245,110,71,1)\"><i class=\"fas fa-check eb-pricebox-icon\" icon=\"fas fa-check\" style=\"color:rgba(245,110,71,1)\"><\/i><span class=\"eb-pricebox-feature-text\">Vinte e quatro (24) semanas do programa bil\u00edngue de revis\u00e3o preliminar para NCLEX-RN do Nash Institute <\/span><\/li><li class=\"eb-pricebox-feature-item\" data-icon=\"fas fa-check\" data-color=\"rgba(245,110,71,1)\"><i class=\"fas fa-check eb-pricebox-icon\" icon=\"fas fa-check\" style=\"color:rgba(245,110,71,1)\"><\/i><span class=\"eb-pricebox-feature-text\">Vinte e quatro (24) semanas do programa de revis\u00e3o do Nash Institute NCLEX-RN somente em ingl\u00eas<\/span><\/li><\/ul><\/div><div class=\"eb-pricing-footer\" data-icon=\"\"><div class=\"eb-pricing-button-wrapper\"><a href=\"https:\/\/advisory.nashgroup.com\/pt-br\/servico-completo-sem-ingles-pagamento-em-dinheiro\/\" class=\"eb-pricing-button\"><span class=\"dashicon dashicons dashicons-\"><\/span><span class=\"eb-button-text\">Mais informa\u00e7\u00f5es<\/span><\/a><\/div><\/div><\/div><\/div><\/div><\/div><\/div>\n<\/div>\n\n\n\n<div class=\"wp-block-column is-layout-flow wp-block-column-is-layout-flow\" style=\"flex-basis:10%\"><\/div>\n<\/div>\n\n\n\n<div style=\"height:50px\" aria-hidden=\"true\" class=\"wp-block-spacer\"><\/div>\n\n\n\n<h1 class=\"wp-block-heading has-text-align-center\">Instituto Nash<\/h1>\n\n\n\n<div class=\"wp-block-columns is-layout-flex wp-container-core-columns-is-layout-9d6595d7 wp-block-columns-is-layout-flex\">\n<div class=\"wp-block-column is-layout-flow wp-block-column-is-layout-flow\"><\/div>\n\n\n\n<div class=\"wp-block-column is-layout-flow wp-block-column-is-layout-flow\">\n<div class=\"wp-block-price-table-block-pricing-table\"><div class=\"eb-parent-wrapper eb-parent-eb-pricing-6j18ee7 \"><div class=\"eb-pricing-6j18ee7 eb-pricing-wrapper eb-pricing-content-center\"><div class=\"eb-pricing style-2\"><div class=\"eb-pricing-item featured ribbon-2 right\"><div class=\"eb-pricing-item-overlay\"><\/div><div class=\"eb-pricing-header\"><h2 class=\"eb-pricing-title\">Pagamento \u00e0 vista<\/h2><span class=\"eb-pricing-subtitle\">&#8211;<\/span><\/div><div class=\"eb-pricing-tag\"><span class=\"price-tag\"><span class=\"original-price\" data-price=\"\"><span class=\"price-currency\">$800<\/span><\/span><\/span><span class=\"price-period\" data-period-separator=\"\" data-price-period=\"\"> <\/span><\/div><div class=\"eb-pricing-body\"><ul class=\"eb-pricebox-features \"><li class=\"eb-pricebox-feature-item\" data-icon=\"fas fa-check\" data-color=\"rgba(245,110,71,1)\" data-clickable=\"false\" data-link=\"\"><i class=\"fas fa-check eb-pricebox-icon\" icon=\"fas fa-check\" style=\"color:rgba(245,110,71,1)\"><\/i><span class=\"eb-pricebox-feature-text\">Vinte e quatro (24) semanas do programa de revis\u00e3o do Nash Institute NCLEX-RN somente em ingl\u00eas <\/span><\/li><li class=\"eb-pricebox-feature-item\" data-icon=\"fas fa-check\" data-color=\"rgba(245,110,71,1)\" data-clickable=\"false\" data-link=\"\"><i class=\"fas fa-check eb-pricebox-icon\" icon=\"fas fa-check\" style=\"color:rgba(245,110,71,1)\"><\/i><span class=\"eb-pricebox-feature-text\">Um (1) ano de ArcherReview\u2122 Next-Gen NCLEX RN Rapid Review Combo OnDemand + Qbank <\/span><\/li><li class=\"eb-pricebox-feature-item\" data-icon=\"fas fa-check\" data-color=\"rgba(245,110,71,1)\"><i class=\"fas fa-check eb-pricebox-icon\" icon=\"fas fa-check\" style=\"color:rgba(245,110,71,1)\"><\/i><span class=\"eb-pricebox-feature-text\">Um (1) Saunders Comprehensive Review for the NCLEX-RN\u00ae Examination \u2013 vers\u00e3o web <\/span><\/li><\/ul><\/div><div class=\"eb-pricing-footer\" data-icon=\"\"><div class=\"eb-pricing-button-wrapper\"><a href=\"https:\/\/advisory.nashgroup.com\/pt-br\/pagamento-em-dinheiro-do-instituto-nash\/\" class=\"eb-pricing-button\"><span class=\"dashicon dashicons dashicons-\"><\/span><span class=\"eb-button-text\">Mais informa\u00e7\u00f5es<\/span><\/a><\/div><\/div><\/div><\/div><\/div><\/div><\/div>\n<\/div>\n\n\n\n<div class=\"wp-block-column is-layout-flow wp-block-column-is-layout-flow\"><\/div>\n<\/div>\n\n\n\n<div style=\"height:50px\" aria-hidden=\"true\" class=\"wp-block-spacer\"><\/div>\n\n\n\n<h1 class=\"wp-block-heading has-text-align-center\">Ingl\u00eas com BSR<\/h1>\n\n\n\n<div class=\"wp-block-columns is-layout-flex wp-container-core-columns-is-layout-9d6595d7 wp-block-columns-is-layout-flex\">\n<div class=\"wp-block-column is-layout-flow wp-block-column-is-layout-flow\"><\/div>\n\n\n\n<div class=\"wp-block-column is-layout-flow wp-block-column-is-layout-flow\">\n<div class=\"wp-block-price-table-block-pricing-table\"><div class=\"eb-parent-wrapper eb-parent-eb-pricing-x77ak4w \"><div class=\"eb-pricing-x77ak4w eb-pricing-wrapper eb-pricing-content-center\"><div class=\"eb-pricing style-2\"><div class=\"eb-pricing-item featured ribbon-2 right\"><div class=\"eb-pricing-item-overlay\"><\/div><div class=\"eb-pricing-header\"><h2 class=\"eb-pricing-title\">Pagamento \u00e0 vista<\/h2><span class=\"eb-pricing-subtitle\">&#8211;<\/span><\/div><div class=\"eb-pricing-tag\"><span class=\"price-tag\"><span class=\"original-price\" data-price=\"\"><span class=\"price-currency\">$1,000<\/span><\/span><\/span><span class=\"price-period\" data-period-separator=\"\" data-price-period=\"\"> <\/span><\/div><div class=\"eb-pricing-body\"><ul class=\"eb-pricebox-features \"><li class=\"eb-pricebox-feature-item\" data-icon=\"fas fa-check\" data-color=\"rgba(245,110,71,1)\" data-clickable=\"false\" data-link=\"\"><i class=\"fas fa-check eb-pricebox-icon\" icon=\"fas fa-check\" style=\"color:rgba(245,110,71,1)\"><\/i><span class=\"eb-pricebox-feature-text\">Dezoito (18) meses de prepara\u00e7\u00e3o intensiva de Ingl\u00eas com a BSR Idiomas <\/span><\/li><\/ul><\/div><div class=\"eb-pricing-footer\" data-icon=\"\"><div class=\"eb-pricing-button-wrapper\"><a href=\"https:\/\/advisory.nashgroup.com\/pt-br\/ingles-bsr\/\" class=\"eb-pricing-button\"><span class=\"dashicon dashicons dashicons-\"><\/span><span class=\"eb-button-text\">Mais informa\u00e7\u00f5es<\/span><\/a><\/div><\/div><\/div><\/div><\/div><\/div><\/div>\n<\/div>\n\n\n\n<div class=\"wp-block-column is-layout-flow wp-block-column-is-layout-flow\"><\/div>\n<\/div>\n<\/div><\/div>\n","protected":false},"excerpt":{"rendered":"<p>Certifique seu diploma de enfermagem nos EUA Servi\u00e7o completo Servi\u00e7o completo sem Ingl\u00eas Instituto Nash Ingl\u00eas com BSR<\/p>\n","protected":false},"author":1,"featured_media":0,"parent":0,"menu_order":0,"comment_status":"closed","ping_status":"closed","template":"","meta":{"_eb_attr":"","footnotes":""},"class_list":["post-968","page","type-page","status-publish","hentry"],"_links":{"self":[{"href":"https:\/\/advisory.nashgroup.com\/pt-br\/wp-json\/wp\/v2\/pages\/968","targetHints":{"allow":["GET"]}}],"collection":[{"href":"https:\/\/advisory.nashgroup.com\/pt-br\/wp-json\/wp\/v2\/pages"}],"about":[{"href":"https:\/\/advisory.nashgroup.com\/pt-br\/wp-json\/wp\/v2\/types\/page"}],"author":[{"embeddable":true,"href":"https:\/\/advisory.nashgroup.com\/pt-br\/wp-json\/wp\/v2\/users\/1"}],"replies":[{"embeddable":true,"href":"https:\/\/advisory.nashgroup.com\/pt-br\/wp-json\/wp\/v2\/comments?post=968"}],"version-history":[{"count":9,"href":"https:\/\/advisory.nashgroup.com\/pt-br\/wp-json\/wp\/v2\/pages\/968\/revisions"}],"predecessor-version":[{"id":1050,"href":"https:\/\/advisory.nashgroup.com\/pt-br\/wp-json\/wp\/v2\/pages\/968\/revisions\/1050"}],"wp:attachment":[{"href":"https:\/\/advisory.nashgroup.com\/pt-br\/wp-json\/wp\/v2\/media?parent=968"}],"curies":[{"name":"wp","href":"https:\/\/api.w.org\/{rel}","templated":true}]}}