{"id":1471,"date":"2025-06-26T13:31:38","date_gmt":"2025-06-26T19:31:38","guid":{"rendered":"https:\/\/advisory.nashgroup.com\/product\/servico-completo-4500\/"},"modified":"2025-06-27T09:52:33","modified_gmt":"2025-06-27T15:52:33","slug":"servico-completo-4500","status":"publish","type":"product","link":"https:\/\/advisory.nashgroup.com\/pt-br\/product\/servico-completo-4500\/","title":{"rendered":"Servi\u00e7o completo 4500"},"content":{"rendered":"<p>Ele inclui:<\/p>\n<ul>\n<li>Um (1) comprovante de diploma de enfermagem profissional<\/li>\n<li>Um (1) servi\u00e7o de tradu\u00e7\u00e3o de diploma de enfermagem profissional para verifica\u00e7\u00e3o<\/li>\n<li>Um (1) Servi\u00e7o de Certifica\u00e7\u00e3o do Conselho de Enfermagem<\/li>\n<li>Vinte e quatro (24) semanas do programa bil\u00edngue de revis\u00e3o preliminar do NCLEX-RN do Nash Institute<\/li>\n<li>Vinte e quatro (24) semanas de programa de revis\u00e3o do Nash Institute NCLEX-RN somente em ingl\u00eas<\/li>\n<li>Um (1) ano de ArcherReview\u2122 Next-Gen NCLEX RN Rapid Review Combo OnDemand + Qbank<\/li>\n<li>Um (1) exame Saunders Comprehensive Review for the NCLEX-RN\u00ae Examination &#8211; vers\u00e3o web<\/li>\n<li>Um (1) teste para o exame NCLEX-RN<\/li>\n<li>Dezoito (18) meses de prepara\u00e7\u00e3o intensiva de ingl\u00eas com a BSR Idiomas<\/li>\n<li>Um (1) teste de exame de profici\u00eancia em ingl\u00eas: TOEFL ou OET<\/li>\n<li>Servi\u00e7os de consultoria<\/li>\n<\/ul>\n","protected":false},"excerpt":{"rendered":"<ul>\n<li>Um (1) comprovante de diploma de enfermagem profissional<\/li>\n<li>Um (1) servi\u00e7o de tradu\u00e7\u00e3o de diploma de enfermagem profissional para verifica\u00e7\u00e3o<\/li>\n<li>Um (1) Servi\u00e7o de Certifica\u00e7\u00e3o do Conselho de Enfermagem<\/li>\n<li>Vinte e quatro (24) semanas do programa bil\u00edngue de revis\u00e3o preliminar do NCLEX-RN do Nash Institute<\/li>\n<li>Vinte e quatro (24) semanas de programa de revis\u00e3o do Nash Institute NCLEX-RN somente em ingl\u00eas<\/li>\n<li>Um (1) ano de ArcherReview\u2122 Next-Gen NCLEX RN Rapid Review Combo OnDemand + Qbank<\/li>\n<li>Um (1) exame Saunders Comprehensive Review for the NCLEX-RN\u00ae Examination &#8211; vers\u00e3o web<\/li>\n<li>Um (1) teste para o exame NCLEX-RN<\/li>\n<li>Dezoito (18) meses de prepara\u00e7\u00e3o intensiva de ingl\u00eas com a BSR Idiomas<\/li>\n<li>Um (1) teste de exame de profici\u00eancia em ingl\u00eas: TOEFL ou OET<\/li>\n<li>Servi\u00e7os de consultoria<\/li>\n<\/ul>\n","protected":false},"featured_media":1474,"comment_status":"open","ping_status":"closed","template":"","meta":{"_eb_attr":""},"product_brand":[],"product_cat":[33],"product_tag":[],"class_list":{"0":"post-1471","1":"product","2":"type-product","3":"status-publish","4":"has-post-thumbnail","6":"product_cat-consultivo","8":"first","9":"instock","10":"virtual","11":"purchasable","12":"product-type-simple"},"_links":{"self":[{"href":"https:\/\/advisory.nashgroup.com\/pt-br\/wp-json\/wp\/v2\/product\/1471","targetHints":{"allow":["GET"]}}],"collection":[{"href":"https:\/\/advisory.nashgroup.com\/pt-br\/wp-json\/wp\/v2\/product"}],"about":[{"href":"https:\/\/advisory.nashgroup.com\/pt-br\/wp-json\/wp\/v2\/types\/product"}],"replies":[{"embeddable":true,"href":"https:\/\/advisory.nashgroup.com\/pt-br\/wp-json\/wp\/v2\/comments?post=1471"}],"wp:featuredmedia":[{"embeddable":true,"href":"https:\/\/advisory.nashgroup.com\/pt-br\/wp-json\/wp\/v2\/media\/1474"}],"wp:attachment":[{"href":"https:\/\/advisory.nashgroup.com\/pt-br\/wp-json\/wp\/v2\/media?parent=1471"}],"wp:term":[{"taxonomy":"product_brand","embeddable":true,"href":"https:\/\/advisory.nashgroup.com\/pt-br\/wp-json\/wp\/v2\/product_brand?post=1471"},{"taxonomy":"product_cat","embeddable":true,"href":"https:\/\/advisory.nashgroup.com\/pt-br\/wp-json\/wp\/v2\/product_cat?post=1471"},{"taxonomy":"product_tag","embeddable":true,"href":"https:\/\/advisory.nashgroup.com\/pt-br\/wp-json\/wp\/v2\/product_tag?post=1471"}],"curies":[{"name":"wp","href":"https:\/\/api.w.org\/{rel}","templated":true}]}}