{"id":1498,"date":"2025-06-27T09:57:01","date_gmt":"2025-06-27T15:57:01","guid":{"rendered":"https:\/\/advisory.nashgroup.com\/product\/ingles\/"},"modified":"2025-06-27T09:59:37","modified_gmt":"2025-06-27T15:59:37","slug":"ingles","status":"publish","type":"product","link":"https:\/\/advisory.nashgroup.com\/pt-br\/product\/ingles\/","title":{"rendered":"Ingl\u00eas"},"content":{"rendered":"<p>Ele inclui:<\/p>\n<ul>\n<li>Dezoito (18) meses de prepara\u00e7\u00e3o intensiva de ingl\u00eas com a BSR Idiomas<\/li>\n<\/ul>\n","protected":false},"excerpt":{"rendered":"<p>Ele inclui:<\/p>\n<ul>\n<li>Dezoito (18) meses de prepara\u00e7\u00e3o intensiva de ingl\u00eas com a BSR Idiomas<\/li>\n<\/ul>\n","protected":false},"featured_media":1500,"comment_status":"closed","ping_status":"closed","template":"","meta":{"_eb_attr":""},"product_brand":[],"product_cat":[30],"product_tag":[],"class_list":{"0":"post-1498","1":"product","2":"type-product","3":"status-publish","4":"has-post-thumbnail","6":"product_cat-sem-categoria","8":"first","9":"instock","10":"virtual","11":"purchasable","12":"product-type-simple"},"_links":{"self":[{"href":"https:\/\/advisory.nashgroup.com\/pt-br\/wp-json\/wp\/v2\/product\/1498","targetHints":{"allow":["GET"]}}],"collection":[{"href":"https:\/\/advisory.nashgroup.com\/pt-br\/wp-json\/wp\/v2\/product"}],"about":[{"href":"https:\/\/advisory.nashgroup.com\/pt-br\/wp-json\/wp\/v2\/types\/product"}],"replies":[{"embeddable":true,"href":"https:\/\/advisory.nashgroup.com\/pt-br\/wp-json\/wp\/v2\/comments?post=1498"}],"wp:featuredmedia":[{"embeddable":true,"href":"https:\/\/advisory.nashgroup.com\/pt-br\/wp-json\/wp\/v2\/media\/1500"}],"wp:attachment":[{"href":"https:\/\/advisory.nashgroup.com\/pt-br\/wp-json\/wp\/v2\/media?parent=1498"}],"wp:term":[{"taxonomy":"product_brand","embeddable":true,"href":"https:\/\/advisory.nashgroup.com\/pt-br\/wp-json\/wp\/v2\/product_brand?post=1498"},{"taxonomy":"product_cat","embeddable":true,"href":"https:\/\/advisory.nashgroup.com\/pt-br\/wp-json\/wp\/v2\/product_cat?post=1498"},{"taxonomy":"product_tag","embeddable":true,"href":"https:\/\/advisory.nashgroup.com\/pt-br\/wp-json\/wp\/v2\/product_tag?post=1498"}],"curies":[{"name":"wp","href":"https:\/\/api.w.org\/{rel}","templated":true}]}}