{"id":1536,"date":"2025-06-27T10:21:27","date_gmt":"2025-06-27T16:21:27","guid":{"rendered":"https:\/\/advisory.nashgroup.com\/product\/primeiro-pagamento-servico-completo-23-meses\/"},"modified":"2025-06-27T10:23:49","modified_gmt":"2025-06-27T16:23:49","slug":"primeiro-pagamento-servico-completo-23-meses","status":"publish","type":"product","link":"https:\/\/advisory.nashgroup.com\/pt-br\/product\/primeiro-pagamento-servico-completo-23-meses\/","title":{"rendered":"Primeiro pagamento &#8211; Servi\u00e7o completo 23 meses"},"content":{"rendered":"<p>Inclui:<\/p>\n<ul>\n<li>Um (1) comprovante de diploma de enfermagem profissional<\/li>\n<li>Um (1) servi\u00e7o de tradu\u00e7\u00e3o de diploma de enfermagem profissional para verifica\u00e7\u00e3o<\/li>\n<li>Um (1) Servi\u00e7o de Certifica\u00e7\u00e3o do Conselho de Enfermagem<\/li>\n<li>Vinte e quatro (24) semanas Revis\u00e3o preliminar do programa bil\u00edngue NCLEX-RN do Nash Institute<\/li>\n<li>Vinte e quatro (24) semanas do programa bil\u00edngue de revis\u00e3o preliminar do NCLEX-RN do Nash Institute<\/li>\n<li>Um (1) ano de ArcherReview\u2122 Next-Gen NCLEX RN Rapid Review Combo OnDemand + Qbank<\/li>\n<li>Um (1) exame Saunders Comprehensive Review for the NCLEX-RN\u00ae Examination &#8211; vers\u00e3o web<\/li>\n<li>Um (1) teste NCLEX-RN<\/li>\n<li>Dezoito (18) meses de prepara\u00e7\u00e3o intensiva para o idioma ingl\u00eas com a BSR Idiomas<\/li>\n<li>Um (1) exame de profici\u00eancia em ingl\u00eas: TOEFL ou OET<\/li>\n<li>Servi\u00e7os de consultoria<\/li>\n<\/ul>\n","protected":false},"excerpt":{"rendered":"<ul>\n<li>Um (1) comprovante de diploma de enfermagem profissional<\/li>\n<li>Um (1) servi\u00e7o de tradu\u00e7\u00e3o de diploma de enfermagem profissional para verifica\u00e7\u00e3o<\/li>\n<li>Um (1) Servi\u00e7o de Certifica\u00e7\u00e3o do Conselho de Enfermagem<\/li>\n<li>Vinte e quatro (24) semanas Revis\u00e3o preliminar do programa bil\u00edngue NCLEX-RN do Nash Institute<\/li>\n<li>Vinte e quatro (24) semanas do programa bil\u00edngue de revis\u00e3o preliminar do NCLEX-RN do Nash Institute<\/li>\n<li>Um (1) ano de ArcherReview\u2122 Next-Gen NCLEX RN Rapid Review Combo OnDemand + Qbank<\/li>\n<li>Um (1) exame Saunders Comprehensive Review for the NCLEX-RN\u00ae Examination &#8211; vers\u00e3o web<\/li>\n<li>Um (1) teste NCLEX-RN<\/li>\n<li>Dezoito (18) meses de prepara\u00e7\u00e3o intensiva para o idioma ingl\u00eas com a BSR Idiomas<\/li>\n<li>Um (1) exame de profici\u00eancia em ingl\u00eas: TOEFL ou OET<\/li>\n<li>Servi\u00e7os de consultoria<\/li>\n<\/ul>\n","protected":false},"featured_media":1538,"comment_status":"closed","ping_status":"closed","template":"","meta":{"_eb_attr":""},"product_brand":[],"product_cat":[30],"product_tag":[],"class_list":{"0":"post-1536","1":"product","2":"type-product","3":"status-publish","4":"has-post-thumbnail","6":"product_cat-sem-categoria","8":"first","9":"instock","10":"virtual","11":"purchasable","12":"product-type-simple"},"_links":{"self":[{"href":"https:\/\/advisory.nashgroup.com\/pt-br\/wp-json\/wp\/v2\/product\/1536","targetHints":{"allow":["GET"]}}],"collection":[{"href":"https:\/\/advisory.nashgroup.com\/pt-br\/wp-json\/wp\/v2\/product"}],"about":[{"href":"https:\/\/advisory.nashgroup.com\/pt-br\/wp-json\/wp\/v2\/types\/product"}],"replies":[{"embeddable":true,"href":"https:\/\/advisory.nashgroup.com\/pt-br\/wp-json\/wp\/v2\/comments?post=1536"}],"wp:featuredmedia":[{"embeddable":true,"href":"https:\/\/advisory.nashgroup.com\/pt-br\/wp-json\/wp\/v2\/media\/1538"}],"wp:attachment":[{"href":"https:\/\/advisory.nashgroup.com\/pt-br\/wp-json\/wp\/v2\/media?parent=1536"}],"wp:term":[{"taxonomy":"product_brand","embeddable":true,"href":"https:\/\/advisory.nashgroup.com\/pt-br\/wp-json\/wp\/v2\/product_brand?post=1536"},{"taxonomy":"product_cat","embeddable":true,"href":"https:\/\/advisory.nashgroup.com\/pt-br\/wp-json\/wp\/v2\/product_cat?post=1536"},{"taxonomy":"product_tag","embeddable":true,"href":"https:\/\/advisory.nashgroup.com\/pt-br\/wp-json\/wp\/v2\/product_tag?post=1536"}],"curies":[{"name":"wp","href":"https:\/\/api.w.org\/{rel}","templated":true}]}}