{"id":1545,"date":"2025-06-27T10:27:32","date_gmt":"2025-06-27T15:27:32","guid":{"rendered":"https:\/\/advisory.nashgroup.com\/product\/primeiro-pagamento-certificacao-de-17-meses-sem-ingles\/"},"modified":"2026-04-10T10:14:03","modified_gmt":"2026-04-10T15:14:03","slug":"primeiro-pagamento-certificacao-de-17-meses-sem-ingles","status":"publish","type":"product","link":"https:\/\/advisory.nashgroup.com\/pt-br\/product\/primeiro-pagamento-certificacao-de-17-meses-sem-ingles\/","title":{"rendered":"Primeiro pagamento &#8211; Certifica\u00e7\u00e3o de 17 meses sem ingl\u00eas"},"content":{"rendered":"<p>Inclui:<\/p>\n<ul>\n<li>Um (1) comprovante de diploma de enfermagem profissional<\/li>\n<li>Um (1) servi\u00e7o de tradu\u00e7\u00e3o de diploma de enfermagem profissional para verifica\u00e7\u00e3o<\/li>\n<li>Um (1) Servi\u00e7o de Certifica\u00e7\u00e3o do Conselho de Enfermagem<\/li>\n<li>Vinte e quatro (24) semanas Revis\u00e3o preliminar do programa bil\u00edngue NCLEX-RN do Nash Institute<\/li>\n<li>Vinte e quatro (24) semanas do programa bil\u00edngue de revis\u00e3o preliminar do NCLEX-RN do Nash Institute<\/li>\n<li>Um (1) ano de ArcherReview\u2122 Next-Gen NCLEX RN Rapid Review Combo OnDemand + Qbank<\/li>\n<li>Um (1) exame Saunders Comprehensive Review for the NCLEX-RN\u00ae Examination &#8211; vers\u00e3o web<\/li>\n<li>Um (1) teste NCLEX-RN<\/li>\n<li>Servi\u00e7os de consultoria<\/li>\n<\/ul>\n","protected":false},"excerpt":{"rendered":"<ul>\n<li>Um (1) comprovante de diploma de enfermagem profissional<\/li>\n<li>Um (1) servi\u00e7o de tradu\u00e7\u00e3o de diploma de enfermagem profissional para verifica\u00e7\u00e3o<\/li>\n<li>Um (1) Servi\u00e7o de Certifica\u00e7\u00e3o do Conselho de Enfermagem<\/li>\n<li>Vinte e quatro (24) semanas Revis\u00e3o preliminar do programa bil\u00edngue NCLEX-RN do Nash Institute<\/li>\n<li>Vinte e quatro (24) semanas do programa bil\u00edngue de revis\u00e3o preliminar do NCLEX-RN do Nash Institute<\/li>\n<li>Um (1) ano de ArcherReview\u2122 Next-Gen NCLEX RN Rapid Review Combo OnDemand + Qbank<\/li>\n<li>Um (1) exame Saunders Comprehensive Review for the NCLEX-RN\u00ae Examination &#8211; vers\u00e3o web<\/li>\n<li>Um (1) teste NCLEX-RN<\/li>\n<li>Servi\u00e7os de consultoria<\/li>\n<\/ul>\n","protected":false},"featured_media":1538,"comment_status":"closed","ping_status":"closed","template":"","meta":{"_eb_attr":""},"product_brand":[],"product_cat":[33],"product_tag":[],"class_list":{"0":"post-1545","1":"product","2":"type-product","3":"status-publish","4":"has-post-thumbnail","6":"product_cat-consultivo","8":"first","9":"instock","10":"virtual","11":"purchasable","12":"product-type-simple"},"_links":{"self":[{"href":"https:\/\/advisory.nashgroup.com\/pt-br\/wp-json\/wp\/v2\/product\/1545","targetHints":{"allow":["GET"]}}],"collection":[{"href":"https:\/\/advisory.nashgroup.com\/pt-br\/wp-json\/wp\/v2\/product"}],"about":[{"href":"https:\/\/advisory.nashgroup.com\/pt-br\/wp-json\/wp\/v2\/types\/product"}],"replies":[{"embeddable":true,"href":"https:\/\/advisory.nashgroup.com\/pt-br\/wp-json\/wp\/v2\/comments?post=1545"}],"wp:featuredmedia":[{"embeddable":true,"href":"https:\/\/advisory.nashgroup.com\/pt-br\/wp-json\/wp\/v2\/media\/1538"}],"wp:attachment":[{"href":"https:\/\/advisory.nashgroup.com\/pt-br\/wp-json\/wp\/v2\/media?parent=1545"}],"wp:term":[{"taxonomy":"product_brand","embeddable":true,"href":"https:\/\/advisory.nashgroup.com\/pt-br\/wp-json\/wp\/v2\/product_brand?post=1545"},{"taxonomy":"product_cat","embeddable":true,"href":"https:\/\/advisory.nashgroup.com\/pt-br\/wp-json\/wp\/v2\/product_cat?post=1545"},{"taxonomy":"product_tag","embeddable":true,"href":"https:\/\/advisory.nashgroup.com\/pt-br\/wp-json\/wp\/v2\/product_tag?post=1545"}],"curies":[{"name":"wp","href":"https:\/\/api.w.org\/{rel}","templated":true}]}}